{"id":88,"date":"2019-06-19T11:17:22","date_gmt":"2019-06-19T09:17:22","guid":{"rendered":"http:\/\/www.ests.uca.ma\/?page_id=88"},"modified":"2024-04-05T12:21:32","modified_gmt":"2024-04-05T10:21:32","slug":"licence-pro-duniversite-gcf","status":"publish","type":"page","link":"https:\/\/www.ests.uca.ma\/?page_id=88","title":{"rendered":"LICENCE PRO D\u2019UNIVERSIT\u00c9 EN GESTION COMPTABLE ET FINANCI\u00c8RE (GCF)"},"content":{"rendered":"<div class=\"content-title\">\n<h1 class=\"col-xs-12 col-sm-12 col-md-12 color-2\" style=\"text-align: justify;\">LICENCE PROFESSIONNELLE UNIVERSIT\u00c9 EN GESTION COMPTABLE ET FINANCI\u00c8RE<\/h1>\n<\/div>\n<div class=\"details-info\" style=\"text-align: justify;\"><\/div>\n<p style=\"text-align: center;\"><span style=\"font-size: 24pt; color: #333399; font-family: impact, sans-serif;\">Inscription ouverte pour l&rsquo;ann\u00e9e universitaire 2024-2025<\/span><\/p>\n<p style=\"text-align: justify;\"><em><span style=\"font-size: 18pt; color: #3366ff;\"><strong>Comp\u00e9tences vis\u00e9es<\/strong><\/span><\/em><\/p>\n<p style=\"text-align: justify;\">La licence professionnelle en comptabilit\u00e9 et finance d\u2019entreprise permet aux candidats d\u2019exercer des fonctions de responsabilit\u00e9 dans le domaine de la gestion\u00a0des entreprises priv\u00e9es ou publiques, des organisations, des banques, des assurances, des collectivit\u00e9s locales et territoriales et ce dans les domaines de\u00a0comptabilit\u00e9, finance, gestion des ressources humaines, contr\u00f4le de gestion\u2026<\/p>\n<p style=\"text-align: justify;\"><em><span style=\"color: #3366ff; font-size: 18pt;\"><strong>Objectifs de la formation<\/strong><\/span><\/em><\/p>\n<p style=\"text-align: justify;\">L\u2019objectif de la licence professionnelle est de proposer une formation compl\u00e9mentaire dans le domaine de la comptabilit\u00e9 et de la finance des entreprises afin de permettre aux participants de ma\u00eetriser les principaux concepts, techniques et outils de gestion d\u2019une entreprise ou d\u2019un projet.\u00a0La formation permet \u00e9galement aux laur\u00e9ats de poursuivre leurs \u00e9tudes pour pr\u00e9parer des masters ou autres dipl\u00f4mes professionnalisant.<\/p>\n<p style=\"text-align: justify;\"><span style=\"font-size: 18pt; color: #3366ff;\"><em><strong>Public cible<\/strong><\/em><\/span><\/p>\n<p style=\"text-align: justify;\">Cette Licence Professionnelle d\u2019Universit\u00e9 est ouverte aux candidats ayant un niveau de formation :<\/p>\n<ul style=\"list-style-type: circle;\">\n<li style=\"text-align: justify;\">Bac + 2 ou plus<\/li>\n<li style=\"text-align: justify;\">Bac + 1, justifiant d\u2019au moins de deux ann\u00e9es d\u2019exp\u00e9riences professionnelles<\/li>\n<\/ul>\n<p style=\"text-align: justify;\">Cette formation est ouverte aux candidats titulaires de dipl\u00f4mes\u00a0 en gestion ou \u00e9conomie, en droit ou en sciences<\/p>\n<p style=\"text-align: justify;\"><em><span style=\"color: #3366ff; font-size: 18pt;\"><strong>Modalit\u00e9s<\/strong><\/span><\/em><\/p>\n<ul style=\"text-align: justify;\">\n<li><strong>Frais de dossier\u00a0: <span style=\"color: #000080;\">300 dh<\/span><\/strong> (non remboursables)<\/li>\n<li><strong>Co\u00fbt de la formation\u00a0: <span style=\"color: #000080;\">28\u00a0000 dh<\/span><\/strong><\/li>\n<li><strong>Modalit\u00e9s de paiement :<\/strong> 50% au d\u00e9but du 1<sup>er<\/sup>\u00a0semestre et 50% au d\u00e9but du 2<sup>\u00e8me<\/sup>\u00a0semestre.<\/li>\n<li><strong>Lieu de la formation\u00a0:<\/strong> EST de Safi<\/li>\n<li><strong>D\u00e9but de la formation : <span style=\"color: #000080;\">Janvier 2023<\/span><\/strong><\/li>\n<li><strong>S\u00e9lection\u00a0:<\/strong> analyse du dossier de candidature + entretien\u00a0 devant un jury compos\u00e9 de trois intervenants dans la formation.<\/li>\n<li><strong>\u00c9valuation :<\/strong> Travaux individuels et\/ou collectifs, examens, soutenance orale d\u2019un m\u00e9moire portant sur un stage professionnel<\/li>\n<li><strong>Dipl\u00f4me d\u00e9livr\u00e9\u00a0: <span style=\"color: #000080;\">Licence Professionnelle d\u2019Universit\u00e9<\/span><\/strong><\/li>\n<\/ul>\n<p style=\"text-align: justify;\"><span style=\"font-size: 18pt; color: #3366ff;\"><em><strong>Programme<\/strong><\/em><\/span><\/p>\n<p style=\"text-align: justify;\">Contenu p\u00e9dagogique<\/p>\n<p style=\"text-align: justify;\"><u>SEMESTRE I\u00a0<\/u><\/p>\n<table style=\"width: 100%; border-collapse: collapse; border-style: solid;\">\n<tbody>\n<tr>\n<td style=\"width: 16.6667%; background-color: #55efc4;\"><strong>Module 1<\/strong><\/td>\n<td style=\"width: 16.6667%; background-color: #55efc4;\"><strong>Module 2<\/strong><\/td>\n<td style=\"width: 16.6667%; background-color: #55efc4;\"><strong>Module 3<\/strong><\/td>\n<td style=\"width: 16.6667%; background-color: #55efc4;\"><strong>Module 4<\/strong><\/td>\n<td style=\"width: 16.6667%; background-color: #55efc4;\"><strong>Module 5<\/strong><\/td>\n<td style=\"width: 16.6667%; background-color: #55efc4;\"><strong>Module 6<\/strong><\/td>\n<\/tr>\n<tr>\n<td style=\"width: 16.6667%; background-color: #81ecec;\">Langues \u00e9trang\u00e8res ( Fran\u00e7ais\/Anglais) et culture<\/td>\n<td style=\"width: 16.6667%; background-color: #81ecec;\">Comptabilit\u00e9 et \u00e9conomie de l\u2019entreprise<\/td>\n<td style=\"width: 16.6667%; background-color: #81ecec;\">Fiscalit\u00e9 et Droit des affaires<\/td>\n<td style=\"width: 16.6667%; background-color: #81ecec;\">Informatique et analyse des donn\u00e9es<\/td>\n<td style=\"width: 16.6667%; background-color: #81ecec;\">Gestion commerciale et management des comp\u00e9tences<\/td>\n<td style=\"width: 16.6667%; background-color: #81ecec;\">Techniques de communication<\/td>\n<\/tr>\n<\/tbody>\n<\/table>\n<p style=\"text-align: justify;\"><u>SEMESTRE II\u00a0<\/u><\/p>\n<table style=\"width: 100%; border-collapse: collapse; border-style: solid;\">\n<tbody>\n<tr>\n<td style=\"width: 16.6667%; background-color: #55efc4;\"><strong>Module 7<\/strong><\/td>\n<td style=\"width: 16.6667%; background-color: #55efc4;\"><strong>Module 8<\/strong><\/td>\n<td style=\"width: 16.6667%; background-color: #55efc4;\"><strong>Module 9<\/strong><\/td>\n<td style=\"width: 16.6667%; background-color: #55efc4;\"><strong>Module 10<\/strong><\/td>\n<td style=\"width: 16.6667%; background-color: #55efc4;\"><strong>Module 11<\/strong><\/td>\n<td style=\"width: 16.6667%; background-color: #55efc4;\"><strong>Module 12<\/strong><\/td>\n<\/tr>\n<tr>\n<td style=\"width: 16.6667%; background-color: #81ecec;\">Management des projets et initiation \u00e0 la cr\u00e9ation d&rsquo;entreprise<\/td>\n<td style=\"width: 16.6667%; background-color: #81ecec;\">Contr\u00f4le de gestion et audit comptable et financier<\/td>\n<td style=\"width: 16.6667%; background-color: #81ecec;\">Diagnostic financier et techniques bancaires et financi\u00e8res<\/td>\n<td style=\"width: 16.6667%; background-color: #81ecec;\">Stage<\/td>\n<td style=\"width: 16.6667%; background-color: #81ecec;\">Stage<\/td>\n<td style=\"width: 16.6667%; background-color: #81ecec;\">Stage<\/td>\n<\/tr>\n<\/tbody>\n<\/table>\n<p>&nbsp;<\/p>\n<p><span style=\"font-size: 18pt; color: #3366ff;\"><em><strong>Contact<\/strong><\/em><\/span><\/p>\n<table class=\" alignleft\" style=\"width: 100%;\">\n<tbody>\n<tr>\n<td style=\"width: 9.40476%;\"><img loading=\"lazy\" decoding=\"async\" src=\"http:\/\/www.ests.uca.ma\/wp-content\/uploads\/2019\/07\/img_311846.png\" alt=\"\" width=\"50\" height=\"50\" \/><\/td>\n<td style=\"width: 90.5952%; text-align: left;\"><strong>Responsable de la formation\u00a0:<\/strong>\u00a0P<strong>r Khalil MOKHLIS<\/strong><\/td>\n<\/tr>\n<tr>\n<td style=\"width: 9.40476%;\"><img loading=\"lazy\" decoding=\"async\" src=\"http:\/\/www.ests.uca.ma\/wp-content\/uploads\/2019\/07\/img_346970.png\" alt=\"\" width=\"50\" height=\"50\" \/><\/td>\n<td style=\"width: 90.5952%; text-align: left;\">\n<p style=\"text-align: justify;\">06 70 09 97 01\u00a0 (<span style=\"color: #000080;\"><strong>Melle Naima\u00a0 DOUMALI<\/strong> <\/span>)<\/p>\n<\/td>\n<\/tr>\n<tr>\n<td style=\"width: 9.40476%;\"><img loading=\"lazy\" decoding=\"async\" src=\"http:\/\/www.ests.uca.ma\/wp-content\/uploads\/2019\/07\/home-house-main-page-building-address-location-2-2684.png\" alt=\"\" width=\"50\" height=\"50\" \/><\/td>\n<td style=\"width: 90.5952%; text-align: left;\"><strong>ECOLE SUP\u00c9RIEURE DE TECHNOLOGIE, Route Dar Si A\u00efssa, BP 89, SAFI<\/strong><\/td>\n<\/tr>\n<tr>\n<td style=\"width: 9.40476%;\"><img loading=\"lazy\" decoding=\"async\" src=\"http:\/\/www.ests.uca.ma\/wp-content\/uploads\/2019\/07\/58485698e0bb315b0f7675a8.png\" alt=\"\" width=\"50\" height=\"50\" \/><\/td>\n<td style=\"width: 90.5952%; text-align: left;\"><strong><a href=\"mailto:nai_doum@yahoo.fr\">nai_doum@yahoo.fr<\/a><\/strong>\u00a0\/\u00a0<strong>Kh_mokhlis@yahoo.<\/strong><\/td>\n<\/tr>\n<\/tbody>\n<\/table>\n<p>&nbsp;<\/p>\n<p style=\"text-align: justify;\"><span style=\"font-size: 18pt; color: #3366ff;\"><em><strong>Proc\u00e9dure \u00a0d\u2019inscription<\/strong><\/em><\/span><\/p>\n<p style=\"text-align: justify;\"><span style=\"color: #00ccff;\"><strong>Etape 1\u00a0:<\/strong> <\/span>Pr\u00e9 inscription en ligne (cette \u00e9tape n\u2019est pas obligatoire mais elle est tr\u00e8s utile)<\/p>\n<p style=\"text-align: justify;\"><span style=\"color: #00ccff;\"><strong>Etape 2\u00a0:<\/strong><\/span> Inscription au secr\u00e9tariat de la formation, en ramenant les pi\u00e8ces suivantes \u00e0 partir du mois de\u00a0 <span style=\"color: #008080;\">15 <strong>Septembre 2021<\/strong><\/span><\/p>\n<ul style=\"list-style-type: circle;\">\n<li style=\"text-align: justify;\">deux\u00a0 photos<\/li>\n<li style=\"text-align: justify;\">une demande d &lsquo;inscription<\/li>\n<li style=\"text-align: justify;\">un\u00a0 CV<\/li>\n<li style=\"text-align: justify;\">une copie l\u00e9galis\u00e9e du Baccalaur\u00e9at<\/li>\n<li style=\"text-align: justify;\">une copie l\u00e9galis\u00e9e des dipl\u00f4mes obtenus<\/li>\n<li style=\"text-align: justify;\">une copie l\u00e9galis\u00e9e de la CIN<\/li>\n<li style=\"text-align: justify;\">un extrait d&rsquo;acte de naissance<\/li>\n<li style=\"text-align: justify;\">une attestation d\u2019exp\u00e9rience professionnelle<\/li>\n<\/ul>\n<p style=\"text-align: justify;\">Cette \u00e9tape d\u2019inscription se fait en payant les 300 dirhams de frais de dossier<\/p>\n<p style=\"text-align: justify;\">Pri\u00e8re de bien vouloir t\u00e9l\u00e9phoner au secr\u00e9tariat de la formation avant de venir faire l\u2019inscription<\/p>\n<p style=\"text-align: justify;\"><span style=\"color: #00ccff;\"><strong>Etape 3\u00a0:<\/strong><\/span> S\u00e9lection des candidats<\/p>\n<p style=\"text-align: justify;\"><span style=\"color: #00ccff;\"><strong>Etape 4\u00a0:<\/strong><\/span> Inscription d\u00e9finitive et payement de 50% des frais d\u2019inscription<\/p>\n<div class=\"social-share\" style=\"text-align: justify;\"><\/div>\n","protected":false},"excerpt":{"rendered":"<p>LICENCE PROFESSIONNELLE UNIVERSIT\u00c9 EN GESTION COMPTABLE ET FINANCI\u00c8RE Inscription ouverte pour l&rsquo;ann\u00e9e universitaire 2024-2025 Comp\u00e9tences vis\u00e9es La licence professionnelle en comptabilit\u00e9 et finance d\u2019entreprise permet aux candidats d\u2019exercer des fonctions de responsabilit\u00e9 dans le domaine de la gestion\u00a0des entreprises priv\u00e9es ou publiques, des organisations, des banques, des assurances, des collectivit\u00e9s locales et territoriales et ce<\/p>\n","protected":false},"author":1,"featured_media":165,"parent":0,"menu_order":0,"comment_status":"closed","ping_status":"closed","template":"","meta":{"footnotes":""},"class_list":["post-88","page","type-page","status-publish","has-post-thumbnail","hentry"],"_links":{"self":[{"href":"https:\/\/www.ests.uca.ma\/index.php?rest_route=\/wp\/v2\/pages\/88","targetHints":{"allow":["GET"]}}],"collection":[{"href":"https:\/\/www.ests.uca.ma\/index.php?rest_route=\/wp\/v2\/pages"}],"about":[{"href":"https:\/\/www.ests.uca.ma\/index.php?rest_route=\/wp\/v2\/types\/page"}],"author":[{"embeddable":true,"href":"https:\/\/www.ests.uca.ma\/index.php?rest_route=\/wp\/v2\/users\/1"}],"replies":[{"embeddable":true,"href":"https:\/\/www.ests.uca.ma\/index.php?rest_route=%2Fwp%2Fv2%2Fcomments&post=88"}],"version-history":[{"count":27,"href":"https:\/\/www.ests.uca.ma\/index.php?rest_route=\/wp\/v2\/pages\/88\/revisions"}],"predecessor-version":[{"id":4515,"href":"https:\/\/www.ests.uca.ma\/index.php?rest_route=\/wp\/v2\/pages\/88\/revisions\/4515"}],"wp:featuredmedia":[{"embeddable":true,"href":"https:\/\/www.ests.uca.ma\/index.php?rest_route=\/wp\/v2\/media\/165"}],"wp:attachment":[{"href":"https:\/\/www.ests.uca.ma\/index.php?rest_route=%2Fwp%2Fv2%2Fmedia&parent=88"}],"curies":[{"name":"wp","href":"https:\/\/api.w.org\/{rel}","templated":true}]}}