{"id":86,"date":"2019-06-19T11:17:06","date_gmt":"2019-06-19T09:17:06","guid":{"rendered":"http:\/\/www.ests.uca.ma\/?page_id=86"},"modified":"2024-04-05T12:20:46","modified_gmt":"2024-04-05T10:20:46","slug":"licence-pro-duniversite-mqsl","status":"publish","type":"page","link":"https:\/\/www.ests.uca.ma\/?page_id=86","title":{"rendered":"LICENCE PRO D&rsquo;UNIVERSITE MQSL"},"content":{"rendered":"<div class=\"content-title\">\n<h1 class=\"col-xs-12 col-sm-12 col-md-12 color-2\" style=\"text-align: center;\"><span style=\"font-size: 24pt; color: #666699;\">LICENCE PROFESSIONNELLE D&rsquo;UNIVERSIT\u00c9 EN MANAGEMENT DE LA QUALIT\u00c9 , DE LA S\u00c9CURIT\u00c9 ET DE LA LOGISTIQUE <\/span><\/h1>\n<h1 class=\"col-xs-12 col-sm-12 col-md-12 color-2\" style=\"text-align: center;\"><span style=\"font-size: 24pt; color: #666699;\"><span style=\"color: #333333;\"><strong>[LPU MQSL]<\/strong><\/span><br \/>\n<\/span><\/h1>\n<\/div>\n<p style=\"text-align: center;\"><span style=\"font-size: 24pt; font-family: impact, sans-serif; color: #3366ff;\">Les inscriptions pour l\u2019ann\u00e9e universitaire\u00a0\u00a0 2024-2025 sont ouvertes<\/span><\/p>\n<p style=\"text-align: justify;\"><span style=\"font-size: 14pt;\">Vous avez un Bac+2 ou plus, vous \u00eates \u00e9tudiant\/salari\u00e9 ou autre, vous souhaitez avoir des comp\u00e9tences dans des domaines qui int\u00e9ressent les entreprises et les \u00e9tablissements priv\u00e9s ou publics, L\u2019EST de Safi (Premier \u00e9tablissement de l\u2019universit\u00e9 Cadi Ayyad impl\u00e9ment\u00e9 \u00e0 Safi, situ\u00e9 en face de l\u2019ITA2, route Si Aissa) vous propose une formation en Licence Professionnelle d\u2019Universit\u00e9 en Management de la Qualit\u00e9, de la s\u00e9curit\u00e9 et de la logistique ( LPU MQSL).<\/span><\/p>\n<p><em><span style=\"color: #3366ff; font-size: 18pt;\"><strong>Quelques informations sur la formation LPU MQSL<\/strong><\/span><\/em><\/p>\n<ul>\n<li>Dur\u00e9e de la Formation\u00a0: 1 an ( y compris le stage)<\/li>\n<li>D\u00e9roulement de la formation\u00a0: Principalement Samedi et Dimanche<\/li>\n<li>Co\u00fbt de la formation : 24300 DH payable en plusieurs tranches<\/li>\n<li>Conditions de pr\u00e9 inscription: \u00catre titulaire d\u2019un Bac +2 public ou priv\u00e9 (toute option)<\/li>\n<li>Le nombre maximum de candidats \u00e9tant limit\u00e9, les dossiers seront trait\u00e9s en tenant compte notamment de la date de pr\u00e9 inscription<\/li>\n<li>S\u00e9lection: \u00c9tude de dossier et entretien<\/li>\n<li>\u00c9valuation : Travaux individuels et\/ou collectifs, Contr\u00f4les continus, Stage de fin d\u2019\u00e9tudes<\/li>\n<li>Dipl\u00f4me d\u00e9livr\u00e9 : Licence Professionnelle d\u2019Universit\u00e9<\/li>\n<li>Contacts\u00a0:\n<ul>\n<li>Secr\u00e9tariat de la formation\u00a0: Mme IBTISSAM T\u00e9l\u00a0: <span style=\"color: #3366ff;\"><strong>0670099695<\/strong><\/span><\/li>\n<li>Responsable de la formation\u00a0: K. BENHIDA T\u00e9l\u00a0: <strong><span style=\"color: #3366ff;\">0670099707<\/span><\/strong><\/li>\n<\/ul>\n<\/li>\n<li>Quelques indications sur les inscriptions pr\u00e9c\u00e9dentes en LPU MQSL\n<ul>\n<li>Premi\u00e8re promotion\u00a0 de cette formation: AU 2017\/18 <em>(24 inscrits)<\/em><\/li>\n<li>Deuxi\u00e8me promotion\u00a0: AU 2018\/19 <em>(34 inscrits, soit une augmentation de plus de 40%par rapport \u00e0 2017\/18, ce qui montre le succ\u00e8s de cette formation aupr\u00e8s des candidats)<\/em><\/li>\n<\/ul>\n<\/li>\n<\/ul>\n<p><em><span style=\"color: #3366ff; font-size: 18pt;\"><span style=\"color: #3366ff;\"><b>\u00c9l\u00e9ments<\/b><\/span><strong style=\"color: #3366ff;\">\u00a0sur la Proc\u00e9dure \u00a0d\u2019inscription<\/strong><\/span><\/em><\/p>\n<ul>\n<li><span style=\"color: #3366ff;\"><b>\u00c9tape 1<\/b><\/span>: Pr\u00e9 inscription en ligne (cette \u00e9tape n\u2019est pas obligatoire mais elle est tr\u00e8s utile)<\/li>\n<\/ul>\n<p>Utiliser le lien suivant pour la pr\u00e9 inscription<\/p>\n<p><a href=\"https:\/\/docs.google.com\/forms\/d\/e\/1FAIpQLSeTKLOEdpxyxym-72NAYRcV4S5GAMTMZ0fsTy2fEYFnzL7Ivg\/viewform\" target=\"_blank\" rel=\"noopener noreferrer\"><strong><img loading=\"lazy\" decoding=\"async\" class=\"\" src=\"https:\/\/www.uca.ma\/public\/files\/images\/site-166-c85dcb6af87012cfc8a07eb132b99b29-199984752.png\" alt=\"\" width=\"195\" height=\"65\" \/><\/strong><\/a><\/p>\n<ul>\n<li><span style=\"color: #3366ff;\"><span style=\"color: #3366ff;\"><b>\u00c9tape<\/b><\/span><b style=\"color: #3366ff;\"> 2<\/b><\/span>: Inscription au secr\u00e9tariat de la formation, en ramenant les pi\u00e8ces suivantes <em>(Pri\u00e8re de bien vouloir contacter Mme IIBTISSAM au 0670099695 avant de venir \u00e0 l\u2019EST pour l\u2019inscription)<\/em><\/li>\n<\/ul>\n<ul style=\"list-style-type: circle;\">\n<li><span style=\"color: #333333;\"><strong>deux copies l\u00e9galis\u00e9es du Baccalaur\u00e9at<\/strong><\/span><\/li>\n<li><span style=\"color: #333333;\"><strong>deux copies l\u00e9galis\u00e9es du bac+2 ou plus<\/strong><\/span><\/li>\n<li><span style=\"color: #333333;\"><strong>deux copies l\u00e9galis\u00e9es de la CIN<\/strong><\/span><\/li>\n<li><span style=\"color: #333333;\"><strong>deux photos d\u2019identit\u00e9<\/strong><\/span><\/li>\n<\/ul>\n<ul>\n<li><span style=\"color: #3366ff;\"><span style=\"color: #3366ff;\"><b>\u00c9tape<\/b><\/span><b style=\"color: #3366ff;\"> 3<\/b><\/span>: S\u00e9lection des candidats<\/li>\n<li><span style=\"color: #3366ff;\"><span style=\"color: #3366ff;\"><b>\u00c9tape<\/b><\/span><b style=\"color: #3366ff;\"> 4<\/b><\/span>: Inscription d\u00e9finitive et payement d\u2019une partie des frais d\u2019inscription<\/li>\n<\/ul>\n<p><em><span style=\"color: #3366ff; font-size: 18pt;\"><strong>Autres informations Compl\u00e9mentaires sur la formation<\/strong><\/span><\/em><\/p>\n<p><span style=\"color: #3366ff;\"><strong>Comp\u00e9tences et fonctions\u00a0vis\u00e9es<\/strong><\/span><\/p>\n<p style=\"text-align: justify;\">Cette formation permet aux candidats d\u2019acqu\u00e9rir de multiples comp\u00e9tences transversales dans les domaines QSE et logistique. Ces comp\u00e9tences pourront\u00a0 permettre aux candidats d\u2019avoir de r\u00e9elles et nouvelles perspectives de carri\u00e8res et d\u2019assurer des responsabilit\u00e9s dans plusieurs secteurs socio\u00e9conomiques.<\/p>\n<p><span style=\"color: #3366ff;\"><strong>Objectifs de la formation<\/strong><\/span><\/p>\n<p style=\"text-align: justify;\">L\u2019objectif est de cette formation est de proposer des comp\u00e9tences compl\u00e9mentaires dans les domaines de management QSE et de la logistique, afin de permettre aux participants de ma\u00eetriser les concepts, techniques et outils utilis\u00e9s dans l\u2019ensemble de ces domaines. Pour les candidats en recherche d\u2019une activit\u00e9 professionnelle, cette formation leur permet de disposer de comp\u00e9tences multiples dans les domaines QSE et logistique pour une meilleure insertion dans le domaine socioprofessionnel. Pour les candidats en activit\u00e9 professionnelle, cette formation leur permet de renforcer leurs comp\u00e9tences et ce, par l\u2019association du savoir-faire de leur formation initiale et de leur exp\u00e9rience professionnelle, \u00e0 une comp\u00e9tence en management QSE et logistique. L\u2019objectif \u00e9tant de permettre une meilleure \u00e9volution de carri\u00e8re. La formation permet \u00e9galement \u00e0 des laur\u00e9ats de poursuivre leurs \u00e9tudes pour pr\u00e9parer des masters d\u2019universit\u00e9s ou autres dipl\u00f4mes.<\/p>\n<p><strong>\u00a0<\/strong><span style=\"color: #3366ff;\"><strong>Public cible<\/strong><\/span><\/p>\n<p>Titulaire d\u2019un \u00a0Bac + 2- toute option ou plus (public ou priv\u00e9).<\/p>\n<p><span style=\"color: #3366ff;\"><strong>Contenu p\u00e9dagogique\u00a0:<\/strong><\/span><\/p>\n<p><em>Le programme de la formation comprend des enseignements th\u00e9oriques et pratiques, des s\u00e9minaires de sp\u00e9cialistes universitaires et professionnels et un stage professionnel.<\/em><\/p>\n<p><span style=\"color: #00ccff;\"><strong>SEMESTRE I<\/strong><\/span><\/p>\n<table style=\"width: 100%; border-collapse: collapse; border-style: solid;\" border=\"2\">\n<tbody>\n<tr>\n<td style=\"width: 16.6667%; background-color: #55efc4;\">M1<\/td>\n<td style=\"width: 16.6667%; background-color: #55efc4;\">M2<\/td>\n<td style=\"width: 16.6667%; background-color: #55efc4;\">M3<\/td>\n<td style=\"width: 16.6667%; background-color: #55efc4;\">M4<\/td>\n<td style=\"width: 16.6667%; background-color: #55efc4;\">M5<\/td>\n<td style=\"width: 16.6667%; background-color: #55efc4;\">M6<\/td>\n<\/tr>\n<tr>\n<td style=\"width: 16.6667%; background-color: #81ecec;\">Communications et Anglais<\/td>\n<td style=\"width: 16.6667%; background-color: #81ecec;\">Statistiques et Informatique<\/td>\n<td style=\"width: 16.6667%; background-color: #81ecec;\">Management de la qualit\u00e9<\/td>\n<td style=\"width: 16.6667%; background-color: #81ecec;\">Management de la s\u00e9curit\u00e9<\/td>\n<td style=\"width: 16.6667%; background-color: #81ecec;\">Management logistique<\/td>\n<td style=\"width: 16.6667%; background-color: #81ecec;\">Management de l\u2019environnement<\/td>\n<\/tr>\n<\/tbody>\n<\/table>\n<p>&nbsp;<\/p>\n<p><span style=\"color: #00ccff;\"><strong>SEMESTRE II\u00a0<\/strong><\/span><\/p>\n<table style=\"width: 100%; border-collapse: collapse; border-style: solid;\" border=\"2\">\n<tbody>\n<tr>\n<td style=\"width: 16.6667%; background-color: #55efc4;\">M7<\/td>\n<td style=\"width: 16.6667%; background-color: #55efc4;\">M8<\/td>\n<td style=\"width: 16.6667%; background-color: #55efc4;\">M9<\/td>\n<td style=\"width: 16.6667%; background-color: #55efc4;\">M10<\/td>\n<td style=\"width: 16.6667%; background-color: #55efc4;\">M11<\/td>\n<td style=\"width: 16.6667%; background-color: #55efc4;\">M12<\/td>\n<\/tr>\n<tr>\n<td style=\"width: 16.6667%; background-color: #81ecec;\">SCM et syst\u00e8me d\u2019information logistique<\/td>\n<td style=\"width: 16.6667%; background-color: #81ecec;\">Management des projets QSL<\/td>\n<td style=\"width: 16.6667%; background-color: #81ecec;\">R\u00e9glementations et Outils de gestion des entreprises<\/td>\n<td style=\"width: 16.6667%; background-color: #81ecec;\">Stage en entreprise<\/td>\n<td style=\"width: 16.6667%; background-color: #81ecec;\">Stage en entreprise<\/td>\n<td style=\"width: 16.6667%; background-color: #81ecec;\">Stage en entreprise<\/td>\n<\/tr>\n<\/tbody>\n<\/table>\n<p><strong>NB: <\/strong>M10, M11, M12: Stage en entreprise (\u00e9quivalent \u00e0 trois modules)<\/p>\n<p>Vous pouvez t\u00e9l\u00e9charger la version PDF de la Fiche de pr\u00e9sentation de La LPU MQSL<\/p>\n<p style=\"text-align: justify;\">\n","protected":false},"excerpt":{"rendered":"<p>LICENCE PROFESSIONNELLE D&rsquo;UNIVERSIT\u00c9 EN MANAGEMENT DE LA QUALIT\u00c9 , DE LA S\u00c9CURIT\u00c9 ET DE LA LOGISTIQUE [LPU MQSL] Les inscriptions pour l\u2019ann\u00e9e universitaire\u00a0\u00a0 2024-2025 sont ouvertes Vous avez un Bac+2 ou plus, vous \u00eates \u00e9tudiant\/salari\u00e9 ou autre, vous souhaitez avoir des comp\u00e9tences dans des domaines qui int\u00e9ressent les entreprises et les \u00e9tablissements priv\u00e9s ou publics,<\/p>\n","protected":false},"author":1,"featured_media":165,"parent":0,"menu_order":0,"comment_status":"closed","ping_status":"closed","template":"","meta":{"footnotes":""},"class_list":["post-86","page","type-page","status-publish","has-post-thumbnail","hentry"],"_links":{"self":[{"href":"https:\/\/www.ests.uca.ma\/index.php?rest_route=\/wp\/v2\/pages\/86","targetHints":{"allow":["GET"]}}],"collection":[{"href":"https:\/\/www.ests.uca.ma\/index.php?rest_route=\/wp\/v2\/pages"}],"about":[{"href":"https:\/\/www.ests.uca.ma\/index.php?rest_route=\/wp\/v2\/types\/page"}],"author":[{"embeddable":true,"href":"https:\/\/www.ests.uca.ma\/index.php?rest_route=\/wp\/v2\/users\/1"}],"replies":[{"embeddable":true,"href":"https:\/\/www.ests.uca.ma\/index.php?rest_route=%2Fwp%2Fv2%2Fcomments&post=86"}],"version-history":[{"count":19,"href":"https:\/\/www.ests.uca.ma\/index.php?rest_route=\/wp\/v2\/pages\/86\/revisions"}],"predecessor-version":[{"id":4514,"href":"https:\/\/www.ests.uca.ma\/index.php?rest_route=\/wp\/v2\/pages\/86\/revisions\/4514"}],"wp:featuredmedia":[{"embeddable":true,"href":"https:\/\/www.ests.uca.ma\/index.php?rest_route=\/wp\/v2\/media\/165"}],"wp:attachment":[{"href":"https:\/\/www.ests.uca.ma\/index.php?rest_route=%2Fwp%2Fv2%2Fmedia&parent=86"}],"curies":[{"name":"wp","href":"https:\/\/api.w.org\/{rel}","templated":true}]}}