{"id":61,"date":"2019-06-19T11:06:14","date_gmt":"2019-06-19T09:06:14","guid":{"rendered":"http:\/\/www.ests.uca.ma\/?page_id=61"},"modified":"2025-09-08T12:35:09","modified_gmt":"2025-09-08T10:35:09","slug":"mecatronique","status":"publish","type":"page","link":"https:\/\/www.ests.uca.ma\/?page_id=61","title":{"rendered":"M\u00c9CATRONIQUE ET INTELLIGENCE ARTIFICIELLE"},"content":{"rendered":"<p style=\"text-align: justify;\"><em><span style=\"color: #3366ff;\"><strong><span style=\"font-size: 18pt;\">Connaissances et comp\u00e9tences \u00e0 acqu\u00e9rir :<\/span><\/strong><\/span><\/em><\/p>\n<p style=\"text-align: justify;\"><span style=\"font-family: georgia, palatino, serif;\">La m\u00e9catronique joue un r\u00f4le primordial dans le milieu industriel, en effet, elle permet de contr\u00f4ler et commander des syst\u00e8mes complexes, de ma\u00eetriser les outils informatiques, de piloter des syst\u00e8mes robotis\u00e9s dans diff\u00e9rents domaines, en particulier, dans l&rsquo;industrie de l&rsquo;automobile, de l&rsquo;a\u00e9ronautique et dans le domaine de la sant\u00e9. Et actuellement, l\u2019intelligence artificielle connait de plus en plus d\u2019essor et d\u2019applications dans divers domaines. En m\u00e9catronique plus sp\u00e9cifiquement, o\u00f9 diverses sp\u00e9cialit\u00e9s se croisent et se compl\u00e8tent de fa\u00e7on synergique pour former un tout, l\u2019IA touche de tr\u00e8s pr\u00e8s les composantes fondamentales de la discipline \u00e0 travers les objectifs, outils et impl\u00e9mentations.<\/span><\/p>\n<p style=\"text-align: justify;\"><span style=\"font-family: georgia, palatino, serif;\">Le <span style=\"font-family: arial, helvetica, sans-serif;\">Bachelor en Technologie<\/span> en \u00ab M\u00e9catronique et Intelligence Artificielle \u00bb se propose, d\u2019une part, de compl\u00e9ter la formation des techniciens sup\u00e9rieurs poss\u00e9dant une sp\u00e9cialit\u00e9 de base centr\u00e9e sur la m\u00e9canique, l&rsquo;\u00e9lectronique ou l&rsquo;automatique pour leur apporter les connaissances technologiques transversales essentielles dans un contexte de conception et fabrication int\u00e9gr\u00e9e de syst\u00e8mes complexes automatis\u00e9s. D\u2019autre part, cette formation permet aussi aux \u00e9tudiants l\u2019acquisition d\u2019un bagage important de connaissances de base sur les concepts fondamentaux de l\u2019intelligence artificielle tels que les r\u00e9seaux de neurones, les machines \u00e0 vecteurs supports et les classifieurs.<\/span><\/p>\n<p style=\"text-align: justify;\"><span style=\"font-family: georgia, palatino, serif;\">Cette formation consiste donc \u00e0 former en un an des cadres interm\u00e9diaires capables de concevoir et de d\u00e9velopper des syst\u00e8mes m\u00e9caniques int\u00e9gr\u00e9s, de contr\u00f4ler et de commander des syst\u00e8mes complexes m\u00e9catroniques bas\u00e9s sur l\u2019IA. Ils pourront intervenir \u00e0 la fois sur la m\u00e9canique, l\u2019\u00e9lectronique et l\u2019informatique et g\u00e9rer les diff\u00e9rentes \u00e9tapes de projets industriels en encadrant des \u00e9quipes de sp\u00e9cialistes.<\/span><\/p>\n<p>&nbsp;<\/p>\n<p style=\"text-align: justify;\"><span style=\"color: #3366ff;\"><em><span style=\"font-size: 18pt;\"><strong>D\u00e9bouch\u00e9s de la formation<\/strong><\/span><\/em><\/span><\/p>\n<p style=\"text-align: justify;\"><span style=\"font-family: georgia, palatino, serif;\"><span style=\"font-family: arial, helvetica, sans-serif;\">Le Bachelor en Technologie<\/span> en M\u00e9catronique et Intelligence Artificielle offre de nombreux d\u00e9bouch\u00e9s dans divers secteurs industriels et technologiques. Voici quelques-unes des principales opportunit\u00e9s professionnelles qui s&rsquo;offrent aux dipl\u00f4m\u00e9s de cette formation :<\/span><\/p>\n<ol style=\"text-align: justify;\">\n<li><span style=\"font-family: georgia, palatino, serif;\"><strong>Responsable en M\u00e9catronique<\/strong> : Vous pouvez travailler dans la conception, le d\u00e9veloppement, et l&rsquo;int\u00e9gration de syst\u00e8mes m\u00e9catroniques complexes, tels que les robots industriels, les syst\u00e8mes de production automatis\u00e9s, ou les v\u00e9hicules autonomes.<\/span><\/li>\n<li><span style=\"font-family: georgia, palatino, serif;\"><strong>Responsable en Robotique<\/strong> : Ce r\u00f4le implique la conception et le d\u00e9veloppement de robots pour diverses applications, y compris l&rsquo;industrie manufacturi\u00e8re, la m\u00e9decine, et les services. Vous serez responsable de la programmation des robots, de l&rsquo;int\u00e9gration des capteurs, et du d\u00e9veloppement d&rsquo;algorithmes de contr\u00f4le.<\/span><\/li>\n<li><span style=\"font-family: georgia, palatino, serif;\"><strong>Responsable en Electronique et Syst\u00e8mes embarqu\u00e9s<\/strong>: Vous serez charg\u00e9 de la conception et du d\u00e9veloppement de syst\u00e8mes informatiques int\u00e9gr\u00e9s dans des dispositifs m\u00e9catroniques, tels que les drones, les v\u00e9hicules connect\u00e9s, ou les appareils m\u00e9dicaux.<\/span><\/li>\n<li><span style=\"font-family: georgia, palatino, serif;\"><strong>Consultant en Technologies Avanc\u00e9es<\/strong> : En tant que consultant, vous aiderez les entreprises \u00e0 int\u00e9grer des technologies de m\u00e9catronique et d&rsquo;intelligence artificielle dans leurs processus et produits, en offrant des conseils sur la meilleure fa\u00e7on de tirer parti de ces technologies.<\/span><\/li>\n<li><span style=\"font-family: georgia, palatino, serif;\"><strong>Responsable de Maintenance Industrielle<\/strong> : Vous pourrez superviser l&rsquo;entretien et l&rsquo;optimisation des syst\u00e8mes m\u00e9catroniques et automatis\u00e9s dans les environnements industriels, assurant leur bon fonctionnement et leur efficacit\u00e9.<\/span><\/li>\n<\/ol>\n<p style=\"text-align: justify;\"><span style=\"font-family: georgia, palatino, serif;\">Ces d\u00e9bouch\u00e9s illustrent la polyvalence de la formation, qui pr\u00e9pare les dipl\u00f4m\u00e9s \u00e0 travailler dans des secteurs vari\u00e9s comme l&rsquo;automobile, l&rsquo;a\u00e9ronautique, la sant\u00e9, l&rsquo;\u00e9nergie, et les technologies de l&rsquo;information. La demande pour des experts en m\u00e9catronique et en intelligence artificielle est en constante augmentation, offrant ainsi de solides perspectives de carri\u00e8re.<\/span><\/p>\n<p style=\"text-align: justify;\"><span style=\"color: #3366ff;\"><em><strong><span style=\"font-size: 18pt;\">Programme<\/span><\/strong><\/em><\/span><\/p>\n<p style=\"text-align: justify;\"><strong><em><u>Semestre V<\/u><\/em><\/strong><\/p>\n<table style=\"width: 100%; border-collapse: collapse; border-style: solid;\">\n<tbody>\n<tr>\n<td style=\"width: 16.6667%; background-color: #55efc4; border-style: solid;\"><em><strong>Module<\/strong><strong> 1\u00a0<\/strong><\/em><\/td>\n<td style=\"width: 16.6667%; background-color: #55efc4; border-style: solid;\"><em><strong>Module 2<\/strong><\/em><\/td>\n<td style=\"width: 16.6667%; background-color: #55efc4; border-style: solid;\"><em><strong>Module 3<\/strong><\/em><\/td>\n<td style=\"width: 16.6667%; background-color: #55efc4; border-style: solid;\"><em><strong>Module 4<\/strong><\/em><\/td>\n<td style=\"width: 16.6667%; background-color: #55efc4; border-style: solid;\"><em><strong>Module 5<\/strong><\/em><\/td>\n<td style=\"width: 8.33335%; background-color: #55efc4; border-style: solid;\"><em><strong>Module 6<\/strong><\/em><\/td>\n<td style=\"width: 8.33335%; background-color: #55efc4; border-style: solid;\"><em><strong>Module 7<\/strong><\/em><\/td>\n<\/tr>\n<tr>\n<td style=\"width: 16.6667%; background-color: #81ecec; border-style: solid;\">Conception M\u00e9catronique<\/td>\n<td style=\"width: 16.6667%; background-color: #81ecec; border-style: solid;\">Syst\u00e8mes \u00e9lectroniques embarqu\u00e9s<\/td>\n<td style=\"width: 16.6667%; background-color: #81ecec; border-style: solid;\">Python<\/td>\n<td style=\"width: 16.6667%; background-color: #81ecec; border-style: solid;\">Gestion industriellle<\/td>\n<td style=\"width: 16.6667%; background-color: #81ecec; border-style: solid;\">Electronique appliqu\u00e9e aux syst\u00e8mes M\u00e9catroniques<\/td>\n<td style=\"width: 8.33335%; background-color: #81ecec; border-style: solid;\">IA appliqu\u00e9e aux syst\u00e8mes M\u00e9catroniques<\/td>\n<td style=\"width: 8.33335%; background-color: #81ecec; border-style: solid;\">Robotique et capteurs<\/td>\n<\/tr>\n<\/tbody>\n<\/table>\n<p style=\"text-align: justify;\"><strong><em>Semestre VI<\/em><\/strong><\/p>\n<table style=\"width: 100%; border-collapse: collapse; border-style: solid;\">\n<tbody>\n<tr>\n<td style=\"width: 16.6667%; background-color: #55efc4; border-style: solid;\"><em><strong>Module 8<\/strong><\/em><\/td>\n<td style=\"width: 16.6667%; background-color: #55efc4; border-style: solid;\"><em><strong>Module 9<\/strong><\/em><\/td>\n<td style=\"width: 16.6667%; background-color: #55efc4; border-style: solid;\"><em><strong>Module 10<\/strong><\/em><\/td>\n<td style=\"width: 16.6667%; background-color: #55efc4; border-style: solid;\"><em><strong>Module 11<\/strong><\/em><\/td>\n<td style=\"width: 16.6667%; background-color: #55efc4; border-style: solid;\"><em><strong>Module 12<\/strong><\/em><\/td>\n<td style=\"width: 8.33335%; background-color: #55efc4; border-style: solid;\"><em><strong>Module 13<\/strong><\/em><\/td>\n<td style=\"width: 8.33335%; background-color: #55efc4; border-style: solid;\"><em><strong>Module 14<\/strong><\/em><\/td>\n<\/tr>\n<tr>\n<td style=\"width: 16.6667%; background-color: #81ecec; border-style: solid;\">RDM et Maintenance industrielle<\/td>\n<td style=\"width: 16.6667%; background-color: #81ecec; border-style: solid;\">Automatique et Automatismes Industrielles<\/td>\n<td style=\"width: 16.6667%; background-color: #81ecec; border-style: solid;\">Entrepreneuriat<\/td>\n<td style=\"width: 16.6667%; background-color: #81ecec; border-style: solid;\">Projet en M\u00e9catronique et IA<\/td>\n<td style=\"width: 16.6667%; background-color: #81ecec; border-style: solid;\">Stage professionnel<\/td>\n<td style=\"width: 8.33335%; background-color: #81ecec; border-style: solid;\">Stage professionnel<\/td>\n<td style=\"width: 8.33335%; background-color: #81ecec; border-style: solid;\">Stage professionnel<\/td>\n<\/tr>\n<\/tbody>\n<\/table>\n<p>&nbsp;<\/p>\n<p style=\"text-align: justify;\"><em><strong><span style=\"color: #3366ff; font-size: 18pt;\">Contact<\/span><\/strong><\/em><\/p>\n<table class=\" alignleft\" style=\"width: 100%; border-collapse: collapse; border-color: #ffffff;\">\n<tbody>\n<tr>\n<td style=\"width: 9.47711%;\"><img loading=\"lazy\" decoding=\"async\" class=\"\" src=\"http:\/\/www.ests.uca.ma\/wp-content\/uploads\/2019\/07\/img_311846.png\" alt=\"\" width=\"33\" height=\"33\" \/><\/td>\n<td style=\"width: 90.5229%; text-align: left;\"><strong>Responsable de la formation\u00a0:<\/strong> <span style=\"color: #003366;\">P<strong>r Tarik SAIDI<\/strong><\/span><\/td>\n<\/tr>\n<tr>\n<td style=\"width: 9.47711%;\" rowspan=\"2\"><img loading=\"lazy\" decoding=\"async\" class=\"\" src=\"http:\/\/www.ests.uca.ma\/wp-content\/uploads\/2019\/07\/img_346970.png\" alt=\"\" width=\"33\" height=\"33\" \/><\/td>\n<td style=\"width: 90.5229%; text-align: left;\"><strong><span style=\"color: #003366;\">Secr\u00e9tariat de la formation :<\/span><\/strong><\/td>\n<\/tr>\n<tr>\n<td style=\"width: 90.5229%; text-align: left;\"><strong><span style=\"color: #003366;\">Responsable de la formation : tarik.saidi@uca.ac.ma<\/span><\/strong><\/td>\n<\/tr>\n<tr>\n<td style=\"width: 9.47711%;\"><img loading=\"lazy\" decoding=\"async\" class=\"\" src=\"http:\/\/www.ests.uca.ma\/wp-content\/uploads\/2019\/07\/home-house-main-page-building-address-location-2-2684.png\" alt=\"\" width=\"33\" height=\"33\" \/><\/td>\n<td style=\"width: 90.5229%; text-align: left;\"><strong>ECOLE SUP\u00c9RIEURE DE TECHNOLOGIE, Route Dar Si A\u00efssa, BP 89, SAFI<\/strong><\/td>\n<\/tr>\n<tr>\n<td style=\"width: 9.47711%;\"><img loading=\"lazy\" decoding=\"async\" class=\"\" src=\"http:\/\/www.ests.uca.ma\/wp-content\/uploads\/2019\/07\/58485698e0bb315b0f7675a8.png\" alt=\"\" width=\"33\" height=\"33\" \/><\/td>\n<td style=\"width: 90.5229%; text-align: left;\"><\/td>\n<\/tr>\n<\/tbody>\n<\/table>\n<p>&nbsp;<\/p>\n","protected":false},"excerpt":{"rendered":"<p>Connaissances et comp\u00e9tences \u00e0 acqu\u00e9rir : La m\u00e9catronique joue un r\u00f4le primordial dans le milieu industriel, en effet, elle permet de contr\u00f4ler et commander des syst\u00e8mes complexes, de ma\u00eetriser les outils informatiques, de piloter des syst\u00e8mes robotis\u00e9s dans diff\u00e9rents domaines, en particulier, dans l&rsquo;industrie de l&rsquo;automobile, de l&rsquo;a\u00e9ronautique et dans le domaine de la sant\u00e9.<\/p>\n","protected":false},"author":1,"featured_media":165,"parent":0,"menu_order":0,"comment_status":"closed","ping_status":"closed","template":"","meta":{"footnotes":""},"class_list":["post-61","page","type-page","status-publish","has-post-thumbnail","hentry"],"_links":{"self":[{"href":"https:\/\/www.ests.uca.ma\/index.php?rest_route=\/wp\/v2\/pages\/61","targetHints":{"allow":["GET"]}}],"collection":[{"href":"https:\/\/www.ests.uca.ma\/index.php?rest_route=\/wp\/v2\/pages"}],"about":[{"href":"https:\/\/www.ests.uca.ma\/index.php?rest_route=\/wp\/v2\/types\/page"}],"author":[{"embeddable":true,"href":"https:\/\/www.ests.uca.ma\/index.php?rest_route=\/wp\/v2\/users\/1"}],"replies":[{"embeddable":true,"href":"https:\/\/www.ests.uca.ma\/index.php?rest_route=%2Fwp%2Fv2%2Fcomments&post=61"}],"version-history":[{"count":13,"href":"https:\/\/www.ests.uca.ma\/index.php?rest_route=\/wp\/v2\/pages\/61\/revisions"}],"predecessor-version":[{"id":5522,"href":"https:\/\/www.ests.uca.ma\/index.php?rest_route=\/wp\/v2\/pages\/61\/revisions\/5522"}],"wp:featuredmedia":[{"embeddable":true,"href":"https:\/\/www.ests.uca.ma\/index.php?rest_route=\/wp\/v2\/media\/165"}],"wp:attachment":[{"href":"https:\/\/www.ests.uca.ma\/index.php?rest_route=%2Fwp%2Fv2%2Fmedia&parent=61"}],"curies":[{"name":"wp","href":"https:\/\/api.w.org\/{rel}","templated":true}]}}