{"id":6002,"date":"2026-02-20T14:50:34","date_gmt":"2026-02-20T13:50:34","guid":{"rendered":"https:\/\/www.ests.uca.ma\/?page_id=6002"},"modified":"2026-02-20T14:51:59","modified_gmt":"2026-02-20T13:51:59","slug":"6002-2","status":"publish","type":"page","link":"https:\/\/www.ests.uca.ma\/?page_id=6002","title":{"rendered":""},"content":{"rendered":"<header class=\"entry-header\">\n<h1 class=\"entry-title\" style=\"text-align: center;\"><span style=\"font-size: 18pt; color: #333399;\">Conditions g\u00e9n\u00e9rales d\u2019utilisation<\/span><\/h1>\n<\/header>\n<div class=\"entry-content\">\n<div class=\"elementor elementor-12900\" data-elementor-type=\"wp-page\" data-elementor-id=\"12900\">\n<div class=\"elementor-element elementor-element-2452fc79 e-con-full e-flex wpr-particle-no wpr-jarallax-no wpr-parallax-no wpr-sticky-section-no e-con e-parent e-lazyloaded\" data-id=\"2452fc79\" data-element_type=\"container\">\n<div class=\"elementor-element elementor-element-7bb10e7b exad-sticky-section-no exad-glass-effect-no elementor-widget elementor-widget-text-editor\" data-id=\"7bb10e7b\" data-element_type=\"widget\" data-widget_type=\"text-editor.default\">\n<div class=\"elementor-widget-container\">\n<p style=\"text-align: justify;\">l\u2019<strong>Ecole Sup\u00e9rieure de Technologie de Safi<\/strong> (ESTS), situ\u00e9e Avenue Route Dar Si A\u00efssa, B.P. 89, 46000, Safi, Maroc, collecte vos donn\u00e9es \u00e0 caract\u00e8re personnel en vue de la gestion des Cookies.<\/p>\n<p style=\"text-align: justify;\">Les informations recueillies sur le site ests.uca.ma font l\u2019objet d\u2019un traitement destin\u00e9 \u00e0 la gestion des Cookies.<\/p>\n<p style=\"text-align: justify;\">Pour des raisons d\u2019h\u00e9bergement, les destinataires des donn\u00e9es est la Pr\u00e9sidence de l\u2019Universit\u00e9 Cadi Ayyad.<\/p>\n<p style=\"text-align: justify;\">Conform\u00e9ment \u00e0 la loi n\u00b0 09-08 promulgu\u00e9e par le Dahir 1-09-15 du 18 f\u00e9vrier 2009, relative \u00e0 la protection des personnes physiques \u00e0 l\u2019\u00e9gard du traitement des donn\u00e9es \u00e0 caract\u00e8re personnel, vous b\u00e9n\u00e9ficiez d\u2019un droit d\u2019acc\u00e8s et de rectification aux informations qui vous concernent, que vous pouvez exercer en vous adressant au service informatique \u00e0 l\u2019adresse suivante : admin@uca.ac.ma.<\/p>\n<p style=\"text-align: justify;\">Vous pouvez \u00e9galement, pour des motifs l\u00e9gitimes, vous opposer \u00e0 ce que les donn\u00e9es qui vous concernent fassent l\u2019objet d\u2019un traitement. Ce traitement a \u00e9t\u00e9 notifi\u00e9 aupr\u00e8s de la CNDP au titre de r\u00e9c\u00e9piss\u00e9 n\u00b0 : &#8230;&#8230;<\/p>\n<\/div>\n<\/div>\n<\/div>\n<\/div>\n<\/div>\n","protected":false},"excerpt":{"rendered":"<p>Conditions g\u00e9n\u00e9rales d\u2019utilisation l\u2019Ecole Sup\u00e9rieure de Technologie de Safi (ESTS), situ\u00e9e Avenue Route Dar Si A\u00efssa, B.P. 89, 46000, Safi, Maroc, collecte vos donn\u00e9es \u00e0 caract\u00e8re personnel en vue de la gestion des Cookies. Les informations recueillies sur le site ests.uca.ma font l\u2019objet d\u2019un traitement destin\u00e9 \u00e0 la gestion des Cookies. Pour des raisons d\u2019h\u00e9bergement,<\/p>\n","protected":false},"author":1,"featured_media":0,"parent":0,"menu_order":0,"comment_status":"closed","ping_status":"closed","template":"","meta":{"footnotes":""},"class_list":["post-6002","page","type-page","status-publish","hentry"],"_links":{"self":[{"href":"https:\/\/www.ests.uca.ma\/index.php?rest_route=\/wp\/v2\/pages\/6002","targetHints":{"allow":["GET"]}}],"collection":[{"href":"https:\/\/www.ests.uca.ma\/index.php?rest_route=\/wp\/v2\/pages"}],"about":[{"href":"https:\/\/www.ests.uca.ma\/index.php?rest_route=\/wp\/v2\/types\/page"}],"author":[{"embeddable":true,"href":"https:\/\/www.ests.uca.ma\/index.php?rest_route=\/wp\/v2\/users\/1"}],"replies":[{"embeddable":true,"href":"https:\/\/www.ests.uca.ma\/index.php?rest_route=%2Fwp%2Fv2%2Fcomments&post=6002"}],"version-history":[{"count":2,"href":"https:\/\/www.ests.uca.ma\/index.php?rest_route=\/wp\/v2\/pages\/6002\/revisions"}],"predecessor-version":[{"id":6004,"href":"https:\/\/www.ests.uca.ma\/index.php?rest_route=\/wp\/v2\/pages\/6002\/revisions\/6004"}],"wp:attachment":[{"href":"https:\/\/www.ests.uca.ma\/index.php?rest_route=%2Fwp%2Fv2%2Fmedia&parent=6002"}],"curies":[{"name":"wp","href":"https:\/\/api.w.org\/{rel}","templated":true}]}}