{"id":5922,"date":"2026-02-05T09:41:01","date_gmt":"2026-02-05T08:41:01","guid":{"rendered":"https:\/\/www.ests.uca.ma\/?page_id=5922"},"modified":"2026-02-05T10:11:38","modified_gmt":"2026-02-05T09:11:38","slug":"email-academique-etudiant","status":"publish","type":"page","link":"https:\/\/www.ests.uca.ma\/?page_id=5922","title":{"rendered":"Email Acad\u00e9mique \u00c9tudiant"},"content":{"rendered":"<div id=\"welcome-container\" class=\"\">\n<h1 class=\" survey-name large-heading mt-0\" style=\"text-align: center;\"><span style=\"color: #333399;\">Email Acad\u00e9mique \u00c9tudiant<\/span><\/h1>\n<p><em><span style=\"font-family: 'book antiqua', palatino, serif;\"><strong><span style=\"color: #3366ff; font-size: 14pt;\">Email acad\u00e9mique\u00a0 :<\/span><\/strong><\/span><\/em><\/p>\n<table style=\"border-collapse: collapse; width: 100%;\">\n<tbody>\n<tr>\n<td style=\"width: 100%; border-style: solid; background-color: #bce0d6; border-color: #91a6fa; text-align: left;\"><strong>Votre email acad\u00e9mique se termine par <code><span style=\"color: #000080;\">@uca.ac.ma<\/span><\/code><\/strong><\/p>\n<p>Exemple : <span style=\"font-size: 18pt;\"><strong><span style=\"color: #008080;\">p<\/span>.<span style=\"color: #ff0000;\">nom<\/span><span style=\"color: #800080;\">1234<\/span><span style=\"color: #333399;\">@uca.ac.ma<\/span><\/strong><\/span><\/p>\n<ul style=\"list-style-type: disc;\">\n<li><strong><span style=\"color: #008080;\">p<\/span><\/strong>: Premier lettre du pr\u00e9nom.<\/li>\n<li><span style=\"color: #ff0000;\"><strong>nom<\/strong><\/span>: Votre nom de famille.<\/li>\n<li><strong><span style=\"color: #800080;\">1234<\/span><\/strong> : 4 derniers chiffres de votre code Massar (Exemple : K00000<strong><span style=\"color: #800080;\">1234<\/span><\/strong>)<\/li>\n<\/ul>\n<\/td>\n<\/tr>\n<\/tbody>\n<\/table>\n<p>&nbsp;<\/p>\n<p><em><span style=\"font-family: 'book antiqua', palatino, serif;\"><strong><span style=\"color: #3366ff; font-size: 14pt;\">R\u00e9initialiser votre email acad\u00e9mique ou votre mot de passe :<\/span><\/strong><\/span><\/em><\/p>\n<table style=\"border-collapse: collapse; width: 100%;\">\n<tbody>\n<tr>\n<td style=\"width: 100%; border-style: solid; background-color: #bce0d6; border-color: #91a6fa; text-align: left;\">Si vous avez oubli\u00e9 votre email acad\u00e9mique ou votre mot de passe, ne vous inqui\u00e9tez pas ! Suivez simplement ces \u00e9tapes pour r\u00e9cup\u00e9rer vos identifiants :<\/p>\n<ol>\n<li><strong>Vous avez oubli\u00e9 votre email acad\u00e9mique ?<\/strong>\n<ul>\n<li><a href=\"https:\/\/ucastudent.uca.ma\/student\/MailRecovery\">Cliquez ici pour r\u00e9cup\u00e9rer votre email acad\u00e9mique<\/a><\/li>\n<\/ul>\n<\/li>\n<li><strong>Vous avez oubli\u00e9 votre mot de passe ?<\/strong>\n<ul>\n<li><a href=\"https:\/\/ucastudent.uca.ma\/student\/MailRestPassword\">Cliquez ici pour r\u00e9initialiser votre mot de passe<\/a><\/li>\n<\/ul>\n<\/li>\n<\/ol>\n<\/td>\n<\/tr>\n<\/tbody>\n<\/table>\n<\/div>\n<p>&nbsp;<\/p>\n<div id=\"welcome-container\" class=\"\">\n<p><em><span style=\"font-family: 'book antiqua', palatino, serif;\"><strong><span style=\"color: #3366ff; font-size: 14pt;\">Utilisation de t\u00e9l\u00e9phone et email personnels :<\/span><\/strong><\/span><\/em><\/p>\n<table style=\"width: 100%; border-collapse: collapse; background-color: #bce0d6; border-color: #91a6fa; height: 95px;\">\n<tbody>\n<tr style=\"height: 39px;\">\n<td style=\"width: 92.1429%; text-align: left; vertical-align: middle; height: 39px;\">\n<ul style=\"list-style-type: disc;\">\n<li><span style=\"font-size: 12pt; font-family: 'book antiqua', palatino, serif; color: #000000;\"><strong>Le t\u00e9l\u00e9phone et l&#8217;email personnels seront utilis\u00e9s uniquement comme moyens de r\u00e9cup\u00e9ration.<\/strong><\/span><\/li>\n<li><span style=\"font-size: 12pt; font-family: 'book antiqua', palatino, serif; color: #000000;\">Les donn\u00e9es relatives au compte acad\u00e9mique\u00a0<strong>(@uca.ac.ma)<\/strong>\u00a0seront envoy\u00e9es \u00e0 votre\u00a0<strong>adresse email personnelle<\/strong><\/span><\/li>\n<\/ul>\n<\/td>\n<\/tr>\n<\/tbody>\n<\/table>\n<div class=\" survey-welcome form-heading\"><\/div>\n<\/div>\n<div class=\" privacy row\">\n<div class=\"col-12 col-centered \"><\/div>\n<\/div>\n<div id=\"navigator-container\" class=\" row navigator space-col\"><\/div>\n","protected":false},"excerpt":{"rendered":"<p>Email Acad\u00e9mique \u00c9tudiant Email acad\u00e9mique\u00a0 : Votre email acad\u00e9mique se termine par @uca.ac.ma Exemple : p.nom1234@uca.ac.ma p: Premier lettre du pr\u00e9nom. nom: Votre nom de famille. 1234 : 4 derniers chiffres de votre code Massar (Exemple : K000001234) &nbsp; R\u00e9initialiser votre email acad\u00e9mique ou votre mot de passe : Si vous avez oubli\u00e9 votre email<\/p>\n","protected":false},"author":1,"featured_media":0,"parent":0,"menu_order":0,"comment_status":"closed","ping_status":"closed","template":"","meta":{"footnotes":""},"class_list":["post-5922","page","type-page","status-publish","hentry"],"_links":{"self":[{"href":"https:\/\/www.ests.uca.ma\/index.php?rest_route=\/wp\/v2\/pages\/5922","targetHints":{"allow":["GET"]}}],"collection":[{"href":"https:\/\/www.ests.uca.ma\/index.php?rest_route=\/wp\/v2\/pages"}],"about":[{"href":"https:\/\/www.ests.uca.ma\/index.php?rest_route=\/wp\/v2\/types\/page"}],"author":[{"embeddable":true,"href":"https:\/\/www.ests.uca.ma\/index.php?rest_route=\/wp\/v2\/users\/1"}],"replies":[{"embeddable":true,"href":"https:\/\/www.ests.uca.ma\/index.php?rest_route=%2Fwp%2Fv2%2Fcomments&post=5922"}],"version-history":[{"count":24,"href":"https:\/\/www.ests.uca.ma\/index.php?rest_route=\/wp\/v2\/pages\/5922\/revisions"}],"predecessor-version":[{"id":5949,"href":"https:\/\/www.ests.uca.ma\/index.php?rest_route=\/wp\/v2\/pages\/5922\/revisions\/5949"}],"wp:attachment":[{"href":"https:\/\/www.ests.uca.ma\/index.php?rest_route=%2Fwp%2Fv2%2Fmedia&parent=5922"}],"curies":[{"name":"wp","href":"https:\/\/api.w.org\/{rel}","templated":true}]}}