{"id":5657,"date":"2025-09-29T16:47:00","date_gmt":"2025-09-29T14:47:00","guid":{"rendered":"http:\/\/www.ests.uca.ma\/?page_id=5657"},"modified":"2025-10-27T10:22:49","modified_gmt":"2025-10-27T09:22:49","slug":"master-duniversite-en-ingenierie-de-la-qualite-hygiene-securite-et-environnement","status":"publish","type":"page","link":"https:\/\/www.ests.uca.ma\/?page_id=5657","title":{"rendered":"Master d\u2019Universit\u00e9 en Ing\u00e9nierie de la Qualit\u00e9, Hygi\u00e8ne, S\u00e9curit\u00e9 et Environnement"},"content":{"rendered":"<p style=\"text-align: center;\"><span style=\"font-size: 14pt; color: #3366ff;\"><strong>Master d\u2019Universit\u00e9 en Ing\u00e9nierie de la Qualit\u00e9, Hygi\u00e8ne, S\u00e9curit\u00e9 et Environnement<\/strong><\/span><\/p>\n<p style=\"text-align: center;\"><span style=\"font-size: 24pt; color: #666699;\"><strong>[MU IQHSE]<\/strong><\/span><\/p>\n<p style=\"text-align: center;\"><span style=\"font-size: 14pt; color: #666699;\">\u00ab\u00a0Un Master d\u2019Universit\u00e9 pour former les leaders QHSE de demain \u00bb<\/span><\/p>\n<p style=\"text-align: center;\"><span style=\"font-size: 24pt; color: #008000; font-family: impact, sans-serif;\">Les inscriptions pour l\u2019ann\u00e9e universitaire\u00a0 2025-2026 sont toujours ouvertes<\/span><\/p>\n<p>&nbsp;<\/p>\n<p><span style=\"font-size: 18pt; color: #3366ff;\"><strong>Objectifs de la Formation\u00a0:<\/strong><\/span><\/p>\n<p>Le Master Ing\u00e9nierie de la Qualit\u00e9, Hygi\u00e8ne, S\u00e9curit\u00e9 et Environnement (IQHSE) vise \u00e0 former des professionnels de haut niveau, capables de concevoir, mettre en \u0153uvre et piloter des d\u00e9marches int\u00e9gr\u00e9es conformes aux exigences internationales en mati\u00e8re de qualit\u00e9, s\u00e9curit\u00e9, hygi\u00e8ne et environnement.<\/p>\n<p>Cette formation a pour objectif de former des sp\u00e9cialistes aptes \u00e0 :<\/p>\n<ul>\n<li><strong>Concevoir et d\u00e9ployer une d\u00e9marche QHSE globale :<\/strong> Assurer la s\u00e9curit\u00e9 des employ\u00e9s, la protection de l\u2019environnement et renforcer la comp\u00e9titivit\u00e9 des organisations.<\/li>\n<li><strong>Identifier, analyser, \u00e9valuer et ma\u00eetriser les risques :<\/strong> Proposer des politiques QHSE adapt\u00e9es pour am\u00e9liorer la r\u00e9silience, r\u00e9duire l\u2019impact environnemental et optimiser la sant\u00e9 et la s\u00e9curit\u00e9 au travail.<\/li>\n<li><strong>Mettre en place et animer des Syst\u00e8mes de Management Int\u00e9gr\u00e9 (SMI) :<\/strong> Garantir la conformit\u00e9 aux normes ISO et aux exigences r\u00e9glementaires en vigueur.<\/li>\n<li><strong>\u00c9laborer et d\u00e9ployer des politiques, processus et proc\u00e9dures QHSE :<\/strong> Concevoir des dispositifs innovants et performants facilitant l\u2019obtention et le maintien des certifications et assurant l\u2019excellence op\u00e9rationnelle.<\/li>\n<li><strong>Accompagner les organismes dans la pr\u00e9paration aux certifications et aux audits :<\/strong> D\u00e9velopper les comp\u00e9tences n\u00e9cessaires pour conseiller, auditer et soutenir les structures dans leurs d\u00e9marches de reconnaissance internationale.<\/li>\n<li><strong>Assurer une veille r\u00e9glementaire et normative :<\/strong> Anticiper les \u00e9volutions du cadre l\u00e9gal et des standards internationaux pour adapter en permanence les pratiques des organismes.<\/li>\n<\/ul>\n<p>Ainsi, le Master d\u2019Universit\u00e9 IQHSE forme des professionnels polyvalents, capables de transformer les d\u00e9fis li\u00e9s \u00e0 la qualit\u00e9, \u00e0 la s\u00e9curit\u00e9, \u00e0 l\u2019hygi\u00e8ne et \u00e0 l\u2019environnement en leviers de performance et d\u2019innovation pour les organisations.<strong>\u00a0<\/strong><\/p>\n<p><span style=\"font-size: 18pt; color: #3366ff;\"><strong>Public cible\u00a0:<\/strong><\/span><\/p>\n<p>Cette formation est ouverte aux \u00e9tudiants et aux professionnels titulaires d\u2019un dipl\u00f4me BAC+3, toutes options confondues (inscription en M1 et ensuite en M2), ou les titulaires d\u2019un dipl\u00f4me BAC+4 (possibilit\u00e9 d\u2019inscription directement en M2).<\/p>\n<p><strong>Proc\u00e9dure d\u2019inscription\u00a0:<\/strong><\/p>\n<ul>\n<li><strong>\u00c9tape 1<\/strong>: Pr\u00e9inscription en ligne (cette \u00e9tape n\u2019est pas obligatoire mais elle est tr\u00e8s utile)\u00a0 \/ Utiliser le lien suivant pour la pr\u00e9inscription:<\/li>\n<\/ul>\n<p><a href=\"https:\/\/forms.gle\/eY4QGUrTcCAAubKm6\"><img loading=\"lazy\" decoding=\"async\" class=\"aligncenter\" src=\"http:\/\/www.ests.uca.ma\/wp-content\/uploads\/2021\/08\/unnamed.png\" width=\"205\" height=\"73\" \/><\/a><\/p>\n<ul>\n<li><strong>\u00c9tape 2<\/strong> :\u00a0Inscription au secr\u00e9tariat de la formation, en ramenant les pi\u00e8ces suivantes\u00a0(Pri\u00e8re de bien vouloir contacter Mme IIBTISSAM au\u00a0<strong>0670099695<\/strong>\u00a0avant de venir \u00e0 l\u2019EST pour l\u2019inscription)\u00a0:<\/li>\n<\/ul>\n<ol>\n<li><strong>Deux copies l\u00e9galis\u00e9es du Baccalaur\u00e9at<\/strong><\/li>\n<li><strong>Deux copies l\u00e9galis\u00e9es du bac+3, du bac+4 ou plus<\/strong><\/li>\n<li><strong>Deux copies l\u00e9galis\u00e9es de la CIN<\/strong><\/li>\n<li><strong>Deux photos d\u2019identit\u00e9<\/strong><\/li>\n<\/ol>\n<ul>\n<li><strong>\u00c9tape\u00a03<\/strong> :\u00a0S\u00e9lection des candidats<\/li>\n<li><strong>\u00c9tape\u00a04<\/strong> :\u00a0Inscription d\u00e9finitive et payement d\u2019une partie des frais d\u2019inscription<\/li>\n<\/ul>\n<p><span style=\"color: #3366ff; font-size: 18pt;\"><strong>Observations\u00a0:<\/strong><\/span><\/p>\n<ul>\n<li>Le nombre maximum de candidats \u00e9tant limit\u00e9, les dossiers seront trait\u00e9s en tenant compte notamment de la date de pr\u00e9inscription<\/li>\n<\/ul>\n<ul>\n<li>S\u00e9lection : \u00c9tude de dossier et entretien<\/li>\n<li>\u00c9valuation : Examens, Activit\u00e9s Pratiques, Pr\u00e9sentations orales, Stage de fin d\u2019\u00e9tudes<\/li>\n<li>Dipl\u00f4me d\u00e9livr\u00e9 : Master d\u2019Universit\u00e9<\/li>\n<li>Contacts\u00a0:\n<ul>\n<li>Responsable de la formation\u00a0: Anass Cherrafi, T\u00e9l\u00a0: 0659340944 \u00a0Email\u00a0: <a href=\"mailto:a.cherrafi.1@gmail.com\">a.cherrafi.1@gmail.com<\/a>Site web\u00a0:\u00a0<a href=\"http:\/\/www.ests.uca.ma\/\">ests.uca.ma<\/a>\u00a0(il faut consulter les rubriques: FORMATION\/FORMATION CONTINUE\/MASTER D\u2019UNIVERSIT\u00c9 IQHSE)<\/li>\n<\/ul>\n<\/li>\n<\/ul>\n<p><span style=\"font-size: 18pt; color: #3366ff;\"><strong>Co\u00fbt de la formation <\/strong><\/span><\/p>\n<ol>\n<li><strong>Frais de dossier <\/strong>(non remboursables)<strong> : 500 DH<\/strong><\/li>\n<li><strong>Frais de formation : <\/strong><\/li>\n<\/ol>\n<ul>\n<li>40000 DH pour les candidats titulaires d\u2019un dipl\u00f4me Bac+3<\/li>\n<li>24000 DH pour les candidats titulaires d\u2019un dipl\u00f4me Bac+4\n<ol start=\"3\">\n<li><strong>Modalit\u00e9s de paiement : <\/strong>Le montant des frais de formation est payable en plusieurs tranches.<\/li>\n<\/ol>\n<\/li>\n<\/ul>\n<p><span style=\"font-size: 18pt; color: #3366ff;\"><strong>Contenu p\u00e9dagogique\u00a0:<\/strong><\/span><\/p>\n<p>Le programme de la formation comprend des enseignements th\u00e9oriques et pratiques, des s\u00e9minaires de sp\u00e9cialistes universitaires et professionnels et un stage professionnel.<\/p>\n<p><span style=\"color: #00ccff; font-size: 14pt;\"><strong>Premier semestre\u00a0:<\/strong><\/span><\/p>\n<p>&nbsp;<\/p>\n<table style=\"background-color: #90e8db;\">\n<tbody>\n<tr>\n<td style=\"text-align: left;\" width=\"329\"><strong>1.\u00a0\u00a0\u00a0\u00a0\u00a0 <\/strong>Concepts Qualit\u00e9<\/td>\n<\/tr>\n<tr>\n<td style=\"text-align: left;\" width=\"329\"><strong>2.\u00a0\u00a0\u00a0\u00a0\u00a0 <\/strong>Les Fondements du HSE<\/td>\n<\/tr>\n<tr>\n<td style=\"text-align: left;\" width=\"329\"><strong>3.\u00a0\u00a0\u00a0\u00a0\u00a0 <\/strong>Maintenance et Production<\/td>\n<\/tr>\n<tr>\n<td style=\"text-align: left;\" width=\"329\"><strong>4.\u00a0\u00a0\u00a0\u00a0\u00a0 <\/strong>M\u00e9trologie<\/td>\n<\/tr>\n<tr>\n<td style=\"text-align: left;\" width=\"329\"><strong>5.\u00a0\u00a0\u00a0\u00a0\u00a0 <\/strong>Ma\u00eetrise Statistique des Processus<\/td>\n<\/tr>\n<tr>\n<td style=\"text-align: left;\" width=\"329\"><strong>6.\u00a0\u00a0\u00a0\u00a0\u00a0 <\/strong>Communication et Animation en QHSE<\/td>\n<\/tr>\n<\/tbody>\n<\/table>\n<p>&nbsp;<\/p>\n<p><span style=\"font-size: 14pt; color: #00ccff;\"><strong>Deuxi\u00e8me semestre\u00a0:<\/strong><\/span><\/p>\n<table style=\"background-color: #90e8db;\">\n<tbody>\n<tr>\n<td style=\"text-align: left;\" width=\"329\"><strong>7.\u00a0\u00a0\u00a0\u00a0\u00a0 <\/strong>Management des projets<\/td>\n<\/tr>\n<tr>\n<td style=\"text-align: left;\" width=\"329\"><strong>8.\u00a0\u00a0\u00a0\u00a0\u00a0 <\/strong>Lean Manufacturing<\/td>\n<\/tr>\n<tr>\n<td style=\"text-align: left;\" width=\"329\"><strong>9.\u00a0\u00a0\u00a0\u00a0\u00a0 <\/strong>Management Strat\u00e9gique<\/td>\n<\/tr>\n<tr>\n<td style=\"text-align: left;\" width=\"329\"><strong>10.\u00a0 <\/strong>Gestion des rejets et des d\u00e9chets<\/td>\n<\/tr>\n<tr>\n<td style=\"text-align: left;\" width=\"329\"><strong>11.\u00a0 <\/strong>QHSE 4.0 \u2013 Digitalisation et Industrie 4.0<\/td>\n<\/tr>\n<tr>\n<td style=\"text-align: left;\" width=\"329\"><strong>12.\u00a0 <\/strong>Management de la s\u00e9curit\u00e9 des denr\u00e9es alimentaires<\/td>\n<\/tr>\n<\/tbody>\n<\/table>\n<p>&nbsp;<\/p>\n<p><span style=\"font-size: 14pt; color: #00ccff;\"><strong>Troisi\u00e8me semestre\u00a0:<\/strong><\/span><\/p>\n<table style=\"background-color: #90e8db;\">\n<tbody>\n<tr>\n<td style=\"text-align: left;\" width=\"329\"><strong>13.\u00a0 <\/strong>\u00a0Syst\u00e8me de Management Qualit\u00e9 ISO 9001<\/td>\n<\/tr>\n<tr>\n<td style=\"text-align: left;\" width=\"329\"><strong>14.\u00a0 <\/strong>Syst\u00e8me de Management Environnemental ISO 14001<\/td>\n<\/tr>\n<tr>\n<td style=\"text-align: left;\" width=\"329\"><strong>15.\u00a0 <\/strong>Syst\u00e8me de Management de la sant\u00e9 et de la s\u00e9curit\u00e9 au travail ISO 45001<\/td>\n<\/tr>\n<tr>\n<td style=\"text-align: left;\" width=\"329\"><strong>16.\u00a0 <\/strong>Syst\u00e8me de Management des Risques ISO 31000<\/td>\n<\/tr>\n<tr>\n<td style=\"text-align: left;\" width=\"329\"><strong>17.\u00a0 <\/strong>Syst\u00e8me de Management de l\u2019\u00e9nergie \u2013 ISO 50001<\/td>\n<\/tr>\n<tr>\n<td style=\"text-align: left;\" width=\"329\"><strong>18.\u00a0 <\/strong>Leadership et n\u00e9gociation en QHSE<\/td>\n<\/tr>\n<\/tbody>\n<\/table>\n<p>&nbsp;<\/p>\n<p><span style=\"font-size: 14pt; color: #00ccff;\"><strong>Quatri\u00e8me semestre\u00a0:<\/strong><\/span><\/p>\n<p>Stage de fin d\u2019\u00e9tudes<\/p>\n<p>&nbsp;<\/p>\n<p style=\"text-align: justify;\"><em><strong><span style=\"color: #3366ff; font-size: 18pt;\">Contact<\/span><\/strong><\/em><\/p>\n<table class=\" alignleft\" style=\"width: 100%; border-collapse: collapse; border-color: #ffffff;\">\n<tbody>\n<tr>\n<td style=\"width: 9.47711%;\"><img loading=\"lazy\" decoding=\"async\" src=\"http:\/\/www.ests.uca.ma\/wp-content\/uploads\/2019\/07\/img_311846.png\" alt=\"\" width=\"50\" height=\"50\" \/><\/td>\n<td style=\"width: 90.5229%; text-align: left;\"><strong>Responsable de la formation\u00a0:<\/strong> <span style=\"color: #003366;\">P<strong>r Anass CHERRAFI<\/strong><\/span><\/td>\n<\/tr>\n<tr>\n<td style=\"width: 9.47711%;\" rowspan=\"2\"><img loading=\"lazy\" decoding=\"async\" src=\"http:\/\/www.ests.uca.ma\/wp-content\/uploads\/2019\/07\/img_346970.png\" alt=\"\" width=\"50\" height=\"50\" \/><\/td>\n<td style=\"width: 90.5229%; text-align: left;\"><strong><span style=\"color: #003366;\"><span style=\"color: #333333;\">\u00a0Secr\u00e9tariat de la formation<\/span><\/span><\/strong><\/td>\n<\/tr>\n<tr>\n<td style=\"width: 90.5229%; text-align: left;\"><strong><span style=\"color: #003366;\"> 0659340944\u00a0 <span style=\"color: #333333;\">(Pr Anass CHERRAFI) Responsable de la formation<\/span><br \/>\n<\/span><\/strong><\/td>\n<\/tr>\n<tr>\n<td style=\"width: 9.47711%;\"><img loading=\"lazy\" decoding=\"async\" src=\"http:\/\/www.ests.uca.ma\/wp-content\/uploads\/2019\/07\/home-house-main-page-building-address-location-2-2684.png\" alt=\"\" width=\"50\" height=\"50\" \/><\/td>\n<td style=\"width: 90.5229%; text-align: left;\"><strong>ECOLE SUP\u00c9RIEURE DE TECHNOLOGIE, Route Dar Si A\u00efssa, BP 89, SAFI<\/strong><\/td>\n<\/tr>\n<tr>\n<td style=\"width: 9.47711%;\"><img loading=\"lazy\" decoding=\"async\" src=\"http:\/\/www.ests.uca.ma\/wp-content\/uploads\/2019\/07\/58485698e0bb315b0f7675a8.png\" alt=\"\" width=\"50\" height=\"50\" \/><\/td>\n<td style=\"width: 90.5229%; text-align: left;\"><a href=\"mailto:a.cherrafi.1@gmail.com\">a.cherrafi.1@gmail.com<\/a><\/td>\n<\/tr>\n<\/tbody>\n<\/table>\n<p>&nbsp;<\/p>\n","protected":false},"excerpt":{"rendered":"<p>Master d\u2019Universit\u00e9 en Ing\u00e9nierie de la Qualit\u00e9, Hygi\u00e8ne, S\u00e9curit\u00e9 et Environnement [MU IQHSE] \u00ab\u00a0Un Master d\u2019Universit\u00e9 pour former les leaders QHSE de demain \u00bb Les inscriptions pour l\u2019ann\u00e9e universitaire\u00a0 2025-2026 sont toujours ouvertes &nbsp; Objectifs de la Formation\u00a0: Le Master Ing\u00e9nierie de la Qualit\u00e9, Hygi\u00e8ne, S\u00e9curit\u00e9 et Environnement (IQHSE) vise \u00e0 former des professionnels de<\/p>\n","protected":false},"author":1,"featured_media":165,"parent":0,"menu_order":0,"comment_status":"closed","ping_status":"closed","template":"","meta":{"footnotes":""},"class_list":["post-5657","page","type-page","status-publish","has-post-thumbnail","hentry"],"_links":{"self":[{"href":"https:\/\/www.ests.uca.ma\/index.php?rest_route=\/wp\/v2\/pages\/5657","targetHints":{"allow":["GET"]}}],"collection":[{"href":"https:\/\/www.ests.uca.ma\/index.php?rest_route=\/wp\/v2\/pages"}],"about":[{"href":"https:\/\/www.ests.uca.ma\/index.php?rest_route=\/wp\/v2\/types\/page"}],"author":[{"embeddable":true,"href":"https:\/\/www.ests.uca.ma\/index.php?rest_route=\/wp\/v2\/users\/1"}],"replies":[{"embeddable":true,"href":"https:\/\/www.ests.uca.ma\/index.php?rest_route=%2Fwp%2Fv2%2Fcomments&post=5657"}],"version-history":[{"count":8,"href":"https:\/\/www.ests.uca.ma\/index.php?rest_route=\/wp\/v2\/pages\/5657\/revisions"}],"predecessor-version":[{"id":5764,"href":"https:\/\/www.ests.uca.ma\/index.php?rest_route=\/wp\/v2\/pages\/5657\/revisions\/5764"}],"wp:featuredmedia":[{"embeddable":true,"href":"https:\/\/www.ests.uca.ma\/index.php?rest_route=\/wp\/v2\/media\/165"}],"wp:attachment":[{"href":"https:\/\/www.ests.uca.ma\/index.php?rest_route=%2Fwp%2Fv2%2Fmedia&parent=5657"}],"curies":[{"name":"wp","href":"https:\/\/api.w.org\/{rel}","templated":true}]}}