{"id":54,"date":"2019-06-19T11:04:51","date_gmt":"2019-06-19T09:04:51","guid":{"rendered":"http:\/\/www.ests.uca.ma\/?page_id=54"},"modified":"2025-07-17T12:37:14","modified_gmt":"2025-07-17T10:37:14","slug":"dut-techniques-de-management","status":"publish","type":"page","link":"https:\/\/www.ests.uca.ma\/?page_id=54","title":{"rendered":"DUT TECHNIQUES DE MANAGEMENT"},"content":{"rendered":"<p style=\"text-align: justify;\"><em><span style=\"color: #3366ff;\"><strong><span style=\"font-size: 18pt;\">Objectifs de la formation<\/span><\/strong><\/span><\/em><\/p>\n<p style=\"text-align: justify;\">En cours d&rsquo;\u00e9dition&#8230;<\/p>\n<p style=\"text-align: justify;\"><em><span style=\"color: #3366ff;\"><strong><span style=\"font-size: 18pt;\">Comp\u00e9tences\u00a0<\/span><\/strong><\/span><\/em><\/p>\n<p>En cours d&rsquo;\u00e9dition&#8230;<\/p>\n<p style=\"text-align: justify;\"><span style=\"color: #3366ff;\"><em><span style=\"font-size: 18pt;\"><strong>D\u00e9bouch\u00e9s de la formation<\/strong><\/span><\/em><\/span><\/p>\n<p>En cours d&rsquo;\u00e9dition&#8230;<\/p>\n<p style=\"text-align: justify;\"><span style=\"color: #3366ff;\"><em><strong><span style=\"font-size: 18pt;\">Programme\u00a0<\/span><\/strong><\/em><\/span><\/p>\n<p style=\"text-align: justify;\"><strong><em><u>Semestre <\/u><\/em><\/strong><strong><em>I<\/em><\/strong><\/p>\n<table style=\"width: 100%; border-collapse: collapse; border-style: solid;\">\n<tbody>\n<tr>\n<td style=\"width: 16.6667%; background-color: #55efc4; border-style: solid;\"><em><strong>Module<\/strong><strong> 1\u00a0<\/strong><\/em><\/td>\n<td style=\"width: 16.6667%; background-color: #55efc4; border-style: solid;\"><em><strong>Module 2<\/strong><\/em><\/td>\n<td style=\"width: 16.6667%; background-color: #55efc4; border-style: solid;\"><em><strong>Module 3<\/strong><\/em><\/td>\n<td style=\"width: 16.6667%; background-color: #55efc4; border-style: solid;\"><em><strong>Module 4<\/strong><\/em><\/td>\n<td style=\"width: 16.6667%; background-color: #55efc4; border-style: solid;\"><em><strong>Module 5<\/strong><\/em><\/td>\n<td style=\"width: 8.33335%; background-color: #55efc4; border-style: solid;\"><em><strong>Module 6<\/strong><\/em><\/td>\n<td style=\"width: 8.33335%; background-color: #55efc4; border-style: solid;\"><em><strong>Module 7<\/strong><\/em><\/td>\n<\/tr>\n<tr>\n<td style=\"width: 16.6667%; background-color: #81ecec; border-style: solid;\">Management des organisations<\/td>\n<td style=\"width: 16.6667%; background-color: #81ecec; border-style: solid;\">Micro \u00e9conomie<\/td>\n<td style=\"width: 16.6667%; background-color: #81ecec; border-style: solid;\">Comptabilit\u00e9 G\u00e9n\u00e9rale I<\/td>\n<td style=\"width: 16.6667%; background-color: #81ecec; border-style: solid;\">Math\u00e9matiques Appliqu\u00e9es et Informatique<\/td>\n<td style=\"width: 16.6667%; background-color: #81ecec; border-style: solid;\">Statistique et techniques d\u2019enqu\u00eate<\/td>\n<td style=\"width: 8.33335%; background-color: #81ecec; border-style: solid;\">\u00a0Langues Etrang\u00e8res 1<\/td>\n<td style=\"width: 8.33335%; background-color: #81ecec; border-style: solid;\">M\u00e9thodologie de travail universitaire<\/td>\n<\/tr>\n<\/tbody>\n<\/table>\n<p style=\"text-align: justify;\"><strong><em>Semestre II<\/em><\/strong><\/p>\n<table style=\"width: 100%; border-collapse: collapse; border-style: solid;\">\n<tbody>\n<tr>\n<td style=\"width: 16.6667%; background-color: #55efc4; border-style: solid;\"><em><strong>Module 8<\/strong><\/em><\/td>\n<td style=\"width: 16.6667%; background-color: #55efc4; border-style: solid;\"><em><strong>Module 9<\/strong><\/em><\/td>\n<td style=\"width: 16.6667%; background-color: #55efc4; border-style: solid;\"><em><strong>Module 10<\/strong><\/em><\/td>\n<td style=\"width: 16.6667%; background-color: #55efc4; border-style: solid;\"><em><strong>Module 11<\/strong><\/em><\/td>\n<td style=\"width: 16.6667%; background-color: #55efc4; border-style: solid;\"><em><strong>Module 12<\/strong><\/em><\/td>\n<td style=\"width: 8.33335%; background-color: #55efc4; border-style: solid;\"><em><strong>Module 13<\/strong><\/em><\/td>\n<td style=\"width: 8.33335%; background-color: #55efc4; border-style: solid;\"><em><strong>Module 14<\/strong><\/em><\/td>\n<\/tr>\n<tr>\n<td style=\"width: 16.6667%; background-color: #81ecec; border-style: solid;\">Introduction \u00e0 l\u2019\u00e9tude de droit et terminologie<\/td>\n<td style=\"width: 16.6667%; background-color: #81ecec; border-style: solid;\">Marketing<\/td>\n<td style=\"width: 16.6667%; background-color: #81ecec; border-style: solid;\">Informatique de gestion<\/td>\n<td style=\"width: 16.6667%; background-color: #81ecec; border-style: solid;\">Comptabilit\u00e9 G\u00e9n\u00e9rale II et Probabilit\u00e9s<\/td>\n<td style=\"width: 16.6667%; background-color: #81ecec; border-style: solid;\">Math\u00e9matiques Financi\u00e8res<\/td>\n<td style=\"width: 8.33335%; background-color: #81ecec; border-style: solid;\">Langues Etrang\u00e8res 2<\/td>\n<td style=\"width: 8.33335%; background-color: #81ecec; border-style: solid;\">Culture digitale<\/td>\n<\/tr>\n<\/tbody>\n<\/table>\n<p style=\"text-align: justify;\"><strong><em>Semestre III<\/em><\/strong><\/p>\n<table style=\"width: 100%; border-collapse: collapse; border-style: solid;\">\n<tbody>\n<tr>\n<td style=\"width: 16.6667%; background-color: #55efc4; border-style: solid;\"><em><strong>Module 15<\/strong><\/em><\/td>\n<td style=\"width: 16.6667%; background-color: #55efc4; border-style: solid;\"><em><strong>Module 16<\/strong><\/em><\/td>\n<td style=\"width: 16.6667%; background-color: #55efc4; border-style: solid;\"><em><strong>Module 17<\/strong><\/em><\/td>\n<td style=\"width: 16.6667%; background-color: #55efc4; border-style: solid;\"><em><strong>Module 18<\/strong><\/em><\/td>\n<td style=\"width: 16.6667%; background-color: #55efc4; border-style: solid;\"><em><strong>Module 19<\/strong><\/em><\/td>\n<td style=\"width: 8.33335%; background-color: #55efc4; border-style: solid;\"><em><strong>Module 20<\/strong><\/em><\/td>\n<td style=\"width: 8.33335%; background-color: #55efc4; border-style: solid;\"><em><strong>Module 21<\/strong><\/em><\/td>\n<\/tr>\n<tr>\n<td style=\"width: 16.6667%; background-color: #81ecec; border-style: solid;\">Management Strat\u00e9gique et Droit Commercial<\/td>\n<td style=\"width: 16.6667%; background-color: #81ecec; border-style: solid;\">Gestion des Ressources Humaines<\/td>\n<td style=\"width: 16.6667%; background-color: #81ecec; border-style: solid;\">Comptabilit\u00e9 Analytique et Syst\u00e8me d&rsquo;Information<\/td>\n<td style=\"width: 16.6667%; background-color: #81ecec; border-style: solid;\">Contr\u00f4le de gestion et Management de qualit\u00e9<\/td>\n<td style=\"width: 16.6667%; background-color: #81ecec; border-style: solid;\">Gestion de production et Recherche op\u00e9rationnelle<\/td>\n<td style=\"width: 8.33335%; background-color: #81ecec; border-style: solid;\">Langues Etrang\u00e8res 3<\/td>\n<td style=\"width: 8.33335%; background-color: #81ecec; border-style: solid;\">Comp\u00e9tences culturelles et artistiques<\/td>\n<\/tr>\n<\/tbody>\n<\/table>\n<p style=\"text-align: justify;\"><strong><em>Semestre IV<\/em><\/strong><\/p>\n<table style=\"width: 100%; border-collapse: collapse; border-style: solid;\">\n<tbody>\n<tr>\n<td style=\"width: 16.6667%; background-color: #55efc4; border-style: solid;\"><em><strong>Module 22<\/strong><\/em><\/td>\n<td style=\"width: 16.6667%; background-color: #55efc4; border-style: solid;\"><em><strong>Module 23<\/strong><\/em><\/td>\n<td style=\"width: 16.6667%; background-color: #55efc4; border-style: solid;\"><em><strong>Module 24<\/strong><\/em><\/td>\n<td style=\"width: 16.6667%; background-color: #55efc4; border-style: solid;\"><em><strong>Module 25<\/strong><\/em><\/td>\n<td style=\"width: 16.6667%; background-color: #55efc4; border-style: solid;\"><em><strong>Module 26<\/strong><\/em><\/td>\n<td style=\"width: 8.33335%; background-color: #55efc4; border-style: solid;\"><em><strong>Module 27<\/strong><\/em><\/td>\n<td style=\"width: 8.33335%; background-color: #55efc4; border-style: solid;\"><em><strong>Module 28<\/strong><\/em><\/td>\n<\/tr>\n<tr>\n<td style=\"width: 16.6667%; background-color: #81ecec; border-style: solid;\">Analyse financi\u00e8re et Busines plan<\/td>\n<td style=\"width: 16.6667%; background-color: #81ecec; border-style: solid;\">Fiscalit\u00e9 et Entrepreneuriat<\/td>\n<td style=\"width: 16.6667%; background-color: #81ecec; border-style: solid;\">Comptabilit\u00e9 des soci\u00e9t\u00e9s<\/td>\n<td style=\"width: 16.6667%; background-color: #81ecec; border-style: solid;\">Langues Etrang\u00e8res 4<\/td>\n<td style=\"width: 16.6667%; background-color: #81ecec; border-style: solid;\">D\u00e9veloppement personnel<\/td>\n<td style=\"width: 8.33335%; background-color: #81ecec; border-style: solid;\">Stages professionnels<\/td>\n<td style=\"width: 8.33335%; background-color: #81ecec; border-style: solid;\">Projet de fin d&rsquo;\u00e9tudes (PFE)<\/td>\n<\/tr>\n<\/tbody>\n<\/table>\n<p>&nbsp;<\/p>\n<p><span style=\"color: #333333; font-size: 12pt;\"><em><strong>T\u00e9l\u00e9charger le descriptif <\/strong><\/em><\/span><\/p>\n<p style=\"text-align: justify;\"><em><strong><span style=\"color: #3366ff; font-size: 18pt;\">Contact<\/span><\/strong><\/em><\/p>\n<table class=\" alignleft\" style=\"width: 100%; border-collapse: collapse; border-color: #ffffff;\">\n<tbody>\n<tr>\n<td style=\"width: 9.47711%;\"><img loading=\"lazy\" decoding=\"async\" class=\"\" src=\"http:\/\/www.ests.uca.ma\/wp-content\/uploads\/2019\/07\/img_311846.png\" alt=\"\" width=\"33\" height=\"33\" \/><\/td>\n<td style=\"width: 90.5229%; text-align: left;\"><strong>Responsable de la formation\u00a0:<\/strong> <span style=\"color: #003366;\">P<strong>r\u00a0 Ahmed BOULAHOUAL<\/strong><\/span><\/td>\n<\/tr>\n<tr>\n<td style=\"width: 9.47711%;\" rowspan=\"2\"><img loading=\"lazy\" decoding=\"async\" class=\"\" src=\"http:\/\/www.ests.uca.ma\/wp-content\/uploads\/2019\/07\/img_346970.png\" alt=\"\" width=\"33\" height=\"33\" \/><\/td>\n<td style=\"width: 90.5229%; text-align: left;\"><strong><span style=\"color: #003366;\">Secr\u00e9tariat de la formation :\u00a0<\/span><\/strong><\/td>\n<\/tr>\n<tr>\n<td style=\"width: 90.5229%; text-align: left;\"><strong><span style=\"color: #003366;\">Responsable de la formation :\u00a0<\/span><\/strong><\/td>\n<\/tr>\n<tr>\n<td style=\"width: 9.47711%;\"><img loading=\"lazy\" decoding=\"async\" class=\"\" src=\"http:\/\/www.ests.uca.ma\/wp-content\/uploads\/2019\/07\/home-house-main-page-building-address-location-2-2684.png\" alt=\"\" width=\"33\" height=\"33\" \/><\/td>\n<td style=\"width: 90.5229%; text-align: left;\"><strong>ECOLE SUP\u00c9RIEURE DE TECHNOLOGIE, Route Dar Si A\u00efssa, BP 89, SAFI<\/strong><\/td>\n<\/tr>\n<tr>\n<td style=\"width: 9.47711%;\"><img loading=\"lazy\" decoding=\"async\" class=\"\" src=\"http:\/\/www.ests.uca.ma\/wp-content\/uploads\/2019\/07\/58485698e0bb315b0f7675a8.png\" alt=\"\" width=\"33\" height=\"33\" \/><\/td>\n<td style=\"width: 90.5229%; text-align: left;\"><\/td>\n<\/tr>\n<\/tbody>\n<\/table>\n<p>&nbsp;<\/p>\n","protected":false},"excerpt":{"rendered":"<p>Objectifs de la formation En cours d&rsquo;\u00e9dition&#8230; Comp\u00e9tences\u00a0 En cours d&rsquo;\u00e9dition&#8230; D\u00e9bouch\u00e9s de la formation En cours d&rsquo;\u00e9dition&#8230; Programme\u00a0 Semestre I Module 1\u00a0 Module 2 Module 3 Module 4 Module 5 Module 6 Module 7 Management des organisations Micro \u00e9conomie Comptabilit\u00e9 G\u00e9n\u00e9rale I Math\u00e9matiques Appliqu\u00e9es et Informatique Statistique et techniques d\u2019enqu\u00eate \u00a0Langues Etrang\u00e8res 1 M\u00e9thodologie<\/p>\n","protected":false},"author":1,"featured_media":165,"parent":0,"menu_order":0,"comment_status":"closed","ping_status":"closed","template":"","meta":{"footnotes":""},"class_list":["post-54","page","type-page","status-publish","has-post-thumbnail","hentry"],"_links":{"self":[{"href":"https:\/\/www.ests.uca.ma\/index.php?rest_route=\/wp\/v2\/pages\/54","targetHints":{"allow":["GET"]}}],"collection":[{"href":"https:\/\/www.ests.uca.ma\/index.php?rest_route=\/wp\/v2\/pages"}],"about":[{"href":"https:\/\/www.ests.uca.ma\/index.php?rest_route=\/wp\/v2\/types\/page"}],"author":[{"embeddable":true,"href":"https:\/\/www.ests.uca.ma\/index.php?rest_route=\/wp\/v2\/users\/1"}],"replies":[{"embeddable":true,"href":"https:\/\/www.ests.uca.ma\/index.php?rest_route=%2Fwp%2Fv2%2Fcomments&post=54"}],"version-history":[{"count":7,"href":"https:\/\/www.ests.uca.ma\/index.php?rest_route=\/wp\/v2\/pages\/54\/revisions"}],"predecessor-version":[{"id":5480,"href":"https:\/\/www.ests.uca.ma\/index.php?rest_route=\/wp\/v2\/pages\/54\/revisions\/5480"}],"wp:featuredmedia":[{"embeddable":true,"href":"https:\/\/www.ests.uca.ma\/index.php?rest_route=\/wp\/v2\/media\/165"}],"wp:attachment":[{"href":"https:\/\/www.ests.uca.ma\/index.php?rest_route=%2Fwp%2Fv2%2Fmedia&parent=54"}],"curies":[{"name":"wp","href":"https:\/\/api.w.org\/{rel}","templated":true}]}}