{"id":4707,"date":"2024-09-04T13:16:45","date_gmt":"2024-09-04T11:16:45","guid":{"rendered":"http:\/\/www.ests.uca.ma\/?page_id=4707"},"modified":"2024-11-13T10:14:56","modified_gmt":"2024-11-13T09:14:56","slug":"dut-qualite-hygiene-securite-et-environnement","status":"publish","type":"page","link":"https:\/\/www.ests.uca.ma\/?page_id=4707","title":{"rendered":"DUT QUALIT\u00c9, HYGI\u00c8NE, S\u00c9CURITE ET ENVIRONNEMENT"},"content":{"rendered":"<p style=\"text-align: justify;\"><em><span style=\"color: #3366ff;\"><strong><span style=\"font-size: 18pt;\">Objectifs de la formation<\/span><\/strong><\/span><\/em><\/p>\n<p style=\"text-align: justify;\">Plus que jamais, les entreprises sont confront\u00e9es \u00e0 de nouveaux d\u00e9fis dus \u00e0 la mondialisation des march\u00e9s et de la concurrence, \u00e0 l\u2019accroissement des exigences de leurs clients, ainsi que les autres parties prenantes.<\/p>\n<p style=\"text-align: justify;\">Dans ce contexte, les fonctions assurant la mise en place et l\u2019animation des syst\u00e8mes de management de la qualit\u00e9, de l\u2019hygi\u00e8ne de la s\u00e9curit\u00e9 et de l\u2019environnement (QHSE), compte tenu de leur impact sur la satisfaction des parties int\u00e9ress\u00e9es, voient leur r\u00f4le s\u2019intensifier et leur champ d\u2019action s\u2019\u00e9tendre.<\/p>\n<p style=\"text-align: justify;\">De ce fait, les entreprises ont des besoins croissants en techniciens sup\u00e9rieurs sp\u00e9cialis\u00e9s en management QHSE.<\/p>\n<p style=\"text-align: justify;\">Le secteur industriel n\u2019est d\u2019ailleurs plus le seul concern\u00e9 ; de nouveaux secteurs d\u2019activit\u00e9, comme le domaine hospitalier, bancaire, etc., int\u00e8grent d\u00e9sormais des fonctions QHSE.<\/p>\n<p style=\"text-align: justify;\">Le Dipl\u00f4me Universitaire de Technologie \u00abQualit\u00e9, Hygi\u00e8ne, S\u00e9curit\u00e9 et Environnement \u00bb vise donc \u00e0 former des techniciens sup\u00e9rieurs dot\u00e9s de solides connaissances scientifiques, techniques, juridiques et communicationnelles n\u00e9cessaires au management QHSE. Les laur\u00e9ats de cette formation seront capables de mettre en place un syst\u00e8me de Management Int\u00e9gr\u00e9 QHSE, d\u2019en assurer le suivi et de contribuer \u00e0 son am\u00e9lioration.<\/p>\n<p style=\"text-align: justify;\"><em><span style=\"color: #3366ff;\"><strong><span style=\"font-size: 18pt;\">Comp\u00e9tences\u00a0<\/span><\/strong><\/span><\/em><\/p>\n<p>\u00c0 l\u2019issue de sa formation, le dipl\u00f4m\u00e9 sera en mesure de :<\/p>\n<ul>\n<li>\u00a0 \u00a0 \u00a0 \u00a0 \u00a0Participer activement \u00e0 la mise en \u0153uvre et \u00e0 l\u2019am\u00e9lioration d\u2019un syst\u00e8me QHSE dans l\u2019entreprise\u00a0;<\/li>\n<li>\u00a0 \u00a0 \u00a0 \u00a0 \u00a0Pr\u00e9parer, mettre en \u0153uvre et suivre une d\u00e9marche QHSE\u00a0;<\/li>\n<li>\u00a0 \u00a0 \u00a0 \u00a0 \u00a0Formaliser le syst\u00e8me QHSE\u00a0;<\/li>\n<li>\u00a0 \u00a0 \u00a0 \u00a0 \u00a0G\u00e9rer et animer la qualit\u00e9, l\u2019hygi\u00e8ne, la s\u00e9curit\u00e9 et l\u2019environnement au quotidien\u00a0;<\/li>\n<li>\u00a0 \u00a0 \u00a0 \u00a0 \u00a0\u00a0Evaluer le syst\u00e8me de management QHSE\u00a0;<\/li>\n<li>\u00a0 \u00a0 \u00a0 \u00a0 \u00a0Am\u00e9liorer le syst\u00e8me de management QHSE\u00a0;<\/li>\n<li>\u00a0 \u00a0 \u00a0 \u00a0 \u00a0Communiquer avec les parties prenantes (int\u00e9ress\u00e9es) en interne et en externe.<\/li>\n<\/ul>\n<p style=\"text-align: justify;\"><span style=\"color: #3366ff;\"><em><span style=\"font-size: 18pt;\"><strong>D\u00e9bouch\u00e9s de la formation<\/strong><\/span><\/em><\/span><\/p>\n<p style=\"text-align: justify;\">Les titulaires d\u2019un DUT en Qualit\u00e9, Hygi\u00e8ne, S\u00e9curit\u00e9 et Environnement disposent d\u2019une formation transversale qui leur permet d\u2019int\u00e9grer tout type de secteurs professionnels et des entreprises de toute taille. Ainsi, ils s\u2019ins\u00e8rent dans les services, laboratoires et ateliers des entreprises appartenant \u00e0 des secteurs d\u2019activit\u00e9s tr\u00e8s vari\u00e9s : automobile, a\u00e9ronautique, agroalimentaire, b\u00e2timent et travaux publics, pharmaceutique, transport, \u00e9nergie,&#8230;<\/p>\n<p>Les titulaires du DUT QHSE pourront occuper plusieurs postes notamment\u00a0:<\/p>\n<ul>\n<li>Animateur HSE\u00a0;<\/li>\n<li>Superviseur HSE\u00a0;<\/li>\n<li>Animateur Qualit\u00e9\u00a0;<\/li>\n<li>Agent\/ technicien de contr\u00f4le qualit\u00e9\u00a0;<\/li>\n<li>Adjoint au responsable QHSE\u00a0;<\/li>\n<li>Assistant QHSE\u00a0;<\/li>\n<li>Responsable QHSE dans les petites et moyennes entreprises (PME).<\/li>\n<\/ul>\n<p>Evolution : avec de l\u2019exp\u00e9rience et une formation compl\u00e9mentaire, ils peuvent devenir directeur qualit\u00e9, ing\u00e9nieur qualit\u00e9-s\u00e9curit\u00e9, consultant, manager qualit\u00e9\u2026.<\/p>\n<p style=\"text-align: justify;\"><span style=\"color: #3366ff;\"><em><strong><span style=\"font-size: 18pt;\">Programme<\/span><\/strong><\/em><\/span><\/p>\n<p style=\"text-align: justify;\"><strong><em><u>Semestre <\/u><\/em><\/strong><strong><em>I<\/em><\/strong><\/p>\n<table style=\"width: 100%; border-collapse: collapse; border-style: solid;\">\n<tbody>\n<tr>\n<td style=\"width: 16.6667%; background-color: #55efc4; border-style: solid;\"><em><strong>Module<\/strong><strong> 1\u00a0<\/strong><\/em><\/td>\n<td style=\"width: 16.6667%; background-color: #55efc4; border-style: solid;\"><em><strong>Module 2<\/strong><\/em><\/td>\n<td style=\"width: 16.6667%; background-color: #55efc4; border-style: solid;\"><em><strong>Module 3<\/strong><\/em><\/td>\n<td style=\"width: 16.6667%; background-color: #55efc4; border-style: solid;\"><em><strong>Module 4<\/strong><\/em><\/td>\n<td style=\"width: 16.6667%; background-color: #55efc4; border-style: solid;\"><em><strong>Module 5<\/strong><\/em><\/td>\n<td style=\"width: 8.33335%; background-color: #55efc4; border-style: solid;\"><em><strong>Module 6<\/strong><\/em><\/td>\n<td style=\"width: 8.33335%; background-color: #55efc4; border-style: solid;\"><em><strong>Module 7<\/strong><\/em><\/td>\n<\/tr>\n<tr>\n<td style=\"width: 16.6667%; background-color: #81ecec; border-style: solid;\">Outils Math\u00e9matiques<\/td>\n<td style=\"width: 16.6667%; background-color: #81ecec; border-style: solid;\">M\u00e9canique<\/td>\n<td style=\"width: 16.6667%; background-color: #81ecec; border-style: solid;\">\u00c9lectricit\u00e9<\/td>\n<td style=\"width: 16.6667%; background-color: #81ecec; border-style: solid;\">Chimie g\u00e9n\u00e9rale<\/td>\n<td style=\"width: 16.6667%; background-color: #81ecec; border-style: solid;\">Statistiques et Probabilit\u00e9s<\/td>\n<td style=\"width: 8.33335%; background-color: #81ecec; border-style: solid;\">Langues Etrang\u00e8res 1<\/td>\n<td style=\"width: 8.33335%; background-color: #81ecec; border-style: solid;\">M\u00e9thodologie de travail universitaire<\/td>\n<\/tr>\n<\/tbody>\n<\/table>\n<p style=\"text-align: justify;\"><strong><em>Semestre II<\/em><\/strong><\/p>\n<table style=\"width: 100%; border-collapse: collapse; border-style: solid;\">\n<tbody>\n<tr>\n<td style=\"width: 16.6667%; background-color: #55efc4; border-style: solid;\"><em><strong>Module 8<\/strong><\/em><\/td>\n<td style=\"width: 16.6667%; background-color: #55efc4; border-style: solid;\"><em><strong>Module 9<\/strong><\/em><\/td>\n<td style=\"width: 16.6667%; background-color: #55efc4; border-style: solid;\"><em><strong>Module 10<\/strong><\/em><\/td>\n<td style=\"width: 16.6667%; background-color: #55efc4; border-style: solid;\"><em><strong>Module 11<\/strong><\/em><\/td>\n<td style=\"width: 16.6667%; background-color: #55efc4; border-style: solid;\"><em><strong>Module 12<\/strong><\/em><\/td>\n<td style=\"width: 8.33335%; background-color: #55efc4; border-style: solid;\"><em><strong>Module 13<\/strong><\/em><\/td>\n<td style=\"width: 8.33335%; background-color: #55efc4; border-style: solid;\"><em><strong>Module 14<\/strong><\/em><\/td>\n<\/tr>\n<tr>\n<td style=\"width: 16.6667%; background-color: #81ecec; border-style: solid;\">Electronique analogique<\/td>\n<td style=\"width: 16.6667%; background-color: #81ecec; border-style: solid;\">Thermodynamique<\/td>\n<td style=\"width: 16.6667%; background-color: #81ecec; border-style: solid;\">Algorithmiques et Programmation<\/td>\n<td style=\"width: 16.6667%; background-color: #81ecec; border-style: solid;\">Science des mat\u00e9riaux<\/td>\n<td style=\"width: 16.6667%; background-color: #81ecec; border-style: solid;\">Concepts et outils de la qualit\u00e9<\/td>\n<td style=\"width: 8.33335%; background-color: #81ecec; border-style: solid;\">Langues Etrang\u00e8res 2<\/td>\n<td style=\"width: 8.33335%; background-color: #81ecec; border-style: solid;\">Culture digitale<\/td>\n<\/tr>\n<\/tbody>\n<\/table>\n<p style=\"text-align: justify;\"><strong><em>Semestre III<\/em><\/strong><\/p>\n<table style=\"width: 100%; border-collapse: collapse; border-style: solid;\">\n<tbody>\n<tr>\n<td style=\"width: 16.6667%; background-color: #55efc4; border-style: solid;\"><em><strong>Module 15<\/strong><\/em><\/td>\n<td style=\"width: 16.6667%; background-color: #55efc4; border-style: solid;\"><em><strong>Module 16<\/strong><\/em><\/td>\n<td style=\"width: 16.6667%; background-color: #55efc4; border-style: solid;\"><em><strong>Module 17<\/strong><\/em><\/td>\n<td style=\"width: 16.6667%; background-color: #55efc4; border-style: solid;\"><em><strong>Module 18<\/strong><\/em><\/td>\n<td style=\"width: 16.6667%; background-color: #55efc4; border-style: solid;\"><em><strong>Module 19<\/strong><\/em><\/td>\n<td style=\"width: 8.33335%; background-color: #55efc4; border-style: solid;\"><em><strong>Module 20<\/strong><\/em><\/td>\n<td style=\"width: 8.33335%; background-color: #55efc4; border-style: solid;\"><em><strong>Module 21<\/strong><\/em><\/td>\n<\/tr>\n<tr>\n<td style=\"width: 16.6667%; background-color: #81ecec; border-style: solid;\">M\u00e9thodes physico chimique d&rsquo;analyse<\/td>\n<td style=\"width: 16.6667%; background-color: #81ecec; border-style: solid;\">Analyse et optimisation<\/td>\n<td style=\"width: 16.6667%; background-color: #81ecec; border-style: solid;\">Electronique num\u00e9rique<\/td>\n<td style=\"width: 16.6667%; background-color: #81ecec; border-style: solid;\">Sant\u00e9 et S\u00e9curit\u00e9 au Travail (SST)<\/td>\n<td style=\"width: 16.6667%; background-color: #81ecec; border-style: solid;\">Management de la qualit\u00e9<\/td>\n<td style=\"width: 8.33335%; background-color: #81ecec; border-style: solid;\">Langues Etrang\u00e8res 3<\/td>\n<td style=\"width: 8.33335%; background-color: #81ecec; border-style: solid;\">Culture and art Skills<\/td>\n<\/tr>\n<\/tbody>\n<\/table>\n<p style=\"text-align: justify;\"><strong><em>Semestre IV<\/em><\/strong><\/p>\n<table style=\"width: 100%; border-collapse: collapse; border-style: solid;\">\n<tbody>\n<tr>\n<td style=\"width: 16.6667%; background-color: #55efc4; border-style: solid;\"><em><strong>Module 22<\/strong><\/em><\/td>\n<td style=\"width: 16.6667%; background-color: #55efc4; border-style: solid;\"><em><strong>Module 23<\/strong><\/em><\/td>\n<td style=\"width: 16.6667%; background-color: #55efc4; border-style: solid;\"><em><strong>Module 24<\/strong><\/em><\/td>\n<td style=\"width: 16.6667%; background-color: #55efc4; border-style: solid;\"><em><strong>Module 25<\/strong><\/em><\/td>\n<td style=\"width: 16.6667%; background-color: #55efc4; border-style: solid;\"><em><strong>Module 26<\/strong><\/em><\/td>\n<td style=\"width: 8.33335%; background-color: #55efc4; border-style: solid;\"><em><strong>Module 27<\/strong><\/em><\/td>\n<td style=\"width: 8.33335%; background-color: #55efc4; border-style: solid;\"><em><strong>Module 28<\/strong><\/em><\/td>\n<\/tr>\n<tr>\n<td style=\"width: 16.6667%; background-color: #81ecec; border-style: solid;\">Management Environnemental<\/td>\n<td style=\"width: 16.6667%; background-color: #81ecec; border-style: solid;\">Management Industriel<\/td>\n<td style=\"width: 16.6667%; background-color: #81ecec; border-style: solid;\">M\u00e9trologie et Contr\u00f4le Non Destructif<\/td>\n<td style=\"width: 16.6667%; background-color: #81ecec; border-style: solid;\">Langues Etrang\u00e8res 4<\/td>\n<td style=\"width: 16.6667%; background-color: #81ecec; border-style: solid;\">D\u00e9veloppement Personnel<\/td>\n<td style=\"width: 8.33335%; background-color: #81ecec; border-style: solid;\">Stages professionnels<\/td>\n<td style=\"width: 8.33335%; background-color: #81ecec; border-style: solid;\">Projet de fin d&rsquo;\u00e9tudes (PFE)<\/td>\n<\/tr>\n<\/tbody>\n<\/table>\n<p>&nbsp;<\/p>\n<p style=\"text-align: justify;\"><em><strong><span style=\"color: #3366ff; font-size: 18pt;\">Contact<\/span><\/strong><\/em><\/p>\n<table class=\" alignleft\" style=\"width: 100%; border-collapse: collapse; border-color: #ffffff;\">\n<tbody>\n<tr>\n<td style=\"width: 9.47711%;\"><img loading=\"lazy\" decoding=\"async\" class=\"\" src=\"http:\/\/www.ests.uca.ma\/wp-content\/uploads\/2019\/07\/img_311846.png\" alt=\"\" width=\"33\" height=\"33\" \/><\/td>\n<td style=\"width: 90.5229%; text-align: left;\"><strong>Responsable de la formation\u00a0:<\/strong> <a href=\"http:\/\/www.ests.uca.ma\/?page_id=4569\"><span style=\"color: #003366;\">P<strong>r\u00a0 Anass CHERRAFI<\/strong><\/span><\/a><\/td>\n<\/tr>\n<tr>\n<td style=\"width: 9.47711%;\" rowspan=\"2\"><img loading=\"lazy\" decoding=\"async\" class=\"\" src=\"http:\/\/www.ests.uca.ma\/wp-content\/uploads\/2019\/07\/img_346970.png\" alt=\"\" width=\"33\" height=\"33\" \/><\/td>\n<td style=\"width: 90.5229%; text-align: left;\"><strong><span style=\"color: #003366;\">Secr\u00e9tariat de la formation :<\/span><\/strong><\/td>\n<\/tr>\n<tr>\n<td style=\"width: 90.5229%; text-align: left;\"><strong><span style=\"color: #003366;\">Responsable de la formation :\u00a0<\/span><\/strong><\/td>\n<\/tr>\n<tr>\n<td style=\"width: 9.47711%;\"><img loading=\"lazy\" decoding=\"async\" class=\"\" src=\"http:\/\/www.ests.uca.ma\/wp-content\/uploads\/2019\/07\/home-house-main-page-building-address-location-2-2684.png\" alt=\"\" width=\"33\" height=\"33\" \/><\/td>\n<td style=\"width: 90.5229%; text-align: left;\"><strong>ECOLE SUP\u00c9RIEURE DE TECHNOLOGIE, Route Dar Si A\u00efssa, BP 89, SAFI<\/strong><\/td>\n<\/tr>\n<tr>\n<td style=\"width: 9.47711%;\"><img loading=\"lazy\" decoding=\"async\" class=\"\" src=\"http:\/\/www.ests.uca.ma\/wp-content\/uploads\/2019\/07\/58485698e0bb315b0f7675a8.png\" alt=\"\" width=\"33\" height=\"33\" \/><\/td>\n<td style=\"width: 90.5229%; text-align: left;\"><\/td>\n<\/tr>\n<\/tbody>\n<\/table>\n<p>&nbsp;<\/p>\n","protected":false},"excerpt":{"rendered":"<p>Objectifs de la formation Plus que jamais, les entreprises sont confront\u00e9es \u00e0 de nouveaux d\u00e9fis dus \u00e0 la mondialisation des march\u00e9s et de la concurrence, \u00e0 l\u2019accroissement des exigences de leurs clients, ainsi que les autres parties prenantes. Dans ce contexte, les fonctions assurant la mise en place et l\u2019animation des syst\u00e8mes de management de<\/p>\n","protected":false},"author":1,"featured_media":165,"parent":0,"menu_order":0,"comment_status":"closed","ping_status":"closed","template":"","meta":{"footnotes":""},"class_list":["post-4707","page","type-page","status-publish","has-post-thumbnail","hentry"],"_links":{"self":[{"href":"https:\/\/www.ests.uca.ma\/index.php?rest_route=\/wp\/v2\/pages\/4707","targetHints":{"allow":["GET"]}}],"collection":[{"href":"https:\/\/www.ests.uca.ma\/index.php?rest_route=\/wp\/v2\/pages"}],"about":[{"href":"https:\/\/www.ests.uca.ma\/index.php?rest_route=\/wp\/v2\/types\/page"}],"author":[{"embeddable":true,"href":"https:\/\/www.ests.uca.ma\/index.php?rest_route=\/wp\/v2\/users\/1"}],"replies":[{"embeddable":true,"href":"https:\/\/www.ests.uca.ma\/index.php?rest_route=%2Fwp%2Fv2%2Fcomments&post=4707"}],"version-history":[{"count":10,"href":"https:\/\/www.ests.uca.ma\/index.php?rest_route=\/wp\/v2\/pages\/4707\/revisions"}],"predecessor-version":[{"id":5265,"href":"https:\/\/www.ests.uca.ma\/index.php?rest_route=\/wp\/v2\/pages\/4707\/revisions\/5265"}],"wp:featuredmedia":[{"embeddable":true,"href":"https:\/\/www.ests.uca.ma\/index.php?rest_route=\/wp\/v2\/media\/165"}],"wp:attachment":[{"href":"https:\/\/www.ests.uca.ma\/index.php?rest_route=%2Fwp%2Fv2%2Fmedia&parent=4707"}],"curies":[{"name":"wp","href":"https:\/\/api.w.org\/{rel}","templated":true}]}}