{"id":4497,"date":"2024-04-05T11:47:08","date_gmt":"2024-04-05T09:47:08","guid":{"rendered":"http:\/\/www.ests.uca.ma\/?page_id=4497"},"modified":"2024-04-05T11:57:05","modified_gmt":"2024-04-05T09:57:05","slug":"licence-duniversite-en-ingenierie-des-systemes-dinformation","status":"publish","type":"page","link":"https:\/\/www.ests.uca.ma\/?page_id=4497","title":{"rendered":"LICENCE D&rsquo;UNIVERSIT\u00c9 EN INGENIERIE DES SYSTEMES D&rsquo;INFORMATION"},"content":{"rendered":"<p style=\"text-align: center;\"><strong><span style=\"font-size: 24pt; color: #003366;\">LICENCE D&rsquo;UNIVERSIT\u00c9 EN INGENIERIE DES SYSTEMES D&rsquo;INFORMATION (ISI)<\/span><\/strong><\/p>\n<p style=\"text-align: center;\"><span style=\"font-size: 24pt; color: #666699; font-family: impact, sans-serif;\">Les inscriptions pour l\u2019ann\u00e9e universitaire\u00a0 2024-2025 sont ouvertes<\/span><\/p>\n<p style=\"text-align: justify;\"><em><span style=\"color: #3366ff; font-size: 18pt;\"><strong>Comp\u00e9tences vis\u00e9es<\/strong><\/span><\/em><\/p>\n<p>Cette formation a pour objectifs de\u00a0 former des professionnels dans le domaine des NTIC capables de :<\/p>\n<ul>\n<li>Concevoir et mod\u00e9liser des syst\u00e8mes d\u2019information\u00a0;<\/li>\n<li>D\u00e9velopper des applications frontend et backend\u00a0;<\/li>\n<li>D\u00e9velopper des applications orient\u00e9es objet\u00a0;<\/li>\n<li>D\u00e9velopper des applications distribu\u00e9es\u00a0;<\/li>\n<li>D\u00e9velopper des applications web\u00a0;<\/li>\n<li>Utiliser des bases de donn\u00e9es relationnelles-objet\u00a0;<\/li>\n<li>Concevoir et impl\u00e9menter des entrep\u00f4ts de donn\u00e9es\u00a0;<\/li>\n<li>Utiliser l&rsquo;intelligence artificielle (IA) pour automatiser les processus.<\/li>\n<li>La formation permet \u00e9galement aux laur\u00e9ats de poursuivre leurs \u00e9tudes pour pr\u00e9parer des masters d\u2019universit\u00e9 ou autres dipl\u00f4mes professionnalisant.<\/li>\n<\/ul>\n<p style=\"text-align: justify;\"><em><span style=\"color: #3366ff;\"><strong><span style=\"font-size: 18pt;\">Objectifs de la formation<\/span><\/strong><\/span><\/em><\/p>\n<p>Cette formation a pour objectifs de\u00a0:<\/p>\n<ul>\n<li>D\u00e9velopper des comp\u00e9tences techniques permettant aux laur\u00e9ats d\u2019int\u00e9grer les entreprises nationales et multinationales\u00a0;<\/li>\n<li>Former des informaticiens capables d\u2019int\u00e9grer le march\u00e9 de freelance\u00a0;<\/li>\n<li>Former des informaticiens capables de cr\u00e9er des entreprises sp\u00e9cialis\u00e9es dans le domaine des NTIC\u00a0;<\/li>\n<li>Renforcer la collaboration entre l\u2019universit\u00e9 et le secteur industriel.<\/li>\n<\/ul>\n<p style=\"text-align: justify;\"><span style=\"color: #3366ff;\"><em><span style=\"font-size: 18pt;\"><strong>Public cible<\/strong><\/span><\/em><\/span><\/p>\n<p>Cette formation est destin\u00e9e aux :<\/p>\n<ul>\n<li>Titulaires d\u2019un dipl\u00f4me de Bac+2 ou plus en informatique, math\u00e9matiques ou autres sp\u00e9cialit\u00e9s jug\u00e9es \u00e9quivalentes du secteur public ou priv\u00e9\u00a0;<\/li>\n<li>Dipl\u00f4m\u00e9s fonctionnaires ou salari\u00e9s d\u00e9sireux de se remettre \u00e0 niveau et d\u2019am\u00e9liorer leurs comp\u00e9tences ;<\/li>\n<li>Chercheurs d\u2019emplois dont la formation initiale ne leur permet pas d\u2019acc\u00e9der au march\u00e9 d\u2019emploi ;<\/li>\n<li>Dipl\u00f4m\u00e9s en formation professionnelle souhaitant acqu\u00e9rir des comp\u00e9tences dans des NTIC.<\/li>\n<\/ul>\n<p style=\"text-align: justify;\"><strong><span style=\"color: #3366ff;\"><em><span style=\"font-size: 18pt;\">Modalit\u00e9s<\/span><\/em><\/span><\/strong><\/p>\n<ul style=\"list-style-type: circle;\">\n<li>Frais de dossier : <span style=\"color: #0000ff;\"><strong>300,00 Dhs<\/strong><\/span><\/li>\n<li>Co\u00fbt de formation : <span style=\"color: #0000ff;\"><strong>25\u00a0000,00 Dhs<\/strong><\/span><\/li>\n<li>Lieu de formation : <strong>Ecole Sup\u00e9rieure de Technologie &#8211; Safi<\/strong><\/li>\n<li>D\u00e9roulement de la formation : <strong>du <span style=\"color: #0000ff;\">1<sup>er<\/sup> octobre 2024<\/span> au <span style=\"color: #0000ff;\">30 septembre 2025<\/span><\/strong><\/li>\n<li>S\u00e9lection : <strong>du <span style=\"color: #0000ff;\">1<sup>er<\/sup> septembre 2024<\/span> au <span style=\"color: #0000ff;\">15 septembre 2025<\/span><\/strong><\/li>\n<li>Evaluation : <strong>Devoirs Surveill\u00e9s, Examens et mini-projets<\/strong><\/li>\n<li>Dipl\u00f4me d\u00e9livr\u00e9 : <strong>Licence Professionnelle d\u2019Universit\u00e9<\/strong><\/li>\n<\/ul>\n<p style=\"text-align: justify;\"><span style=\"color: #3366ff;\"><em><strong><span style=\"font-size: 18pt;\">Programme<\/span><\/strong><\/em><\/span><\/p>\n<p style=\"text-align: justify;\">Le programme de la formation comprend des enseignements th\u00e9oriques et pratiques, des S\u00e9minaires de sp\u00e9cialistes universitaires et professionnels et un stage professionnel<em>.<\/em><\/p>\n<p style=\"text-align: justify;\"><span style=\"color: #00ccff; font-size: 14pt;\"><strong><em>Contenu p\u00e9dagogique<\/em><\/strong><em>\u00a0<\/em><\/span><\/p>\n<p style=\"text-align: justify;\"><strong><em><u>Semestre <\/u><\/em><\/strong><strong><em>I<\/em><\/strong><\/p>\n<table style=\"width: 100%; border-collapse: collapse; border-style: solid;\">\n<tbody>\n<tr>\n<td style=\"width: 16.6667%; background-color: #55efc4; border-style: solid;\"><em><strong>Module<\/strong><strong> 1\u00a0<\/strong><\/em><\/td>\n<td style=\"width: 16.6667%; background-color: #55efc4; border-style: solid;\"><em><strong>Module 2<\/strong><\/em><\/td>\n<td style=\"width: 16.6667%; background-color: #55efc4; border-style: solid;\"><em><strong>Module 3<\/strong><\/em><\/td>\n<td style=\"width: 16.6667%; background-color: #55efc4; border-style: solid;\"><em><strong>Module 4<\/strong><\/em><\/td>\n<td style=\"width: 16.6667%; background-color: #55efc4; border-style: solid;\"><em><strong>Module 5<\/strong><\/em><\/td>\n<td style=\"width: 16.6667%; background-color: #55efc4; border-style: solid;\"><em><strong>Module 6<\/strong><\/em><\/td>\n<\/tr>\n<tr>\n<td style=\"width: 16.6667%; background-color: #81ecec; border-style: solid;\">Description et formatage de donn\u00e9es<\/td>\n<td style=\"width: 16.6667%; background-color: #81ecec; border-style: solid;\">Langage de Mod\u00e9lisation UML<\/td>\n<td style=\"width: 16.6667%; background-color: #81ecec; border-style: solid;\">Langage de programmation Python<\/td>\n<td style=\"width: 16.6667%; background-color: #81ecec; border-style: solid;\">Technologies Web<\/td>\n<td style=\"width: 16.6667%; background-color: #81ecec; border-style: solid;\">POO Avanc\u00e9e<\/td>\n<td style=\"width: 16.6667%; background-color: #81ecec; border-style: solid;\">Langues et soft skills<\/td>\n<\/tr>\n<\/tbody>\n<\/table>\n<p style=\"text-align: justify;\"><strong><em>Semestre II<\/em><\/strong><\/p>\n<table style=\"width: 100%; border-collapse: collapse; border-style: solid;\">\n<tbody>\n<tr>\n<td style=\"width: 16.6667%; background-color: #55efc4; border-style: solid;\"><em><strong>Module 7<\/strong><\/em><\/td>\n<td style=\"width: 16.6667%; background-color: #55efc4; border-style: solid;\"><em><strong>Module 8<\/strong><\/em><\/td>\n<td style=\"width: 16.6667%; background-color: #55efc4; border-style: solid;\"><em><strong>Module 9<\/strong><\/em><\/td>\n<td style=\"width: 16.6667%; background-color: #55efc4; border-style: solid;\"><em><strong>Module 10<\/strong><\/em><\/td>\n<td style=\"width: 16.6667%; background-color: #55efc4; border-style: solid;\"><em><strong>Module 11<\/strong><\/em><\/td>\n<td style=\"width: 16.6667%; background-color: #55efc4; border-style: solid;\"><em><strong>Module 12<\/strong><\/em><\/td>\n<\/tr>\n<tr>\n<td style=\"width: 16.6667%; background-color: #81ecec; border-style: solid;\">Introduction \u00e0 l&rsquo;intelligence artificielle<\/td>\n<td style=\"width: 16.6667%; background-color: #81ecec; border-style: solid;\">JEE<\/td>\n<td style=\"width: 16.6667%; background-color: #81ecec; border-style: solid;\">Bases de Donn\u00e9es Avanc\u00e9es<\/td>\n<td style=\"width: 16.6667%; background-color: #81ecec; border-style: solid;\"><strong>Stage de fin d\u2019\u00e9tudes<\/strong><\/td>\n<td style=\"width: 16.6667%; background-color: #81ecec; border-style: solid;\"><strong>Stage de fin d\u2019\u00e9tudes<\/strong><\/td>\n<td style=\"width: 16.6667%; background-color: #81ecec; border-style: solid;\"><strong>Stage de fin d\u2019\u00e9tudes<\/strong><\/td>\n<\/tr>\n<\/tbody>\n<\/table>\n<p style=\"text-align: justify;\"><em><strong><span style=\"color: #3366ff; font-size: 18pt;\">Contact<\/span><\/strong><\/em><\/p>\n<table class=\" alignleft\" style=\"width: 100%; border-collapse: collapse; border-color: #ffffff;\">\n<tbody>\n<tr>\n<td style=\"width: 9.47711%;\"><img loading=\"lazy\" decoding=\"async\" src=\"http:\/\/www.ests.uca.ma\/wp-content\/uploads\/2019\/07\/img_311846.png\" alt=\"\" width=\"50\" height=\"50\" \/><\/td>\n<td style=\"width: 90.5229%; text-align: left;\"><strong>Responsable de la formation\u00a0:<\/strong> <span style=\"color: #003366;\">P<strong>r Abderrahman CHEKRY<\/strong><\/span><\/td>\n<\/tr>\n<tr>\n<td style=\"width: 9.47711%;\" rowspan=\"2\"><img loading=\"lazy\" decoding=\"async\" src=\"http:\/\/www.ests.uca.ma\/wp-content\/uploads\/2019\/07\/img_346970.png\" alt=\"\" width=\"50\" height=\"50\" \/><\/td>\n<td style=\"width: 90.5229%; text-align: left;\"><strong><span style=\"color: #003366;\">\u00a0<span style=\"color: #333333;\">(Melle &#8230;..) Secr\u00e9tariat de la formation<\/span><\/span><\/strong><\/td>\n<\/tr>\n<tr>\n<td style=\"width: 90.5229%; text-align: left;\"><strong><span style=\"color: #003366;\">\u00a0<\/span><\/strong><\/td>\n<\/tr>\n<tr>\n<td style=\"width: 9.47711%;\"><img loading=\"lazy\" decoding=\"async\" src=\"http:\/\/www.ests.uca.ma\/wp-content\/uploads\/2019\/07\/home-house-main-page-building-address-location-2-2684.png\" alt=\"\" width=\"50\" height=\"50\" \/><\/td>\n<td style=\"width: 90.5229%; text-align: left;\"><strong>ECOLE SUP\u00c9RIEURE DE TECHNOLOGIE, Route Dar Si A\u00efssa, BP 89, SAFI<\/strong><\/td>\n<\/tr>\n<tr>\n<td style=\"width: 9.47711%;\"><img loading=\"lazy\" decoding=\"async\" src=\"http:\/\/www.ests.uca.ma\/wp-content\/uploads\/2019\/07\/58485698e0bb315b0f7675a8.png\" alt=\"\" width=\"50\" height=\"50\" \/><\/td>\n<td style=\"width: 90.5229%; text-align: left;\"><strong>a.chekry@uca.ac.ma<\/strong><\/td>\n<\/tr>\n<\/tbody>\n<\/table>\n<p>&nbsp;<\/p>\n","protected":false},"excerpt":{"rendered":"<p>LICENCE D&rsquo;UNIVERSIT\u00c9 EN INGENIERIE DES SYSTEMES D&rsquo;INFORMATION (ISI) Les inscriptions pour l\u2019ann\u00e9e universitaire\u00a0 2024-2025 sont ouvertes Comp\u00e9tences vis\u00e9es Cette formation a pour objectifs de\u00a0 former des professionnels dans le domaine des NTIC capables de : Concevoir et mod\u00e9liser des syst\u00e8mes d\u2019information\u00a0; D\u00e9velopper des applications frontend et backend\u00a0; D\u00e9velopper des applications orient\u00e9es objet\u00a0; D\u00e9velopper des applications<\/p>\n","protected":false},"author":1,"featured_media":165,"parent":0,"menu_order":0,"comment_status":"closed","ping_status":"closed","template":"","meta":{"footnotes":""},"class_list":["post-4497","page","type-page","status-publish","has-post-thumbnail","hentry"],"_links":{"self":[{"href":"https:\/\/www.ests.uca.ma\/index.php?rest_route=\/wp\/v2\/pages\/4497","targetHints":{"allow":["GET"]}}],"collection":[{"href":"https:\/\/www.ests.uca.ma\/index.php?rest_route=\/wp\/v2\/pages"}],"about":[{"href":"https:\/\/www.ests.uca.ma\/index.php?rest_route=\/wp\/v2\/types\/page"}],"author":[{"embeddable":true,"href":"https:\/\/www.ests.uca.ma\/index.php?rest_route=\/wp\/v2\/users\/1"}],"replies":[{"embeddable":true,"href":"https:\/\/www.ests.uca.ma\/index.php?rest_route=%2Fwp%2Fv2%2Fcomments&post=4497"}],"version-history":[{"count":5,"href":"https:\/\/www.ests.uca.ma\/index.php?rest_route=\/wp\/v2\/pages\/4497\/revisions"}],"predecessor-version":[{"id":4504,"href":"https:\/\/www.ests.uca.ma\/index.php?rest_route=\/wp\/v2\/pages\/4497\/revisions\/4504"}],"wp:featuredmedia":[{"embeddable":true,"href":"https:\/\/www.ests.uca.ma\/index.php?rest_route=\/wp\/v2\/media\/165"}],"wp:attachment":[{"href":"https:\/\/www.ests.uca.ma\/index.php?rest_route=%2Fwp%2Fv2%2Fmedia&parent=4497"}],"curies":[{"name":"wp","href":"https:\/\/api.w.org\/{rel}","templated":true}]}}