{"id":3443,"date":"2022-11-25T15:26:54","date_gmt":"2022-11-25T14:26:54","guid":{"rendered":"http:\/\/www.ests.uca.ma\/?page_id=3443"},"modified":"2023-11-17T16:10:59","modified_gmt":"2023-11-17T15:10:59","slug":"ouvrages-bibliotheque","status":"publish","type":"page","link":"https:\/\/www.ests.uca.ma\/?page_id=3443","title":{"rendered":"Ouvrages biblioth\u00e8que"},"content":{"rendered":"<table style=\"border-style: solid; width: 100%; background-color: #52c3e3; height: 924px;\" width=\"100%\">\n<tbody>\n<tr style=\"background-color: #b39bad;\">\n<td style=\"height: 28px; width: 49.881%;\" colspan=\"2\"><strong><span style=\"color: #333333; font-size: 12pt;\">\u00a0Maintenance , Automatique, \u00c9lectronique , M\u00e9canique et Energ\u00e9tique<\/span><\/strong><\/td>\n<\/tr>\n<tr style=\"height: 28px;\">\n<td style=\"height: 28px; width: 49.881%;\" width=\"405\"><strong><span style=\"color: #333333; font-size: 12pt;\"><a style=\"color: #333333;\" href=\"http:\/\/www.ests.uca.ma\/wp-content\/uploads\/2022\/11\/AUTOMATIQUE-ET-INFO-INDUSTRIELLE.pdf\">Automatique &amp; Informatique Industrielle<\/a><\/span><\/strong><\/td>\n<td style=\"height: 28px; width: 50%;\" width=\"405\"><strong><span style=\"color: #333333; font-size: 12pt;\"><a style=\"color: #333333;\" href=\"http:\/\/www.ests.uca.ma\/wp-content\/uploads\/2022\/11\/DESSIN-INDUSTRIEL.pdf\">Dessin Industriel<\/a><\/span><\/strong><\/td>\n<\/tr>\n<tr style=\"height: 28px;\">\n<td style=\"height: 28px; width: 49.881%;\" width=\"405\"><strong><span style=\"color: #333333; font-size: 12pt;\"><a style=\"color: #333333;\" href=\"http:\/\/www.ests.uca.ma\/wp-content\/uploads\/2022\/11\/ELECTRONIQUE.pdf\">Electronique<\/a><\/span><\/strong><\/td>\n<td style=\"height: 28px; width: 50%;\" width=\"405\"><strong><span style=\"color: #333333; font-size: 12pt;\"><a style=\"color: #333333;\" href=\"http:\/\/www.ests.uca.ma\/wp-content\/uploads\/2022\/11\/ELECTROTECHNIQUE.pdf\">Electrotechnique<\/a><\/span><\/strong><\/td>\n<\/tr>\n<tr style=\"height: 28px;\">\n<td style=\"height: 28px; width: 49.881%;\" width=\"405\"><strong><span style=\"color: #333333; font-size: 12pt;\"><a style=\"color: #333333;\" href=\"http:\/\/www.ests.uca.ma\/wp-content\/uploads\/2022\/11\/ENERGETIQUE.pdf\">Energ\u00e9tique<\/a><\/span><\/strong><\/td>\n<td style=\"height: 28px; width: 50%;\" width=\"405\"><strong><span style=\"color: #333333; font-size: 12pt;\"><a style=\"color: #333333;\" href=\"http:\/\/www.ests.uca.ma\/wp-content\/uploads\/2022\/11\/MECANIQUE-DES-FLUIDES-ET-HYDRAULIQUE.pdf\">M\u00e9canique Des Fluides Et Hydraulique<\/a><\/span><\/strong><\/td>\n<\/tr>\n<tr style=\"height: 28px;\">\n<td style=\"height: 28px; width: 49.881%;\" width=\"405\"><strong><span style=\"color: #333333; font-size: 12pt;\"><a style=\"color: #333333;\" href=\"http:\/\/www.ests.uca.ma\/wp-content\/uploads\/2022\/11\/MAINTENANCE.pdf\">Maintenance<\/a><\/span><\/strong><\/td>\n<td style=\"height: 28px; width: 50%;\" width=\"405\"><strong><span style=\"color: #333333; font-size: 12pt;\"><a style=\"color: #333333;\" href=\"http:\/\/www.ests.uca.ma\/wp-content\/uploads\/2022\/11\/MECANIQUE.pdf\">M\u00e9canique<\/a><\/span><\/strong><\/td>\n<\/tr>\n<tr style=\"background-color: #b39bad;\">\n<td style=\"height: 28px; width: 49.881%;\" colspan=\"2\"><strong><span style=\"color: #333333; font-size: 12pt;\">\u00a0Chimie, Environnement , Physique et Qualit\u00e9<\/span><\/strong><\/td>\n<\/tr>\n<tr style=\"height: 28px;\">\n<td style=\"height: 28px; width: 49.881%;\" width=\"405\"><strong><span style=\"color: #333333; font-size: 12pt;\"><a style=\"color: #333333;\" href=\"http:\/\/www.ests.uca.ma\/wp-content\/uploads\/2022\/11\/CHIMIE.pdf\">Chimie<\/a><\/span><\/strong><\/td>\n<td style=\"height: 28px; width: 50%;\" width=\"405\"><strong><span style=\"color: #333333; font-size: 12pt;\"><a style=\"color: #333333;\" href=\"http:\/\/www.ests.uca.ma\/wp-content\/uploads\/2022\/11\/CHROMATOGRAPHIE-SPECTROMETRIE.pdf\">Chromatographie Spectrom\u00e9trie<\/a><\/span><\/strong><\/td>\n<\/tr>\n<tr style=\"height: 28px;\">\n<td style=\"height: 28px; width: 49.881%;\" width=\"405\"><strong><span style=\"color: #333333; font-size: 12pt;\"><a style=\"color: #333333;\" href=\"http:\/\/www.ests.uca.ma\/wp-content\/uploads\/2022\/11\/ANALYSE-CHIMIQUE.pdf\">Analyse Chimique<\/a><\/span><\/strong><\/td>\n<td style=\"height: 28px; width: 50%;\" width=\"405\"><strong><span style=\"color: #333333; font-size: 12pt;\"><a style=\"color: #333333;\" href=\"http:\/\/www.ests.uca.ma\/wp-content\/uploads\/2022\/11\/ENVIRONNEMENT.pdf\">Environnement<\/a><\/span><\/strong><\/td>\n<\/tr>\n<tr style=\"height: 28px;\">\n<td style=\"height: 28px; width: 49.881%;\" width=\"405\"><strong><span style=\"color: #333333; font-size: 12pt;\"><a style=\"color: #333333;\" href=\"http:\/\/www.ests.uca.ma\/wp-content\/uploads\/2022\/11\/Mesure-physique.pdf\">Mesure Physique<\/a><\/span><\/strong><\/td>\n<td style=\"height: 28px; width: 50%;\" width=\"405\"><strong><span style=\"color: #333333; font-size: 12pt;\"><a style=\"color: #333333;\" href=\"http:\/\/www.ests.uca.ma\/wp-content\/uploads\/2022\/11\/NORME-AFNOR.pdf\">Norme Afnor<\/a><\/span><\/strong><\/td>\n<\/tr>\n<tr style=\"height: 28px;\">\n<td style=\"height: 28px; width: 49.881%;\" width=\"405\"><span style=\"color: #333333;\"><strong><a style=\"color: #333333;\" href=\"http:\/\/www.ests.uca.ma\/wp-content\/uploads\/2022\/11\/qualit\u00e9.pdf\">Qualit\u00e9<\/a><\/strong><\/span><\/td>\n<td style=\"height: 28px; width: 50%;\" width=\"405\"><strong><span style=\"color: #333333; font-size: 12pt;\"><a style=\"color: #333333;\" href=\"http:\/\/www.ests.uca.ma\/wp-content\/uploads\/2022\/11\/PARACHIMIE.pdf\">Parachimie<\/a><\/span><\/strong><\/td>\n<\/tr>\n<tr style=\"height: 28px;\">\n<td style=\"height: 28px; width: 49.881%;\" width=\"405\"><strong><span style=\"color: #333333; font-size: 12pt;\"><a style=\"color: #333333;\" href=\"http:\/\/www.ests.uca.ma\/wp-content\/uploads\/2022\/11\/PHYSIQUE.pdf\">Physique<\/a><\/span><\/strong><\/td>\n<td style=\"height: 28px; width: 50%;\" width=\"405\"><strong><span style=\"color: #333333; font-size: 12pt;\"><a style=\"color: #333333;\" href=\"http:\/\/www.ests.uca.ma\/wp-content\/uploads\/2022\/11\/Proc\u00e9d\u00e9s.pdf\">Proc\u00e8des<\/a><\/span><\/strong><\/td>\n<\/tr>\n<tr style=\"height: 28px;\">\n<td style=\"height: 28px; width: 49.881%;\" width=\"405\"><strong><span style=\"color: #333333; font-size: 12pt;\"><a style=\"color: #333333;\" href=\"http:\/\/www.ests.uca.ma\/wp-content\/uploads\/2022\/11\/PRODUCTION.pdf\">Production<\/a><\/span><\/strong><\/td>\n<td style=\"height: 28px; width: 50%;\" width=\"405\"><\/td>\n<\/tr>\n<tr style=\"background-color: #b39bad;\">\n<td style=\"height: 28px; width: 49.881%;\" colspan=\"2\" width=\"405\"><strong><span style=\"color: #333333; font-size: 12pt;\">\u00a0Management , \u00c9conomie, Finance,\u00a0 Fiscalit\u00e9\u00a0 et Gestion<br \/>\n<\/span><\/strong><\/td>\n<\/tr>\n<tr style=\"height: 28px;\">\n<td style=\"height: 28px; width: 49.881%;\" width=\"405\"><strong><span style=\"color: #333333; font-size: 12pt;\"><a style=\"color: #333333;\" href=\"http:\/\/www.ests.uca.ma\/wp-content\/uploads\/2022\/11\/ADMINISTRATION.pdf\">Administration<\/a><\/span><\/strong><\/td>\n<td style=\"height: 28px; width: 50%;\" width=\"405\"><strong><span style=\"color: #333333; font-size: 12pt;\"><a style=\"color: #333333;\" href=\"http:\/\/www.ests.uca.ma\/wp-content\/uploads\/2022\/11\/COMMERCE.pdf\">Commerce<\/a><\/span><\/strong><\/td>\n<\/tr>\n<tr style=\"height: 28px;\">\n<td style=\"height: 28px; width: 49.881%;\" width=\"405\"><strong><span style=\"color: #333333; font-size: 12pt;\"><a style=\"color: #333333;\" href=\"http:\/\/www.ests.uca.ma\/wp-content\/uploads\/2022\/11\/DROIT.pdf\">Droit<\/a><\/span><\/strong><\/td>\n<td style=\"height: 28px; width: 50%;\" width=\"405\"><strong><span style=\"color: #333333; font-size: 12pt;\"><a style=\"color: #333333;\" href=\"http:\/\/www.ests.uca.ma\/wp-content\/uploads\/2022\/11\/COMPTABILITE.pdf\">Comptabilit\u00e9<\/a><\/span><\/strong><\/td>\n<\/tr>\n<tr style=\"height: 28px;\">\n<td style=\"height: 28px; width: 49.881%;\" width=\"405\"><strong><span style=\"color: #333333; font-size: 12pt;\"><a style=\"color: #333333;\" href=\"http:\/\/www.ests.uca.ma\/wp-content\/uploads\/2022\/11\/FISCALITE.pdf\">Fiscalit\u00e9<\/a><\/span><\/strong><\/td>\n<td style=\"height: 28px; width: 50%;\" width=\"405\"><strong><span style=\"color: #333333; font-size: 12pt;\"><a style=\"color: #333333;\" href=\"http:\/\/www.ests.uca.ma\/wp-content\/uploads\/2022\/11\/ECONOMIE.pdf\">Economie<\/a><\/span><\/strong><\/td>\n<\/tr>\n<tr style=\"height: 28px;\">\n<td style=\"height: 28px; width: 49.881%;\" width=\"405\"><strong><span style=\"color: #333333; font-size: 12pt;\"><a style=\"color: #333333;\" href=\"http:\/\/www.ests.uca.ma\/wp-content\/uploads\/2022\/11\/TECHNIQUES-DE-BANQUE.pdf\">Techniques De Banque<\/a><\/span><\/strong><\/td>\n<td style=\"height: 28px; width: 50%;\" width=\"405\"><strong><span style=\"color: #333333; font-size: 12pt;\"><a style=\"color: #333333;\" href=\"http:\/\/www.ests.uca.ma\/wp-content\/uploads\/2022\/11\/Marketing.pdf\">Marketing<\/a><\/span><\/strong><\/td>\n<\/tr>\n<tr style=\"height: 28px;\">\n<td style=\"height: 28px; width: 49.881%;\" width=\"405\"><strong><span style=\"color: #333333; font-size: 12pt;\"><a style=\"color: #333333;\" href=\"http:\/\/www.ests.uca.ma\/wp-content\/uploads\/2022\/11\/BOURSE.pdf\">Bourse<\/a><\/span><\/strong><\/td>\n<td style=\"height: 28px; width: 50%;\" width=\"405\"><strong><span style=\"color: #333333;\"><a style=\"color: #333333;\" href=\"http:\/\/www.ests.uca.ma\/wp-content\/uploads\/2022\/11\/TOURISME.pdf\">Tourisme<\/a><\/span><\/strong><\/td>\n<\/tr>\n<tr style=\"height: 28px;\">\n<td style=\"height: 28px; width: 49.881%;\" width=\"405\"><strong><span style=\"color: #333333;\"><a style=\"color: #333333;\" href=\"http:\/\/www.ests.uca.ma\/wp-content\/uploads\/2022\/11\/GESTION.pdf\">Gestion<\/a><\/span><\/strong><\/td>\n<td style=\"height: 28px; width: 50%;\" width=\"405\"><strong><span style=\"color: #333333; font-size: 12pt;\"><a style=\"color: #333333;\" href=\"http:\/\/www.ests.uca.ma\/wp-content\/uploads\/2022\/11\/GESTION-DE-PROJET.pdf\">Gestion De Projet<\/a><\/span><\/strong><\/td>\n<\/tr>\n<tr style=\"height: 28px;\">\n<td style=\"height: 28px; width: 49.881%;\" width=\"405\"><strong><span style=\"color: #333333; font-size: 12pt;\"><a style=\"color: #333333;\" href=\"http:\/\/www.ests.uca.ma\/wp-content\/uploads\/2022\/11\/GESTION-DES-ENTREPRISES.pdf\">Gestion Des Entreprises<\/a><\/span><\/strong><\/td>\n<td style=\"height: 28px; width: 50%;\" width=\"405\"><strong><span style=\"color: #333333; font-size: 12pt;\"><a style=\"color: #333333;\" href=\"http:\/\/www.ests.uca.ma\/wp-content\/uploads\/2022\/11\/GESTION-DES-RESSOURCES-HUMAINES.pdf\">Gestion Des Ressources Humaines<\/a><\/span><\/strong><\/td>\n<\/tr>\n<tr style=\"height: 28px;\">\n<td style=\"height: 28px; width: 49.881%;\" width=\"405\"><strong><span style=\"color: #333333; font-size: 12pt;\"><a style=\"color: #333333;\" href=\"http:\/\/www.ests.uca.ma\/wp-content\/uploads\/2022\/11\/GESTION-FINANCIERE.pdf\">Gestion Financi\u00e8re<\/a><\/span><\/strong><\/td>\n<td style=\"height: 28px; width: 50%;\" width=\"405\"><strong><span style=\"color: #333333;\"><a style=\"color: #333333;\" href=\"http:\/\/www.ests.uca.ma\/wp-content\/uploads\/2022\/11\/Management.pdf\">Management<\/a><\/span><\/strong><\/td>\n<\/tr>\n<tr style=\"height: 28px;\">\n<td style=\"height: 28px; width: 49.881%;\" width=\"405\"><strong><span style=\"color: #333333; font-size: 12pt;\"><a style=\"color: #333333;\" href=\"http:\/\/www.ests.uca.ma\/wp-content\/uploads\/2022\/11\/PUBLICITE.pdf\">Publicit\u00e9<\/a><\/span><\/strong><\/td>\n<td style=\"height: 28px; width: 50%;\" width=\"405\"><\/td>\n<\/tr>\n<tr style=\"background-color: #b39bad;\">\n<td style=\"width: 49.881%; height: 28px;\" colspan=\"2\"><strong><span style=\"color: #333333; font-size: 12pt;\">\u00a0TEC et G\u00e9n\u00e9ralit\u00e9<br \/>\n<\/span><\/strong><\/td>\n<\/tr>\n<tr style=\"height: 28px;\">\n<td style=\"height: 28px; width: 49.881%;\"><strong><span style=\"color: #333333; font-size: 12pt;\"><a style=\"color: #333333;\" href=\"http:\/\/www.ests.uca.ma\/wp-content\/uploads\/2022\/11\/DICTIONNAIRE.pdf\">Dictionnaire<\/a><\/span><\/strong><\/td>\n<td style=\"height: 28px; width: 50%;\"><strong><span style=\"color: #333333; font-size: 12pt;\"><a style=\"color: #333333;\" href=\"http:\/\/www.ests.uca.ma\/wp-content\/uploads\/2022\/11\/Psychologie-Sociologie.pdf\">Psychologie-Sociologie<\/a><\/span><\/strong><\/td>\n<\/tr>\n<tr style=\"height: 28px;\">\n<td style=\"height: 28px; width: 49.881%;\"><strong><span style=\"color: #333333; font-size: 12pt;\"><a style=\"color: #333333;\" href=\"http:\/\/www.ests.uca.ma\/wp-content\/uploads\/2022\/11\/LANGUES.pdf\">Langues<\/a><\/span><\/strong><\/td>\n<td style=\"height: 28px; width: 50%;\"><strong><span style=\"color: #333333; font-size: 12pt;\"><a style=\"color: #333333;\" href=\"http:\/\/www.ests.uca.ma\/wp-content\/uploads\/2022\/11\/TECHNIQUES-DE-COMMUNICATION.pdf\">Techniques De Communication<\/a><\/span><\/strong><\/td>\n<\/tr>\n<tr style=\"height: 28px;\">\n<td style=\"height: 28px; width: 49.881%;\"><strong><span style=\"color: #333333; font-size: 12pt;\"><a style=\"color: #333333;\" href=\"http:\/\/www.ests.uca.ma\/wp-content\/uploads\/2022\/11\/ROMANS.pdf\">Romans<\/a><\/span><\/strong><\/td>\n<td style=\"height: 28px; width: 50%;\"><strong><span style=\"color: #333333; font-size: 12pt;\"><a style=\"color: #333333;\" href=\"http:\/\/www.ests.uca.ma\/wp-content\/uploads\/2022\/11\/GENERALITE.pdf\">G\u00e9n\u00e9ralit\u00e9<\/a><\/span><\/strong><\/td>\n<\/tr>\n<tr style=\"height: 28px;\">\n<td style=\"width: 49.881%; height: 28px;\"><span style=\"color: #333333;\"><strong><span style=\"font-size: 12pt;\"><a style=\"color: #333333;\" href=\"http:\/\/www.ests.uca.ma\/wp-content\/uploads\/2022\/11\/Encyclop\u00e9die.pdf\">Encyclop\u00e9dies<\/a><\/span><\/strong><\/span><\/td>\n<td style=\"width: 50%; height: 28px;\"><strong><span style=\"color: #333333; font-size: 12pt;\">\u00a0<\/span><\/strong><\/td>\n<\/tr>\n<tr style=\"background-color: #b39bad; height: 28px;\">\n<td style=\"height: 28px; width: 99.881%;\" colspan=\"2\"><strong><span style=\"color: #333333; font-size: 12pt;\">\u00a0<\/span><\/strong><strong><span style=\"color: #333333; font-size: 12pt;\">Informatique et Math\u00e9matiques<\/span><\/strong><\/td>\n<\/tr>\n<tr style=\"height: 28px;\">\n<td style=\"height: 28px; width: 49.881%;\" width=\"405\"><strong><span style=\"color: #333333; font-size: 12pt;\"> <a style=\"color: #333333;\" href=\"http:\/\/www.ests.uca.ma\/wp-content\/uploads\/2022\/11\/INFORMATIQUE.pdf\">Informatique<\/a><\/span><\/strong><\/td>\n<td style=\"height: 28px; width: 50%;\" width=\"405\"><strong><span style=\"color: #333333; font-size: 12pt;\"> <a style=\"color: #333333;\" href=\"http:\/\/www.ests.uca.ma\/wp-content\/uploads\/2022\/11\/math\u00e9matique.pdf\">Math\u00e9matiques<\/a><\/span><\/strong><\/td>\n<\/tr>\n<tr style=\"height: 28px;\">\n<td style=\"height: 28px; width: 49.881%;\" width=\"405\"><span style=\"color: #333333;\"><b>Multim\u00e9dia<\/b><\/span><\/td>\n<td style=\"height: 28px; width: 50%;\" width=\"405\"><strong><span style=\"color: #333333; font-size: 12pt;\"> <a style=\"color: #333333; text-decoration: underline;\" href=\"http:\/\/www.ests.uca.ma\/wp-content\/uploads\/2022\/11\/STATISTIQUE.pdf\">Statistique<\/a><\/span><\/strong><\/td>\n<\/tr>\n<tr style=\"height: 28px; background-color: #b39bad;\">\n<td style=\"width: 49.881%; height: 28px;\" colspan=\"2\"><strong><span style=\"color: #333333; font-size: 12pt;\">Projets de fin d&rsquo;\u00e9tudes<\/span><\/strong><\/td>\n<\/tr>\n<tr style=\"height: 28px;\">\n<td style=\"width: 49.881%; height: 28px; text-align: left;\"><strong><span style=\"font-size: 12pt; color: #333333;\"><a style=\"color: #333333;\" href=\"http:\/\/www.ests.uca.ma\/wp-content\/uploads\/2023\/11\/GIM-2008.pdf\">GIM2008<\/a> -GIM <a style=\"color: #333333;\" href=\"http:\/\/www.ests.uca.ma\/wp-content\/uploads\/2023\/11\/GIM-2009.pdf\">2009<\/a> &#8211; GIM<a style=\"color: #333333;\" href=\"http:\/\/www.ests.uca.ma\/wp-content\/uploads\/2023\/11\/GIM-2010.pdf\">2010<\/a> &#8211; GIM<a style=\"color: #333333;\" href=\"http:\/\/www.ests.uca.ma\/wp-content\/uploads\/2023\/11\/GIM-2011.pdf\">2011<\/a> &#8211; GIM<a style=\"color: #333333;\" href=\"http:\/\/www.ests.uca.ma\/wp-content\/uploads\/2023\/11\/GIM-2012.pdf\">2012<\/a> &#8211; GIM<a style=\"color: #333333;\" href=\"http:\/\/www.ests.uca.ma\/wp-content\/uploads\/2023\/11\/GIM-2013.pdf\">2013<\/a> &#8211; GIM<a style=\"color: #333333;\" href=\"http:\/\/www.ests.uca.ma\/wp-content\/uploads\/2023\/11\/GIM-2014.pdf\">2014<\/a> &#8211; GIM<a style=\"color: #333333;\" href=\"http:\/\/www.ests.uca.ma\/wp-content\/uploads\/2023\/11\/GIM-2015.pdf\">2015<\/a> &#8211; GIM<a style=\"color: #333333;\" href=\"http:\/\/www.ests.uca.ma\/wp-content\/uploads\/2023\/11\/GIM-2016.pdf\">2016<\/a> &#8211; GIM<a style=\"color: #333333;\" href=\"http:\/\/www.ests.uca.ma\/wp-content\/uploads\/2023\/11\/GIM-2017.pdf\">2017<\/a> &#8211; GIM<a style=\"color: #333333;\" href=\"http:\/\/www.ests.uca.ma\/wp-content\/uploads\/2023\/11\/GIM-2018.pdf\">2018<\/a> &#8211; GIM<a style=\"color: #333333;\" href=\"http:\/\/www.ests.uca.ma\/wp-content\/uploads\/2023\/11\/GIM-2019.pdf\">2019<\/a> &#8211; GIM2020 &#8211; GIM<a style=\"color: #333333;\" href=\"http:\/\/www.ests.uca.ma\/wp-content\/uploads\/2023\/11\/GIM-2021.pdf\">2021<\/a> &#8211; GIM<a style=\"color: #333333;\" href=\"http:\/\/www.ests.uca.ma\/wp-content\/uploads\/2023\/11\/GIM-2022.pdf\">2022<\/a> &#8211; GIM<a style=\"color: #333333;\" href=\"http:\/\/www.ests.uca.ma\/wp-content\/uploads\/2023\/11\/GIM-2023.pdf\">2023<\/a><\/span><\/strong><\/td>\n<td style=\"width: 50%; height: 28px; text-align: left;\"><strong><span style=\"font-size: 12pt; color: #333333;\"><a style=\"color: #333333;\" href=\"http:\/\/www.ests.uca.ma\/wp-content\/uploads\/2023\/11\/GI-2012.pdf\">GI2012<\/a> &#8211; GI<a style=\"color: #333333;\" href=\"http:\/\/www.ests.uca.ma\/wp-content\/uploads\/2023\/11\/GI-2013.pdf\">2013<\/a> &#8211; GI<a style=\"color: #333333;\" href=\"http:\/\/www.ests.uca.ma\/wp-content\/uploads\/2023\/11\/GI-2014.pdf\">2014<\/a> &#8211; GI<a style=\"color: #333333;\" href=\"http:\/\/www.ests.uca.ma\/wp-content\/uploads\/2023\/11\/GI-2015.pdf\">2015<\/a> &#8211; GI<a style=\"color: #333333;\" href=\"http:\/\/www.ests.uca.ma\/wp-content\/uploads\/2023\/11\/GI-2016.pdf\">2016<\/a> &#8211;<a style=\"color: #333333;\" href=\"http:\/\/www.ests.uca.ma\/wp-content\/uploads\/2023\/11\/GI-2017.pdf\"> GI2017<\/a> &#8211; GI<a style=\"color: #333333;\" href=\"http:\/\/www.ests.uca.ma\/wp-content\/uploads\/2023\/11\/GI-2018.pdf\">2018<\/a> &#8211; GI<a style=\"color: #333333;\" href=\"http:\/\/www.ests.uca.ma\/wp-content\/uploads\/2023\/11\/GI-2019.pdf\">2019<\/a> &#8211; GI2020 &#8211; GI<a style=\"color: #333333;\" href=\"http:\/\/www.ests.uca.ma\/wp-content\/uploads\/2023\/11\/GI-2021.pdf\">2021<\/a> &#8211; GI<a style=\"color: #333333;\" href=\"http:\/\/www.ests.uca.ma\/wp-content\/uploads\/2023\/11\/GI-2022.pdf\">2022<\/a> &#8211; GI<a style=\"color: #333333;\" href=\"http:\/\/www.ests.uca.ma\/wp-content\/uploads\/2023\/11\/GI-2023.pdf\">2023<\/a><\/span><\/strong><\/td>\n<\/tr>\n<tr style=\"height: 28px;\">\n<td style=\"width: 49.881%; height: 28px; text-align: left;\"><strong><span style=\"font-size: 12pt; color: #333333;\"><a style=\"color: #333333;\" href=\"http:\/\/www.ests.uca.ma\/wp-content\/uploads\/2023\/11\/TIMQ-2008.pdf\">TIMQ2008<\/a> &#8211;<a style=\"color: #333333;\" href=\"http:\/\/www.ests.uca.ma\/wp-content\/uploads\/2023\/11\/TIMQ-2009.pdf\"> TIMQ2009<\/a> &#8211; <a style=\"color: #333333;\" href=\"http:\/\/www.ests.uca.ma\/wp-content\/uploads\/2023\/11\/TIMQ-2010.pdf\">TIMQ2010<\/a> &#8211; <a style=\"color: #333333;\" href=\"http:\/\/www.ests.uca.ma\/wp-content\/uploads\/2023\/11\/TIMQ-2011.pdf\">TIMQ2011<\/a> &#8211; <a style=\"color: #333333;\" href=\"http:\/\/www.ests.uca.ma\/wp-content\/uploads\/2023\/11\/TIMQ-2012.pdf\">TIMQ2012<\/a> &#8211; <a style=\"color: #333333;\" href=\"http:\/\/www.ests.uca.ma\/wp-content\/uploads\/2023\/11\/TIMQ-2013.pdf\">TIMQ2013<\/a> &#8211; <a style=\"color: #333333;\" href=\"http:\/\/www.ests.uca.ma\/wp-content\/uploads\/2023\/11\/TIMQ-2014.pdf\">TIMQ2014<\/a> &#8211; <a style=\"color: #333333;\" href=\"http:\/\/www.ests.uca.ma\/wp-content\/uploads\/2023\/11\/TIMQ-2015.pdf\">TIMQ2015<\/a> &#8211; <a style=\"color: #333333;\" href=\"http:\/\/www.ests.uca.ma\/wp-content\/uploads\/2023\/11\/TIMQ-2016.pdf\">TIMQ2016<\/a> &#8211; <a style=\"color: #333333;\" href=\"http:\/\/www.ests.uca.ma\/wp-content\/uploads\/2023\/11\/TIMQ-2017.pdf\">TIMQ2017<\/a> &#8211; <a style=\"color: #333333;\" href=\"http:\/\/www.ests.uca.ma\/wp-content\/uploads\/2023\/11\/TIMQ-2018.pdf\">TIMQ2018<\/a> &#8211; <a style=\"color: #333333;\" href=\"http:\/\/www.ests.uca.ma\/wp-content\/uploads\/2023\/11\/TIMQ-2019.pdf\">TIMQ2019<\/a> &#8211; TIMQ2020 &#8211; <a style=\"color: #333333;\" href=\"http:\/\/www.ests.uca.ma\/wp-content\/uploads\/2023\/11\/TIMQ-2021.pdf\">TIMQ2021<\/a> &#8211; <a style=\"color: #333333;\" href=\"http:\/\/www.ests.uca.ma\/wp-content\/uploads\/2023\/11\/TIMQ-2022.pdf\">TIMQ2022<\/a> &#8211; <a style=\"color: #333333;\" href=\"http:\/\/www.ests.uca.ma\/wp-content\/uploads\/2023\/11\/TIMQ-2023.pdf\">TIMQ2023<\/a><\/span><\/strong><\/td>\n<td style=\"width: 50%; height: 28px; text-align: left;\"><strong><span style=\"font-size: 12pt; color: #333333;\"><a style=\"color: #333333;\" href=\"http:\/\/www.ests.uca.ma\/wp-content\/uploads\/2023\/11\/TM-2010.pdf\">TM2010<\/a> &#8211; <a style=\"color: #333333;\" href=\"http:\/\/www.ests.uca.ma\/wp-content\/uploads\/2023\/11\/TM-2011.pdf\">TM2011<\/a> &#8211; <a style=\"color: #333333;\" href=\"http:\/\/www.ests.uca.ma\/wp-content\/uploads\/2023\/11\/TM-2012.pdf\">TM2012<\/a> &#8211; <a style=\"color: #333333;\" href=\"http:\/\/www.ests.uca.ma\/wp-content\/uploads\/2023\/11\/TM-2013.pdf\">TM2013<\/a> &#8211; <a style=\"color: #333333;\" href=\"http:\/\/www.ests.uca.ma\/wp-content\/uploads\/2023\/11\/TM-2014.pdf\">TM2014<\/a> &#8211; <a style=\"color: #333333;\" href=\"http:\/\/www.ests.uca.ma\/wp-content\/uploads\/2023\/11\/TM-2015.pdf\">TM2015<\/a> &#8211; <a style=\"color: #333333;\" href=\"http:\/\/www.ests.uca.ma\/wp-content\/uploads\/2023\/11\/TM-2016.pdf\">TM2016<\/a> &#8211; <a style=\"color: #333333;\" href=\"http:\/\/www.ests.uca.ma\/wp-content\/uploads\/2023\/11\/TM-2017.pdf\">TM2017<\/a> &#8211;<a style=\"color: #333333;\" href=\"http:\/\/www.ests.uca.ma\/wp-content\/uploads\/2023\/11\/TM-2018.pdf\">TM2018<\/a> &#8211; <a style=\"color: #333333;\" href=\"http:\/\/www.ests.uca.ma\/wp-content\/uploads\/2023\/11\/TM-2019.pdf\">TM2019<\/a> &#8211; TM2020 &#8211;<a style=\"color: #333333;\" href=\"http:\/\/www.ests.uca.ma\/wp-content\/uploads\/2023\/11\/TM-2021.pdf\">TM2021<\/a> &#8211;<a style=\"color: #333333;\" href=\"http:\/\/www.ests.uca.ma\/wp-content\/uploads\/2023\/11\/TM-2022.pdf\">TM2022<\/a> &#8211;<a style=\"color: #333333;\" href=\"http:\/\/www.ests.uca.ma\/wp-content\/uploads\/2023\/11\/TM-2023.pdf\">TM2023<\/a><\/span><\/strong><\/td>\n<\/tr>\n<\/tbody>\n<\/table>\n","protected":false},"excerpt":{"rendered":"<p>\u00a0Maintenance , Automatique, \u00c9lectronique , M\u00e9canique et Energ\u00e9tique Automatique &amp; Informatique Industrielle Dessin Industriel Electronique Electrotechnique Energ\u00e9tique M\u00e9canique Des Fluides Et Hydraulique Maintenance M\u00e9canique \u00a0Chimie, Environnement , Physique et Qualit\u00e9 Chimie Chromatographie Spectrom\u00e9trie Analyse Chimique Environnement Mesure Physique Norme Afnor Qualit\u00e9 Parachimie Physique Proc\u00e8des Production \u00a0Management , \u00c9conomie, Finance,\u00a0 Fiscalit\u00e9\u00a0 et Gestion Administration Commerce Droit<\/p>\n","protected":false},"author":1,"featured_media":0,"parent":0,"menu_order":0,"comment_status":"closed","ping_status":"closed","template":"","meta":{"footnotes":""},"class_list":["post-3443","page","type-page","status-publish","hentry"],"_links":{"self":[{"href":"https:\/\/www.ests.uca.ma\/index.php?rest_route=\/wp\/v2\/pages\/3443","targetHints":{"allow":["GET"]}}],"collection":[{"href":"https:\/\/www.ests.uca.ma\/index.php?rest_route=\/wp\/v2\/pages"}],"about":[{"href":"https:\/\/www.ests.uca.ma\/index.php?rest_route=\/wp\/v2\/types\/page"}],"author":[{"embeddable":true,"href":"https:\/\/www.ests.uca.ma\/index.php?rest_route=\/wp\/v2\/users\/1"}],"replies":[{"embeddable":true,"href":"https:\/\/www.ests.uca.ma\/index.php?rest_route=%2Fwp%2Fv2%2Fcomments&post=3443"}],"version-history":[{"count":93,"href":"https:\/\/www.ests.uca.ma\/index.php?rest_route=\/wp\/v2\/pages\/3443\/revisions"}],"predecessor-version":[{"id":4312,"href":"https:\/\/www.ests.uca.ma\/index.php?rest_route=\/wp\/v2\/pages\/3443\/revisions\/4312"}],"wp:attachment":[{"href":"https:\/\/www.ests.uca.ma\/index.php?rest_route=%2Fwp%2Fv2%2Fmedia&parent=3443"}],"curies":[{"name":"wp","href":"https:\/\/api.w.org\/{rel}","templated":true}]}}