{"id":31,"date":"2019-06-19T10:56:51","date_gmt":"2019-06-19T08:56:51","guid":{"rendered":"http:\/\/www.ests.uca.ma\/?page_id=31"},"modified":"2019-07-02T13:43:36","modified_gmt":"2019-07-02T11:43:36","slug":"commission-scientifique","status":"publish","type":"page","link":"https:\/\/www.ests.uca.ma\/?page_id=31","title":{"rendered":"COMMISSION SCIENTIFIQUE"},"content":{"rendered":"\r\n<p>La commission scientifique est charg\u00e9e de proposer toutes les mesures concernant le personnel enseignant-chercheur\u00a0<\/p>\r\n\r\n\r\n\r\n<p><strong>Liste des Membres de la Commission Scientifique<\/strong><\/p>\r\n\r\n\r\n\r\n<table class=\"wp-block-table\" style=\"border-style: solid; width: 100%; height: 253px;\" border=\"2\">\r\n<tbody>\r\n<tr style=\"height: 28px;\">\r\n<td style=\"background-color: #55efc4; height: 28px;\"><span style=\"font-size: 8pt;\">Nom<\/span><\/td>\r\n<td style=\"background-color: #55efc4; height: 28px;\"><span style=\"font-size: 8pt;\">Prenom<\/span><\/td>\r\n<td style=\"background-color: #55efc4; height: 28px;\"><span style=\"font-size: 8pt;\">Cadre<\/span><\/td>\r\n<td style=\"background-color: #55efc4; height: 28px;\"><span style=\"font-size: 8pt;\">Fonction<\/span><\/td>\r\n<\/tr>\r\n<tr style=\"height: 28px;\">\r\n<td style=\"background-color: #81ecec; height: 28px;\"><span style=\"font-size: 8pt;\">EL MAKHFOUK<\/span><\/td>\r\n<td style=\"background-color: #81ecec; height: 28px;\"><span style=\"font-size: 8pt;\">MOHAMMED<\/span><\/td>\r\n<td style=\"background-color: #81ecec; height: 28px;\"><span style=\"font-size: 8pt;\">PROFESSEUR DE L&rsquo;ENSEIGNEMENT SUP\u00c9RIEUR<\/span><\/td>\r\n<td style=\"background-color: #81ecec; height: 28px;\"><span style=\"font-size: 8pt;\">Pr\u00e9sident<\/span><\/td>\r\n<\/tr>\r\n<tr style=\"height: 28px;\">\r\n<td style=\"background-color: #81ecec; height: 28px;\"><span style=\"font-size: 8pt;\">BOUSSAOUD<\/span><\/td>\r\n<td style=\"background-color: #81ecec; height: 28px;\"><span style=\"font-size: 8pt;\">ABDELGHANI<\/span><\/td>\r\n<td style=\"background-color: #81ecec; height: 28px;\"><span style=\"font-size: 8pt;\">PROFESSEUR DE L&rsquo;ENSEIGNEMENT SUP\u00c9RIEUR\u00a0<\/span><\/td>\r\n<td style=\"background-color: #81ecec; height: 28px;\"><span style=\"font-size: 8pt;\">membre<\/span><\/td>\r\n<\/tr>\r\n<tr style=\"height: 28px;\">\r\n<td style=\"background-color: #81ecec; height: 28px;\"><span style=\"font-size: 8pt;\">HACHKAR<\/span><\/td>\r\n<td style=\"background-color: #81ecec; height: 28px;\"><span style=\"font-size: 8pt;\">MOHSINE<\/span><\/td>\r\n<td style=\"background-color: #81ecec; height: 28px;\"><span style=\"font-size: 8pt;\">PROFESSEUR DE L&rsquo;ENSEIGNEMENT SUP\u00c9RIEUR\u00a0<\/span><\/td>\r\n<td style=\"background-color: #81ecec; height: 28px;\"><span style=\"font-size: 8pt;\">membre<\/span><\/td>\r\n<\/tr>\r\n<tr style=\"height: 28px;\">\r\n<td style=\"background-color: #81ecec; height: 28px;\"><span style=\"font-size: 8pt;\">SOULMANI<\/span><\/td>\r\n<td style=\"background-color: #81ecec; height: 28px;\"><span style=\"font-size: 8pt;\">ABDALLAH<\/span><\/td>\r\n<td style=\"background-color: #81ecec; height: 28px;\"><span style=\"font-size: 8pt;\">PROFESSEUR DE L&rsquo;ENSEIGNEMENT SUP\u00c9RIEUR<\/span><\/td>\r\n<td style=\"background-color: #81ecec; height: 28px;\"><span style=\"font-size: 8pt;\">membre<\/span><\/td>\r\n<\/tr>\r\n<tr style=\"height: 28px;\">\r\n<td style=\"background-color: #81ecec; height: 28px;\"><span style=\"font-size: 8pt;\">ZOUANA<\/span><\/td>\r\n<td style=\"background-color: #81ecec; height: 28px;\"><span style=\"font-size: 8pt;\">ABDELLATIF<\/span><\/td>\r\n<td style=\"background-color: #81ecec; height: 28px;\"><span style=\"font-size: 8pt;\">PROFESSEUR DE L&rsquo;ENSEIGNEMENT SUP\u00c9RIEUR<\/span><\/td>\r\n<td style=\"background-color: #81ecec; height: 28px;\"><span style=\"font-size: 8pt;\">membre<\/span><\/td>\r\n<\/tr>\r\n<tr style=\"height: 28px;\">\r\n<td style=\"background-color: #81ecec; height: 28px;\"><span style=\"font-size: 8pt;\">MOUNIR\u00a0<\/span><\/td>\r\n<td style=\"background-color: #81ecec; height: 28px;\"><span style=\"font-size: 8pt;\">BADIA<\/span><\/td>\r\n<td style=\"background-color: #81ecec; height: 28px;\"><span style=\"font-size: 8pt;\">PROFESSEUR DE L&rsquo;ENSEIGNEMENT SUP\u00c9RIEUR<\/span><\/td>\r\n<td style=\"background-color: #81ecec; height: 28px;\"><span style=\"font-size: 8pt;\">membre<\/span><\/td>\r\n<\/tr>\r\n<tr style=\"height: 28px;\">\r\n<td style=\"background-color: #81ecec; height: 28px;\"><span style=\"font-size: 8pt;\">MOUNIR<\/span><\/td>\r\n<td style=\"background-color: #81ecec; height: 28px;\"><span style=\"font-size: 8pt;\">ILHAM<\/span><\/td>\r\n<td style=\"background-color: #81ecec; height: 28px;\"><span style=\"font-size: 8pt;\">PROFESSEUR HABILITE<\/span><\/td>\r\n<td style=\"background-color: #81ecec; height: 28px;\"><span style=\"font-size: 8pt;\">membre<\/span><\/td>\r\n<\/tr>\r\n<tr style=\"height: 29px;\">\r\n<td style=\"background-color: #81ecec; height: 29px;\"><span style=\"font-size: 8pt;\">KHAYAR<\/span><\/td>\r\n<td style=\"background-color: #81ecec; height: 29px;\"><span style=\"font-size: 8pt;\">MOHAMMED<\/span><\/td>\r\n<td style=\"background-color: #81ecec; height: 29px;\"><span style=\"font-size: 8pt;\">PROFESSEUR HABILITE<\/span><\/td>\r\n<\/tr>\r\n<\/tbody>\r\n<\/table>\r\n","protected":false},"excerpt":{"rendered":"<p>La commission scientifique est charg\u00e9e de proposer toutes les mesures concernant le personnel enseignant-chercheur\u00a0 Liste des Membres de la Commission Scientifique Nom Prenom Cadre Fonction EL MAKHFOUK MOHAMMED PROFESSEUR DE L&rsquo;ENSEIGNEMENT SUP\u00c9RIEUR Pr\u00e9sident BOUSSAOUD ABDELGHANI PROFESSEUR DE L&rsquo;ENSEIGNEMENT SUP\u00c9RIEUR\u00a0 membre HACHKAR MOHSINE PROFESSEUR DE L&rsquo;ENSEIGNEMENT SUP\u00c9RIEUR\u00a0 membre SOULMANI ABDALLAH PROFESSEUR DE L&rsquo;ENSEIGNEMENT SUP\u00c9RIEUR membre ZOUANA<\/p>\n","protected":false},"author":1,"featured_media":0,"parent":0,"menu_order":0,"comment_status":"closed","ping_status":"closed","template":"","meta":{"footnotes":""},"class_list":["post-31","page","type-page","status-publish","hentry"],"_links":{"self":[{"href":"https:\/\/www.ests.uca.ma\/index.php?rest_route=\/wp\/v2\/pages\/31","targetHints":{"allow":["GET"]}}],"collection":[{"href":"https:\/\/www.ests.uca.ma\/index.php?rest_route=\/wp\/v2\/pages"}],"about":[{"href":"https:\/\/www.ests.uca.ma\/index.php?rest_route=\/wp\/v2\/types\/page"}],"author":[{"embeddable":true,"href":"https:\/\/www.ests.uca.ma\/index.php?rest_route=\/wp\/v2\/users\/1"}],"replies":[{"embeddable":true,"href":"https:\/\/www.ests.uca.ma\/index.php?rest_route=%2Fwp%2Fv2%2Fcomments&post=31"}],"version-history":[{"count":4,"href":"https:\/\/www.ests.uca.ma\/index.php?rest_route=\/wp\/v2\/pages\/31\/revisions"}],"predecessor-version":[{"id":418,"href":"https:\/\/www.ests.uca.ma\/index.php?rest_route=\/wp\/v2\/pages\/31\/revisions\/418"}],"wp:attachment":[{"href":"https:\/\/www.ests.uca.ma\/index.php?rest_route=%2Fwp%2Fv2%2Fmedia&parent=31"}],"curies":[{"name":"wp","href":"https:\/\/api.w.org\/{rel}","templated":true}]}}