{"id":26,"date":"2019-06-19T10:55:19","date_gmt":"2019-06-19T08:55:19","guid":{"rendered":"http:\/\/www.ests.uca.ma\/?page_id=26"},"modified":"2019-07-02T13:38:29","modified_gmt":"2019-07-02T11:38:29","slug":"conseil-de-lecole","status":"publish","type":"page","link":"https:\/\/www.ests.uca.ma\/?page_id=26","title":{"rendered":"CONSEIL DE L\u2019ECOLE"},"content":{"rendered":"\r\n<p>Le conseil de l&rsquo;\u00e9tablissement d\u00e9libre sur toute les questions relatives aux missions et \u00e0 la bonne marche de l&rsquo;\u00e9tablissment , il comprend des membres de droit , des repr\u00e9sentants \u00e9lus des personnels enseignants et des personnels administratifs et techniques , ainssi des representants \u00e9lus des \u00e9tudiants .<\/p>\r\n\r\n\r\n\r\n<p><strong>Liste des Membres de Conseil de l\u2019Ecole\u00a02018-2020<\/strong><\/p>\r\n\r\n\r\n\r\n<table class=\"wp-block-table\" style=\"border-style: solid; width: 100%; height: 644px;\" border=\"2\">\r\n<tbody>\r\n<tr style=\"height: 28px;\">\r\n<td style=\"background-color: #55efc4; width: 14.4048%; text-align: left; height: 28px;\"><span style=\"font-size: 8pt;\"><strong>Nom<\/strong><\/span><\/td>\r\n<td style=\"background-color: #55efc4; width: 9.04762%; text-align: left; height: 28px;\"><span style=\"font-size: 8pt;\"><strong>Pr\u00e9nom<\/strong><\/span><\/td>\r\n<td style=\"background-color: #55efc4; width: 33.4524%; text-align: left; height: 28px;\"><span style=\"font-size: 8pt;\"><strong>Cadre<\/strong><\/span><\/td>\r\n<td style=\"background-color: #55efc4; width: 42.9762%; text-align: left; height: 28px;\"><span style=\"font-size: 8pt;\"><strong>Fonction<\/strong><\/span><\/td>\r\n<\/tr>\r\n<tr style=\"height: 56px;\">\r\n<td style=\"width: 14.4048%; text-align: left; height: 56px; background-color: #81ecec;\"><span style=\"font-size: 8pt;\"><strong>EL MAKHFOUK<\/strong><\/span><\/td>\r\n<td style=\"width: 9.04762%; text-align: left; height: 56px; background-color: #81ecec;\"><span style=\"font-size: 8pt;\">MOHAMMED<\/span><\/td>\r\n<td style=\"width: 33.4524%; text-align: left; height: 56px; background-color: #81ecec;\"><span style=\"font-size: 8pt;\">PROFESSEUR D&rsquo;ENSEIGNEMENT SUP\u00c9RIEUR\u00a0<\/span><\/td>\r\n<td style=\"width: 42.9762%; text-align: left; height: 56px; background-color: #81ecec;\"><span style=\"font-size: 8pt;\">Directeur\/Pr\u00e9sident<\/span><\/td>\r\n<\/tr>\r\n<tr style=\"height: 28px;\">\r\n<td style=\"width: 14.4048%; text-align: left; height: 28px; background-color: #81ecec;\"><span style=\"font-size: 8pt;\"><strong>KHAYAR<\/strong><\/span><\/td>\r\n<td style=\"width: 9.04762%; text-align: left; height: 28px; background-color: #81ecec;\"><span style=\"font-size: 8pt;\">MOHAMMED<\/span><\/td>\r\n<td style=\"width: 33.4524%; text-align: left; height: 28px; background-color: #81ecec;\"><span style=\"font-size: 8pt;\">PROFESSEUR D&rsquo;ENSEIGNEMENT SUP\u00c9RIEUR\u00a0<\/span><\/td>\r\n<td style=\"width: 42.9762%; text-align: left; height: 28px; background-color: #81ecec;\"><span style=\"font-size: 8pt;\">Directeur Adjoint\/rapporteur du conseil<\/span><\/td>\r\n<\/tr>\r\n<tr style=\"height: 28px;\">\r\n<td style=\"width: 14.4048%; text-align: left; height: 28px; background-color: #81ecec;\"><span style=\"font-size: 8pt;\"><strong>BOUSSAOUD<\/strong><\/span><\/td>\r\n<td style=\"width: 9.04762%; text-align: left; height: 28px; background-color: #81ecec;\"><span style=\"font-size: 8pt;\">ABDELGHANI<\/span><\/td>\r\n<td style=\"width: 33.4524%; text-align: left; height: 28px; background-color: #81ecec;\"><span style=\"font-size: 8pt;\">PROFESSEUR D&rsquo;ENSEIGNEMENT SUP\u00c9RIEUR\u00a0<\/span><\/td>\r\n<td style=\"width: 42.9762%; text-align: left; height: 28px; background-color: #81ecec;\"><span style=\"font-size: 8pt;\">repr\u00e9sentant des professeurs d&rsquo;enseignement sup\u00e9rieur<\/span><\/td>\r\n<\/tr>\r\n<tr style=\"height: 28px;\">\r\n<td style=\"width: 14.4048%; text-align: left; height: 28px; background-color: #81ecec;\"><span style=\"font-size: 8pt;\"><strong>ZOUANA<\/strong><\/span><\/td>\r\n<td style=\"width: 9.04762%; text-align: left; height: 28px; background-color: #81ecec;\"><span style=\"font-size: 8pt;\">ABDELLATIF<\/span><\/td>\r\n<td style=\"width: 33.4524%; text-align: left; height: 28px; background-color: #81ecec;\"><span style=\"font-size: 8pt;\">PROFESSEUR D&rsquo;ENSEIGNEMENT SUP\u00c9RIEUR\u00a0<\/span><\/td>\r\n<td style=\"width: 42.9762%; text-align: left; height: 28px; background-color: #81ecec;\"><span style=\"font-size: 8pt;\">repr\u00e9sentant des professeurs d&rsquo;enseignement sup\u00e9rieur<\/span><\/td>\r\n<\/tr>\r\n<tr style=\"height: 28px;\">\r\n<td style=\"width: 14.4048%; text-align: left; height: 28px; background-color: #81ecec;\"><span style=\"font-size: 8pt;\"><strong>MOUNIR<\/strong><\/span><\/td>\r\n<td style=\"width: 9.04762%; text-align: left; height: 28px; background-color: #81ecec;\"><span style=\"font-size: 8pt;\">BADIA<\/span><\/td>\r\n<td style=\"width: 33.4524%; text-align: left; height: 28px; background-color: #81ecec;\"><span style=\"font-size: 8pt;\">PROFESSEUR D&rsquo;ENSEIGNEMENT SUP\u00c9RIEUR\u00a0<\/span><\/td>\r\n<td style=\"width: 42.9762%; text-align: left; height: 28px; background-color: #81ecec;\"><span style=\"font-size: 8pt;\">repr\u00e9sentante des professeurs d&rsquo;enseignement sup\u00e9rieur<\/span><\/td>\r\n<\/tr>\r\n<tr style=\"height: 28px;\">\r\n<td style=\"width: 14.4048%; text-align: left; height: 28px; background-color: #81ecec;\"><span style=\"font-size: 8pt;\"><strong>EL MAZOUZI<\/strong><\/span><\/td>\r\n<td style=\"width: 9.04762%; text-align: left; height: 28px; background-color: #81ecec;\"><span style=\"font-size: 8pt;\">LAILA<\/span><\/td>\r\n<td style=\"width: 33.4524%; text-align: left; height: 28px; background-color: #81ecec;\"><span style=\"font-size: 8pt;\">PROFESSEUR HABILITE\u00a0<\/span><\/td>\r\n<td style=\"width: 42.9762%; text-align: left; height: 28px; background-color: #81ecec;\"><span style=\"font-size: 8pt;\">repr\u00e9sentante des professeurs habilit\u00e9s<\/span><\/td>\r\n<\/tr>\r\n<tr style=\"height: 28px;\">\r\n<td style=\"width: 14.4048%; text-align: left; height: 28px; background-color: #81ecec;\"><span style=\"font-size: 8pt;\"><strong>BOULAHOUAL<\/strong><\/span><\/td>\r\n<td style=\"width: 9.04762%; text-align: left; height: 28px; background-color: #81ecec;\"><span style=\"font-size: 8pt;\">AHMED<\/span><\/td>\r\n<td style=\"width: 33.4524%; text-align: left; height: 28px; background-color: #81ecec;\"><span style=\"font-size: 8pt;\">PROFESSEUR ASSISTANT\u00a0<\/span><\/td>\r\n<td style=\"width: 42.9762%; text-align: left; height: 28px; background-color: #81ecec;\"><span style=\"font-size: 8pt;\">repr\u00e9sentant des professeurs assistants<\/span><\/td>\r\n<\/tr>\r\n<tr style=\"height: 56px;\">\r\n<td style=\"width: 14.4048%; text-align: left; height: 56px; background-color: #81ecec;\"><span style=\"font-size: 8pt;\"><strong>EL AMRANI\u00a0<\/strong><\/span><\/td>\r\n<td style=\"width: 9.04762%; text-align: left; height: 56px; background-color: #81ecec;\"><span style=\"font-size: 8pt;\">FATIMA ZOHRA<\/span><\/td>\r\n<td style=\"width: 33.4524%; text-align: left; height: 56px; background-color: #81ecec;\"><span style=\"font-size: 8pt;\">PROFESSEUR ASSISTANT\u00a0<\/span><\/td>\r\n<td style=\"width: 42.9762%; text-align: left; height: 56px; background-color: #81ecec;\"><span style=\"font-size: 8pt;\">repr\u00e9sentante des professeurs assistants<\/span><\/td>\r\n<\/tr>\r\n<tr style=\"height: 28px;\">\r\n<td style=\"width: 14.4048%; text-align: left; height: 28px; background-color: #81ecec;\"><span style=\"font-size: 8pt;\"><strong>ESSALIH<\/strong><\/span><\/td>\r\n<td style=\"width: 9.04762%; text-align: left; height: 28px; background-color: #81ecec;\"><span style=\"font-size: 8pt;\">MOHAMED<\/span><\/td>\r\n<td style=\"width: 33.4524%; text-align: left; height: 28px; background-color: #81ecec;\"><span style=\"font-size: 8pt;\">PROFESSEUR ASSISTANT\u00a0<\/span><\/td>\r\n<td style=\"width: 42.9762%; text-align: left; height: 28px; background-color: #81ecec;\"><span style=\"font-size: 8pt;\">repr\u00e9sentant des professeurs assistants<\/span><\/td>\r\n<\/tr>\r\n<tr style=\"height: 28px;\">\r\n<td style=\"width: 14.4048%; text-align: left; height: 28px; background-color: #81ecec;\"><span style=\"font-size: 8pt;\"><strong>BENHIDA<\/strong><\/span><\/td>\r\n<td style=\"width: 9.04762%; text-align: left; height: 28px; background-color: #81ecec;\"><span style=\"font-size: 8pt;\">KHALID<\/span><\/td>\r\n<td style=\"width: 33.4524%; text-align: left; height: 28px; background-color: #81ecec;\"><span style=\"font-size: 8pt;\">\u00a0PROFESSEUR HABILITE\u00a0<\/span><\/td>\r\n<td style=\"width: 42.9762%; text-align: left; height: 28px; background-color: #81ecec;\"><span style=\"font-size: 8pt;\">Chef du d\u00e9partement TACQ<\/span><\/td>\r\n<\/tr>\r\n<tr style=\"height: 28px;\">\r\n<td style=\"width: 14.4048%; text-align: left; height: 28px; background-color: #81ecec;\"><span style=\"font-size: 8pt;\"><strong>EL HACHADI<\/strong><\/span><\/td>\r\n<td style=\"width: 9.04762%; text-align: left; height: 28px; background-color: #81ecec;\"><span style=\"font-size: 8pt;\">AHMED<\/span><\/td>\r\n<td style=\"width: 33.4524%; text-align: left; height: 28px; background-color: #81ecec;\"><span style=\"font-size: 8pt;\">PROFESSEUR HABILITE\u00a0<\/span><\/td>\r\n<td style=\"width: 42.9762%; text-align: left; height: 28px; background-color: #81ecec;\"><span style=\"font-size: 8pt;\">Chef du d\u00e9partement MI<\/span><\/td>\r\n<\/tr>\r\n<tr style=\"height: 28px;\">\r\n<td style=\"width: 14.4048%; text-align: left; height: 28px; background-color: #81ecec;\"><span style=\"font-size: 8pt;\"><strong>MOKHLIS<\/strong><\/span><\/td>\r\n<td style=\"width: 9.04762%; text-align: left; height: 28px; background-color: #81ecec;\"><span style=\"font-size: 8pt;\">KHALIL<\/span><\/td>\r\n<td style=\"width: 33.4524%; text-align: left; height: 28px; background-color: #81ecec;\"><span style=\"font-size: 8pt;\">PROFESSEUR D&rsquo;ENSEIGNEMENT SUP\u00c9RIEUR\u00a0<\/span><\/td>\r\n<td style=\"width: 42.9762%; text-align: left; height: 28px; background-color: #81ecec;\"><span style=\"font-size: 8pt;\">Chef du d\u00e9partement TM<\/span><\/td>\r\n<\/tr>\r\n<tr style=\"height: 28px;\">\r\n<td style=\"width: 14.4048%; text-align: left; height: 28px; background-color: #81ecec;\"><span style=\"font-size: 8pt;\"><strong>MOUNIR<\/strong><\/span><\/td>\r\n<td style=\"width: 9.04762%; text-align: left; height: 28px; background-color: #81ecec;\"><span style=\"font-size: 8pt;\">ILHAM<\/span><\/td>\r\n<td style=\"width: 33.4524%; text-align: left; height: 28px; background-color: #81ecec;\"><span style=\"font-size: 8pt;\">PROFESSEUR HABILITE\u00a0<\/span><\/td>\r\n<td style=\"width: 42.9762%; text-align: left; height: 28px; background-color: #81ecec;\"><span style=\"font-size: 8pt;\">Chef du d\u00e9partement GI<\/span><\/td>\r\n<\/tr>\r\n<tr style=\"height: 28px;\">\r\n<td style=\"width: 14.4048%; text-align: left; height: 28px; background-color: #81ecec;\"><span style=\"font-size: 8pt;\"><strong>NAOUIS<\/strong><\/span><\/td>\r\n<td style=\"width: 9.04762%; text-align: left; height: 28px; background-color: #81ecec;\"><span style=\"font-size: 8pt;\">HODA<\/span><\/td>\r\n<td style=\"width: 33.4524%; text-align: left; height: 28px; background-color: #81ecec;\"><span style=\"font-size: 8pt;\">ADMINISTRATEUR 2\u00e8me grade<\/span><\/td>\r\n<td style=\"width: 42.9762%; text-align: left; height: 28px; background-color: #81ecec;\"><span style=\"font-size: 8pt;\">Secr\u00e9taire g\u00e9n\u00e9rale \/Secr\u00e9tariat du conseil<\/span><\/td>\r\n<\/tr>\r\n<tr style=\"height: 56px;\">\r\n<td style=\"width: 14.4048%; text-align: left; height: 56px; background-color: #81ecec;\"><span style=\"font-size: 8pt;\"><strong>LAGHMAMI<\/strong><\/span><\/td>\r\n<td style=\"width: 9.04762%; text-align: left; height: 56px; background-color: #81ecec;\"><span style=\"font-size: 8pt;\">ABDALLAH<\/span><\/td>\r\n<td style=\"width: 33.4524%; text-align: left; height: 56px; background-color: #81ecec;\"><span style=\"font-size: 8pt;\">TECHNICIEN 2\u00e8me grade<\/span><\/td>\r\n<td style=\"width: 42.9762%; text-align: left; height: 56px; background-color: #81ecec;\"><span style=\"font-size: 8pt;\">repr\u00e9sentant des administratifs et des techniciens (des \u00e9chelles 10 et plus)\u00a0<\/span><\/td>\r\n<\/tr>\r\n<tr style=\"height: 56px;\">\r\n<td style=\"width: 14.4048%; text-align: left; height: 56px; background-color: #81ecec;\"><span style=\"font-size: 8pt;\"><strong>LABBIHI<\/strong><\/span><\/td>\r\n<td style=\"width: 9.04762%; text-align: left; height: 56px; background-color: #81ecec;\"><span style=\"font-size: 8pt;\">M&rsquo;BAREK<\/span><\/td>\r\n<td style=\"width: 33.4524%; text-align: left; height: 56px; background-color: #81ecec;\"><span style=\"font-size: 8pt;\">TECHNICIEN 3\u00e8me grade<\/span><\/td>\r\n<td style=\"width: 42.9762%; text-align: left; height: 56px; background-color: #81ecec;\"><span style=\"font-size: 8pt;\">repr\u00e9sentant des administratifs et des techniciens (des \u00e9chelles\u00a0 de 6 \u00e0 9 )\u00a0 \u00a0<\/span><\/td>\r\n<\/tr>\r\n<tr style=\"height: 56px;\">\r\n<td style=\"width: 14.4048%; text-align: left; height: 56px; background-color: #81ecec;\"><span style=\"font-size: 8pt;\"><strong>HIKEL<\/strong><\/span><\/td>\r\n<td style=\"width: 9.04762%; text-align: left; height: 56px; background-color: #81ecec;\"><span style=\"font-size: 8pt;\">AYOUB<\/span><\/td>\r\n<td style=\"width: 33.4524%; text-align: left; height: 56px; background-color: #81ecec;\"><span style=\"font-size: 8pt;\">Etudiant 1 ann\u00e9e \/D\u00e9partement Maintenance Industrielle<\/span><\/td>\r\n<td style=\"width: 42.9762%; text-align: left; height: 56px; background-color: #81ecec;\"><span style=\"font-size: 8pt;\">repr\u00e9sentant des \u00e9tudiants<\/span><\/td>\r\n<\/tr>\r\n<\/tbody>\r\n<\/table>\r\n","protected":false},"excerpt":{"rendered":"<p>Le conseil de l&rsquo;\u00e9tablissement d\u00e9libre sur toute les questions relatives aux missions et \u00e0 la bonne marche de l&rsquo;\u00e9tablissment , il comprend des membres de droit , des repr\u00e9sentants \u00e9lus des personnels enseignants et des personnels administratifs et techniques , ainssi des representants \u00e9lus des \u00e9tudiants . Liste des Membres de Conseil de l\u2019Ecole\u00a02018-2020 Nom<\/p>\n","protected":false},"author":1,"featured_media":0,"parent":0,"menu_order":0,"comment_status":"closed","ping_status":"closed","template":"","meta":{"footnotes":""},"class_list":["post-26","page","type-page","status-publish","hentry"],"_links":{"self":[{"href":"https:\/\/www.ests.uca.ma\/index.php?rest_route=\/wp\/v2\/pages\/26","targetHints":{"allow":["GET"]}}],"collection":[{"href":"https:\/\/www.ests.uca.ma\/index.php?rest_route=\/wp\/v2\/pages"}],"about":[{"href":"https:\/\/www.ests.uca.ma\/index.php?rest_route=\/wp\/v2\/types\/page"}],"author":[{"embeddable":true,"href":"https:\/\/www.ests.uca.ma\/index.php?rest_route=\/wp\/v2\/users\/1"}],"replies":[{"embeddable":true,"href":"https:\/\/www.ests.uca.ma\/index.php?rest_route=%2Fwp%2Fv2%2Fcomments&post=26"}],"version-history":[{"count":6,"href":"https:\/\/www.ests.uca.ma\/index.php?rest_route=\/wp\/v2\/pages\/26\/revisions"}],"predecessor-version":[{"id":413,"href":"https:\/\/www.ests.uca.ma\/index.php?rest_route=\/wp\/v2\/pages\/26\/revisions\/413"}],"wp:attachment":[{"href":"https:\/\/www.ests.uca.ma\/index.php?rest_route=%2Fwp%2Fv2%2Fmedia&parent=26"}],"curies":[{"name":"wp","href":"https:\/\/api.w.org\/{rel}","templated":true}]}}