{"id":109,"date":"2019-06-19T11:20:47","date_gmt":"2019-06-19T09:20:47","guid":{"rendered":"http:\/\/www.ests.uca.ma\/?page_id=109"},"modified":"2019-06-21T10:56:02","modified_gmt":"2019-06-21T08:56:02","slug":"association-des-laureats","status":"publish","type":"page","link":"https:\/\/www.ests.uca.ma\/?page_id=109","title":{"rendered":"ASSOCIATION DES LAUR\u00c9ATS"},"content":{"rendered":"<div class=\"content-title\">\n<h1 class=\"col-xs-12 col-sm-12 col-md-12  color-2\"><img loading=\"lazy\" decoding=\"async\" class=\"alignnone\" style=\"font-size: 16px; font-weight: 400;\" src=\"https:\/\/www.uca.ma\/public\/files\/images\/site-166-100844ac16fa375db5b1b7fba16ff5d0-1168903729.jpg\" alt=\"\" width=\"172\" height=\"170\" \/><\/h1>\n<\/div>\n<p><span style=\"color: #00ccff; font-family: arial, helvetica, sans-serif; font-size: 14pt;\"><strong>QUI SOMMES-NOUS ?<\/strong><\/span><\/p>\n<p style=\"text-align: justify;\"><span style=\"font-family: arial, helvetica, sans-serif; font-size: 14pt;\">L\u2019association des laur\u00e9ats de l\u2019Ecole Sup\u00e9rieure de Technologie de SAFI est une association \u00e0 but non lucratif sans aucune appartenance politique qui a \u00e9t\u00e9 cr\u00e9\u00e9 le 24 Novembre 2011.Cette association a pour objectif de cr\u00e9er un lien entre les laur\u00e9ats et les \u00e9tudiants de l\u2019\u00e9cole sup\u00e9rieure de technologie de Safi. Elle met en \u0153uvre de nombreuses actions de soutien aux \u00e9tudiants en cours de formation \u00e0 l\u2019\u00e9cole et conduit des \u00e9v\u00e8nements notamment en relation avec l\u2019int\u00e9gration des laur\u00e9ats de l\u2019\u00e9cole dans la vie active.<\/span><\/p>\n<p><span style=\"color: #00ccff; font-family: arial, helvetica, sans-serif; font-size: 14pt;\"><strong><u>Autres missions strat\u00e9giques\u00a0<\/u>:<\/strong><\/span><\/p>\n<ul style=\"list-style-type: circle;\">\n<li><span style=\"font-family: arial, helvetica, sans-serif; font-size: 14pt;\">Jouer son r\u00f4le dans la soci\u00e9t\u00e9 civile ,<\/span><\/li>\n<li><span style=\"font-family: arial, helvetica, sans-serif; font-size: 14pt;\">D\u00e9velopper et am\u00e9liorer les comp\u00e9tences des ses adh\u00e9rents ,<\/span><\/li>\n<li><span style=\"font-family: arial, helvetica, sans-serif; font-size: 14pt;\">Faire rayonner le label de notre \u00e9cole \u00e0 l\u2019\u00e9chelle r\u00e9gionale et nationale ,<\/span><\/li>\n<li><span style=\"font-family: arial, helvetica, sans-serif; font-size: 14pt;\">Organiser des \u00e9v\u00e9nements et matin\u00e9es ,<\/span><\/li>\n<li><span style=\"font-family: arial, helvetica, sans-serif; font-size: 14pt;\">L\u2019association regroupe tous les laur\u00e9ats et \u00e9tudiants de l\u2019Ecole sup\u00e9rieure de technologie de Safi (DUT , LP ) depuis sa cr\u00e9ation en 1992 ,<\/span><\/li>\n<\/ul>\n<p><span style=\"font-family: arial, helvetica, sans-serif; font-size: 14pt;\"><img decoding=\"async\" src=\"https:\/\/www.uca.ma\/public\/files\/images\/site-166-1ec77b050ec2f3551b910b89628d4388-758970237.png\" alt=\"\" \/><\/span><\/p>\n<pre><span style=\"color: #00ccff; font-family: arial, helvetica, sans-serif; font-size: 14pt;\"><strong><u>Activit\u00e9s:<\/u><\/strong><\/span><\/pre>\n<pre><span style=\"font-size: 14pt; font-family: arial, helvetica, sans-serif;\"><span style=\"color: #3366ff;\"><strong><a style=\"color: #3366ff;\" href=\"https:\/\/www.facebook.com\/events\/168785346856150\/?ref=1&amp;feed_story_type=117&amp;action_history=%5B%7B%22surface%22%3A%22permalink%22%2C%22mechanism%22%3A%22surface%22%2C%22extra_data%22%3A%5B%5D%7D%5D\" target=\"_blank\" rel=\"noopener noreferrer\">Journ\u00e9e d'orientation 2016 2\u00e8me \u00e9dition<\/a><\/strong><\/span>\r\n<span style=\"color: #3366ff;\">\r\n<a style=\"color: #3366ff;\" href=\"https:\/\/www.uca.ma\/public\/files\/docs\/site-166-55cf320624f139a638bb9ec8565d11f6-1927665001.pdf\" target=\"_blank\" rel=\"noopener noreferrer\"><strong>Rapport d\u2019activit\u00e9s 2015-2016<\/strong><\/a>\r\n<\/span><\/span><\/pre>\n<p><span style=\"font-family: arial, helvetica, sans-serif; font-size: 14pt;\"><a href=\"https:\/\/www.facebook.com\/adlests\" target=\"_blank\" rel=\"noopener noreferrer\"><img loading=\"lazy\" decoding=\"async\" class=\"\" src=\"https:\/\/www.uca.ma\/public\/files\/images\/site-166-54d2f168e4d9021c017c55ebd6b73476-1939602214.png\" alt=\"\" width=\"274\" height=\"94\" \/><\/a><\/span><\/p>\n<div class=\"social-share\"><\/div>\n","protected":false},"excerpt":{"rendered":"<p>QUI SOMMES-NOUS ? L\u2019association des laur\u00e9ats de l\u2019Ecole Sup\u00e9rieure de Technologie de SAFI est une association \u00e0 but non lucratif sans aucune appartenance politique qui a \u00e9t\u00e9 cr\u00e9\u00e9 le 24 Novembre 2011.Cette association a pour objectif de cr\u00e9er un lien entre les laur\u00e9ats et les \u00e9tudiants de l\u2019\u00e9cole sup\u00e9rieure de technologie de Safi. Elle met<\/p>\n","protected":false},"author":1,"featured_media":0,"parent":0,"menu_order":0,"comment_status":"closed","ping_status":"closed","template":"","meta":{"footnotes":""},"class_list":["post-109","page","type-page","status-publish","hentry"],"_links":{"self":[{"href":"https:\/\/www.ests.uca.ma\/index.php?rest_route=\/wp\/v2\/pages\/109","targetHints":{"allow":["GET"]}}],"collection":[{"href":"https:\/\/www.ests.uca.ma\/index.php?rest_route=\/wp\/v2\/pages"}],"about":[{"href":"https:\/\/www.ests.uca.ma\/index.php?rest_route=\/wp\/v2\/types\/page"}],"author":[{"embeddable":true,"href":"https:\/\/www.ests.uca.ma\/index.php?rest_route=\/wp\/v2\/users\/1"}],"replies":[{"embeddable":true,"href":"https:\/\/www.ests.uca.ma\/index.php?rest_route=%2Fwp%2Fv2%2Fcomments&post=109"}],"version-history":[{"count":3,"href":"https:\/\/www.ests.uca.ma\/index.php?rest_route=\/wp\/v2\/pages\/109\/revisions"}],"predecessor-version":[{"id":266,"href":"https:\/\/www.ests.uca.ma\/index.php?rest_route=\/wp\/v2\/pages\/109\/revisions\/266"}],"wp:attachment":[{"href":"https:\/\/www.ests.uca.ma\/index.php?rest_route=%2Fwp%2Fv2%2Fmedia&parent=109"}],"curies":[{"name":"wp","href":"https:\/\/api.w.org\/{rel}","templated":true}]}}